{"id":177224,"date":"2025-11-14T20:04:54","date_gmt":"2025-11-14T20:04:54","guid":{"rendered":"https:\/\/promis.ro\/product\/boutique-wristlet-keyring\/"},"modified":"2025-11-14T20:13:52","modified_gmt":"2025-11-14T20:13:52","slug":"boutique-wristlet-keyring","status":"publish","type":"product","link":"https:\/\/promis.ro\/ro\/produs\/boutique-wristlet-keyring\/","title":{"rendered":"Boutique Wristlet Keyring"},"content":{"rendered":"<p><strong>100% poliuretan<\/strong> (aspect piele)<\/p>\n<ul>\n<li>Saffiano bob fin<\/li>\n<li>Clem\u0103 pentru cheie din metal cu str\u0103lucire mare<\/li>\n<li>Conceput pentru decorare<\/li>\n<li>Curea de m\u00e2n\u0103 compatibil\u0103 cu gen\u021bi \u0219i accesorii din colec\u021bia boutique<\/li>\n<li>Dimensiuni: 13 x 2,6 cm<\/li>\n<li>Max. suprafata de imprimare: 8 x 1,5 cm<\/li>\n<\/ul>","protected":false},"excerpt":{"rendered":"<p>100% poliuretan (aspect piele) Saffiano bob fin Clem\u0103 pentru cheie din metal cu str\u0103lucire mare Conceput pentru decorare Curea de<\/p>","protected":false},"featured_media":177221,"comment_status":"open","ping_status":"closed","template":"","meta":[],"product_brand":[],"product_cat":[169],"product_tag":[],"class_list":{"0":"post-177224","1":"product","2":"type-product","3":"status-publish","4":"has-post-thumbnail","6":"product_cat-ghiozdane","8":"first","9":"instock","10":"shipping-taxable","11":"purchasable","12":"product-type-variable"},"_links":{"self":[{"href":"https:\/\/promis.ro\/ro\/wp-json\/wp\/v2\/product\/177224","targetHints":{"allow":["GET"]}}],"collection":[{"href":"https:\/\/promis.ro\/ro\/wp-json\/wp\/v2\/product"}],"about":[{"href":"https:\/\/promis.ro\/ro\/wp-json\/wp\/v2\/types\/product"}],"replies":[{"embeddable":true,"href":"https:\/\/promis.ro\/ro\/wp-json\/wp\/v2\/comments?post=177224"}],"version-history":[{"count":1,"href":"https:\/\/promis.ro\/ro\/wp-json\/wp\/v2\/product\/177224\/revisions"}],"predecessor-version":[{"id":178971,"href":"https:\/\/promis.ro\/ro\/wp-json\/wp\/v2\/product\/177224\/revisions\/178971"}],"wp:featuredmedia":[{"embeddable":true,"href":"https:\/\/promis.ro\/ro\/wp-json\/wp\/v2\/media\/177221"}],"wp:attachment":[{"href":"https:\/\/promis.ro\/ro\/wp-json\/wp\/v2\/media?parent=177224"}],"wp:term":[{"taxonomy":"product_brand","embeddable":true,"href":"https:\/\/promis.ro\/ro\/wp-json\/wp\/v2\/product_brand?post=177224"},{"taxonomy":"product_cat","embeddable":true,"href":"https:\/\/promis.ro\/ro\/wp-json\/wp\/v2\/product_cat?post=177224"},{"taxonomy":"product_tag","embeddable":true,"href":"https:\/\/promis.ro\/ro\/wp-json\/wp\/v2\/product_tag?post=177224"}],"curies":[{"name":"wp","href":"https:\/\/api.w.org\/{rel}","templated":true}]}}