{"id":177230,"date":"2025-11-14T20:04:59","date_gmt":"2025-11-14T20:04:59","guid":{"rendered":"https:\/\/promis.ro\/product\/heavy-duty-workwear-trouser-length-34\/"},"modified":"2025-11-14T20:13:59","modified_gmt":"2025-11-14T20:13:59","slug":"heavy-duty-workwear-trouser-length-34","status":"publish","type":"product","link":"https:\/\/promis.ro\/ro\/produs\/heavy-duty-workwear-trouser-length-34\/","title":{"rendered":"Heavy Duty Workwear Trouser Length 34&#8243;"},"content":{"rendered":"<p><strong>Greutate:<\/strong> 260 g\/m\u00b2<\/p>\n<p><strong>Compozi\u021bie:<\/strong> 65% poliester, 35% bumbac canvas<\/p>\n<p><strong>Caracteristici:<\/strong><\/p>\n<ul>\n<li>suprafa\u0163\u0103 rezistent\u0103 la murd\u0103rire Teflon<\/li>\n<li>cus\u0103tur\u0103 tripl\u0103 la marginile buzunarelor \u015fi cus\u0103turi interioare<\/li>\n<li>buzunare \u00een spate, una dintre acestea se \u00eenchide cu scai<\/li>\n<li>buzunare tip cargo cu mai multe compartimente, se afl\u0103 pe picior<\/li>\n<li>posibilitatea de sp\u0103lare \u00een ma\u015fina de sp\u0103lat automat\u0103 la temperatura de maxim 60\u00b0C, se poate usca \u00een ma\u015fina de uscat<\/li>\n<li>buzunar pentru telefonul mobil sub talie<\/li>\n<li>buzunare pentru protec\u0163ia genunchilor (max. 21 x 15 cm)<\/li>\n<li>DuPont\u2122 Teflon\u00ae fabric protector<\/li>\n<\/ul>\n<p><strong>Disponibilitate:<\/strong> Mai multe m\u0103rimi pentru acest stil, v\u0103 rug\u0103m s\u0103 consulta\u021bi produsul 976.00 \u0219i 978.00.<\/p>","protected":false},"excerpt":{"rendered":"<p>Greutate: 260 g\/m\u00b2 Compozi\u021bie: 65% poliester, 35% bumbac canvas Caracteristici: suprafa\u0163\u0103 rezistent\u0103 la murd\u0103rire Teflon cus\u0103tur\u0103 tripl\u0103 la marginile buzunarelor<\/p>","protected":false},"featured_media":177225,"comment_status":"open","ping_status":"closed","template":"","meta":[],"product_brand":[],"product_cat":[193],"product_tag":[],"class_list":{"0":"post-177230","1":"product","2":"type-product","3":"status-publish","4":"has-post-thumbnail","6":"product_cat-ploaie-si-frig","8":"first","9":"instock","10":"shipping-taxable","11":"purchasable","12":"product-type-variable"},"_links":{"self":[{"href":"https:\/\/promis.ro\/ro\/wp-json\/wp\/v2\/product\/177230","targetHints":{"allow":["GET"]}}],"collection":[{"href":"https:\/\/promis.ro\/ro\/wp-json\/wp\/v2\/product"}],"about":[{"href":"https:\/\/promis.ro\/ro\/wp-json\/wp\/v2\/types\/product"}],"replies":[{"embeddable":true,"href":"https:\/\/promis.ro\/ro\/wp-json\/wp\/v2\/comments?post=177230"}],"version-history":[{"count":1,"href":"https:\/\/promis.ro\/ro\/wp-json\/wp\/v2\/product\/177230\/revisions"}],"predecessor-version":[{"id":178998,"href":"https:\/\/promis.ro\/ro\/wp-json\/wp\/v2\/product\/177230\/revisions\/178998"}],"wp:featuredmedia":[{"embeddable":true,"href":"https:\/\/promis.ro\/ro\/wp-json\/wp\/v2\/media\/177225"}],"wp:attachment":[{"href":"https:\/\/promis.ro\/ro\/wp-json\/wp\/v2\/media?parent=177230"}],"wp:term":[{"taxonomy":"product_brand","embeddable":true,"href":"https:\/\/promis.ro\/ro\/wp-json\/wp\/v2\/product_brand?post=177230"},{"taxonomy":"product_cat","embeddable":true,"href":"https:\/\/promis.ro\/ro\/wp-json\/wp\/v2\/product_cat?post=177230"},{"taxonomy":"product_tag","embeddable":true,"href":"https:\/\/promis.ro\/ro\/wp-json\/wp\/v2\/product_tag?post=177230"}],"curies":[{"name":"wp","href":"https:\/\/api.w.org\/{rel}","templated":true}]}}