{"id":177242,"date":"2025-11-14T20:05:11","date_gmt":"2025-11-14T20:05:11","guid":{"rendered":"https:\/\/promis.ro\/product\/matte-pu-weekender\/"},"modified":"2025-11-14T20:13:56","modified_gmt":"2025-11-14T20:13:56","slug":"matte-pu-weekender","status":"publish","type":"product","link":"https:\/\/promis.ro\/ro\/produs\/matte-pu-weekender\/","title":{"rendered":"Matte PU Weekender"},"content":{"rendered":"<p><strong>100% poliester (reciclat) cu acoperire PU<\/strong><\/p>\n<ul>\n<li>F\u0103r\u0103 PVC<\/li>\n<li>Aspect modern mat \u0219i stil minimalist<\/li>\n<li>Rezisten\u021b\u0103 la ap\u0103<\/li>\n<li>M\u00e2nere de transport cu band\u0103 \u0219i \u00eenveli\u0219 pentru m\u00e2ner din material textil<\/li>\n<li>Compartiment principal cu fermoar extra lung pentru acces u\u0219or<\/li>\n<li>Buzunar interior pentru obiecte de valoare cu fermoar<\/li>\n<li>Panou de baz\u0103 cu dou\u0103 straturi pentru durabilitate<\/li>\n<li>Etichet\u0103 TearAway pentru u\u0219urin\u021ba rebrandingului<\/li>\n<li>Capacitate: 28 litri<\/li>\n<li>Dimensiuni: 53 x 24 x 27 cm<\/li>\n<li>Max. broderie: 22 cerc tubular<\/li>\n<li>Max. suprafa\u021b\u0103 de imprimare: 36 x 25 cm<\/li>\n<\/ul>","protected":false},"excerpt":{"rendered":"<p>100% poliester (reciclat) cu acoperire PU F\u0103r\u0103 PVC Aspect modern mat \u0219i stil minimalist Rezisten\u021b\u0103 la ap\u0103 M\u00e2nere de transport<\/p>","protected":false},"featured_media":177237,"comment_status":"open","ping_status":"closed","template":"","meta":[],"product_brand":[],"product_cat":[169],"product_tag":[],"class_list":{"0":"post-177242","1":"product","2":"type-product","3":"status-publish","4":"has-post-thumbnail","6":"product_cat-ghiozdane","8":"first","9":"instock","10":"shipping-taxable","11":"purchasable","12":"product-type-variable"},"_links":{"self":[{"href":"https:\/\/promis.ro\/ro\/wp-json\/wp\/v2\/product\/177242","targetHints":{"allow":["GET"]}}],"collection":[{"href":"https:\/\/promis.ro\/ro\/wp-json\/wp\/v2\/product"}],"about":[{"href":"https:\/\/promis.ro\/ro\/wp-json\/wp\/v2\/types\/product"}],"replies":[{"embeddable":true,"href":"https:\/\/promis.ro\/ro\/wp-json\/wp\/v2\/comments?post=177242"}],"version-history":[{"count":1,"href":"https:\/\/promis.ro\/ro\/wp-json\/wp\/v2\/product\/177242\/revisions"}],"predecessor-version":[{"id":178988,"href":"https:\/\/promis.ro\/ro\/wp-json\/wp\/v2\/product\/177242\/revisions\/178988"}],"wp:featuredmedia":[{"embeddable":true,"href":"https:\/\/promis.ro\/ro\/wp-json\/wp\/v2\/media\/177237"}],"wp:attachment":[{"href":"https:\/\/promis.ro\/ro\/wp-json\/wp\/v2\/media?parent=177242"}],"wp:term":[{"taxonomy":"product_brand","embeddable":true,"href":"https:\/\/promis.ro\/ro\/wp-json\/wp\/v2\/product_brand?post=177242"},{"taxonomy":"product_cat","embeddable":true,"href":"https:\/\/promis.ro\/ro\/wp-json\/wp\/v2\/product_cat?post=177242"},{"taxonomy":"product_tag","embeddable":true,"href":"https:\/\/promis.ro\/ro\/wp-json\/wp\/v2\/product_tag?post=177242"}],"curies":[{"name":"wp","href":"https:\/\/api.w.org\/{rel}","templated":true}]}}