{"id":177254,"date":"2025-11-14T20:05:22","date_gmt":"2025-11-14T20:05:22","guid":{"rendered":"https:\/\/promis.ro\/product\/work-guard-action-trousers-long\/"},"modified":"2025-11-14T20:13:57","modified_gmt":"2025-11-14T20:13:57","slug":"work-guard-action-trousers-long","status":"publish","type":"product","link":"https:\/\/promis.ro\/ro\/produs\/work-guard-action-trousers-long\/","title":{"rendered":"Work-Guard Action Trousers Long"},"content":{"rendered":"<p><strong>Specifica\u021bii:<\/strong><\/p>\n<ul>\n<li>270 g\/m\u00b2<\/li>\n<li>65% poliester, 35% bumbac<\/li>\n<li>Fermoar frontal cu clape<\/li>\n<li>Pantaloni cu talie reglabil\u0103 cu g\u0103ici de curea<\/li>\n<li>Buzunare laterale pentru \u00eenc\u0103lzirea m\u00e2inii \u015fi multe alte buzunare<\/li>\n<li>Cus\u0103turi duble, la punctele critice, cus\u0103turi \u00eent\u0103ritoare<\/li>\n<li>Finisare durabil\u0103<\/li>\n<li>Lungime de 34&#8243;, cu o rezerv\u0103 de material de 5 cm pentru picioare mai lungi<\/li>\n<li>Pe produs se pot executa broderii.<\/li>\n<li>Mai multe m\u0103rimi pentru acest stil, v\u0103 rug\u0103m s\u0103 consulta\u021bi produsul 908.33.<\/li>\n<li><strong>CULOARE \u00ceNCHIS\u0102:<\/strong> 2 culori sunt retrase din colec\u021bia Falk&amp;Ross (ele sunt \u00eenc\u0103 listate de brand).<\/li>\n<\/ul>","protected":false},"excerpt":{"rendered":"<p>Specifica\u021bii: 270 g\/m\u00b2 65% poliester, 35% bumbac Fermoar frontal cu clape Pantaloni cu talie reglabil\u0103 cu g\u0103ici de curea Buzunare<\/p>","protected":false},"featured_media":177249,"comment_status":"open","ping_status":"closed","template":"","meta":[],"product_brand":[],"product_cat":[193],"product_tag":[],"class_list":{"0":"post-177254","1":"product","2":"type-product","3":"status-publish","4":"has-post-thumbnail","6":"product_cat-ploaie-si-frig","8":"first","9":"instock","10":"shipping-taxable","11":"purchasable","12":"product-type-variable"},"_links":{"self":[{"href":"https:\/\/promis.ro\/ro\/wp-json\/wp\/v2\/product\/177254","targetHints":{"allow":["GET"]}}],"collection":[{"href":"https:\/\/promis.ro\/ro\/wp-json\/wp\/v2\/product"}],"about":[{"href":"https:\/\/promis.ro\/ro\/wp-json\/wp\/v2\/types\/product"}],"replies":[{"embeddable":true,"href":"https:\/\/promis.ro\/ro\/wp-json\/wp\/v2\/comments?post=177254"}],"version-history":[{"count":1,"href":"https:\/\/promis.ro\/ro\/wp-json\/wp\/v2\/product\/177254\/revisions"}],"predecessor-version":[{"id":178995,"href":"https:\/\/promis.ro\/ro\/wp-json\/wp\/v2\/product\/177254\/revisions\/178995"}],"wp:featuredmedia":[{"embeddable":true,"href":"https:\/\/promis.ro\/ro\/wp-json\/wp\/v2\/media\/177249"}],"wp:attachment":[{"href":"https:\/\/promis.ro\/ro\/wp-json\/wp\/v2\/media?parent=177254"}],"wp:term":[{"taxonomy":"product_brand","embeddable":true,"href":"https:\/\/promis.ro\/ro\/wp-json\/wp\/v2\/product_brand?post=177254"},{"taxonomy":"product_cat","embeddable":true,"href":"https:\/\/promis.ro\/ro\/wp-json\/wp\/v2\/product_cat?post=177254"},{"taxonomy":"product_tag","embeddable":true,"href":"https:\/\/promis.ro\/ro\/wp-json\/wp\/v2\/product_tag?post=177254"}],"curies":[{"name":"wp","href":"https:\/\/api.w.org\/{rel}","templated":true}]}}