{"id":177260,"date":"2025-11-14T20:05:28","date_gmt":"2025-11-14T20:05:28","guid":{"rendered":"https:\/\/promis.ro\/product\/matte-pu-shoe-accessory-bag\/"},"modified":"2025-11-14T20:13:57","modified_gmt":"2025-11-14T20:13:57","slug":"matte-pu-shoe-accessory-bag","status":"publish","type":"product","link":"https:\/\/promis.ro\/ro\/produs\/matte-pu-shoe-accessory-bag\/","title":{"rendered":"Matte PU Shoe\/Accessory Bag"},"content":{"rendered":"<p><strong>100% poliester (reciclat) cu acoperire PU<\/strong><\/p>\n<p><strong>F\u0103r\u0103 PVC<\/strong><\/p>\n<p><strong>Aspect modern mat \u0219i stil minimalist<\/strong><\/p>\n<p><strong>Rezisten\u021b\u0103 la ap\u0103<\/strong><\/p>\n<p><strong>Cu m\u00e2ner<\/strong><\/p>\n<p><strong>Utilizare multifunc\u021bional\u0103<\/strong><\/p>\n<ul>\n<li>Un compartiment principal cu fermoar extra lung pentru un acces u\u0219or<\/li>\n<li>Etichet\u0103 TearAway pentru u\u0219urin\u021ba rebrandingului<\/li>\n<li>Capacitate: 8 litri<\/li>\n<li>Dimensiuni: 35 x 13 x 18 cm<\/li>\n<li>Max. broderie: 14 cerc tubular<\/li>\n<li>Max. suprafa\u021b\u0103 de imprimare: 30 x 12 cm<\/li>\n<\/ul>","protected":false},"excerpt":{"rendered":"<p>100% poliester (reciclat) cu acoperire PU F\u0103r\u0103 PVC Aspect modern mat \u0219i stil minimalist Rezisten\u021b\u0103 la ap\u0103 Cu m\u00e2ner Utilizare<\/p>","protected":false},"featured_media":177255,"comment_status":"open","ping_status":"closed","template":"","meta":[],"product_brand":[],"product_cat":[169],"product_tag":[],"class_list":{"0":"post-177260","1":"product","2":"type-product","3":"status-publish","4":"has-post-thumbnail","6":"product_cat-ghiozdane","8":"first","9":"instock","10":"shipping-taxable","11":"purchasable","12":"product-type-variable"},"_links":{"self":[{"href":"https:\/\/promis.ro\/ro\/wp-json\/wp\/v2\/product\/177260","targetHints":{"allow":["GET"]}}],"collection":[{"href":"https:\/\/promis.ro\/ro\/wp-json\/wp\/v2\/product"}],"about":[{"href":"https:\/\/promis.ro\/ro\/wp-json\/wp\/v2\/types\/product"}],"replies":[{"embeddable":true,"href":"https:\/\/promis.ro\/ro\/wp-json\/wp\/v2\/comments?post=177260"}],"version-history":[{"count":1,"href":"https:\/\/promis.ro\/ro\/wp-json\/wp\/v2\/product\/177260\/revisions"}],"predecessor-version":[{"id":178993,"href":"https:\/\/promis.ro\/ro\/wp-json\/wp\/v2\/product\/177260\/revisions\/178993"}],"wp:featuredmedia":[{"embeddable":true,"href":"https:\/\/promis.ro\/ro\/wp-json\/wp\/v2\/media\/177255"}],"wp:attachment":[{"href":"https:\/\/promis.ro\/ro\/wp-json\/wp\/v2\/media?parent=177260"}],"wp:term":[{"taxonomy":"product_brand","embeddable":true,"href":"https:\/\/promis.ro\/ro\/wp-json\/wp\/v2\/product_brand?post=177260"},{"taxonomy":"product_cat","embeddable":true,"href":"https:\/\/promis.ro\/ro\/wp-json\/wp\/v2\/product_cat?post=177260"},{"taxonomy":"product_tag","embeddable":true,"href":"https:\/\/promis.ro\/ro\/wp-json\/wp\/v2\/product_tag?post=177260"}],"curies":[{"name":"wp","href":"https:\/\/api.w.org\/{rel}","templated":true}]}}