{"id":177266,"date":"2025-11-14T20:05:33","date_gmt":"2025-11-14T20:05:33","guid":{"rendered":"https:\/\/promis.ro\/product\/heavy-duty-workwear-trouser-length-32\/"},"modified":"2025-11-14T20:13:59","modified_gmt":"2025-11-14T20:13:59","slug":"heavy-duty-workwear-trouser-length-32","status":"publish","type":"product","link":"https:\/\/promis.ro\/ro\/produs\/heavy-duty-workwear-trouser-length-32\/","title":{"rendered":"Heavy Duty Workwear Trouser Length 32&#8243;"},"content":{"rendered":"<p><strong>Specifica\u021bii:<\/strong><\/p>\n<ul>\n<li>300 g\/m\u00b2<\/li>\n<li>65% poliester, 35% bumbac canvas<\/li>\n<li>suprafa\u0163\u0103 rezistent\u0103 la murd\u0103rire Teflon<\/li>\n<li>cus\u0103tur\u0103 tripl\u0103 la marginile buzunarelor \u015fi cus\u0103turi interioare<\/li>\n<li>buzunare \u00een spate, una dintre acestea se \u00eenchide cu scai<\/li>\n<li>buzunare tip cargo cu mai multe compartimente, se afl\u0103 pe picior<\/li>\n<li>posibilitatea de sp\u0103lare \u00een ma\u015fina de sp\u0103lat automat\u0103 la temperatura de maxim 60\u00b0C, se poate usca \u00een ma\u015fina de uscat<\/li>\n<li>buzunare tip cargo \u00een ambele piciori<\/li>\n<li>buzunar pentru telefonul mobil sub talie<\/li>\n<li>buzunar interior pentru protec\u0163ia genunchilor (max. 21 x 15 cm)<\/li>\n<li>Mai multe m\u0103rimi pentru acest stil, v\u0103 rug\u0103m s\u0103 consulta\u021bi produsul 976.00 \u015fi 980.00.<\/li>\n<\/ul>","protected":false},"excerpt":{"rendered":"<p>Specifica\u021bii: 300 g\/m\u00b2 65% poliester, 35% bumbac canvas suprafa\u0163\u0103 rezistent\u0103 la murd\u0103rire Teflon cus\u0103tur\u0103 tripl\u0103 la marginile buzunarelor \u015fi cus\u0103turi<\/p>","protected":false},"featured_media":177261,"comment_status":"open","ping_status":"closed","template":"","meta":[],"product_brand":[],"product_cat":[193],"product_tag":[],"class_list":{"0":"post-177266","1":"product","2":"type-product","3":"status-publish","4":"has-post-thumbnail","6":"product_cat-ploaie-si-frig","8":"first","9":"instock","10":"shipping-taxable","11":"purchasable","12":"product-type-variable"},"_links":{"self":[{"href":"https:\/\/promis.ro\/ro\/wp-json\/wp\/v2\/product\/177266","targetHints":{"allow":["GET"]}}],"collection":[{"href":"https:\/\/promis.ro\/ro\/wp-json\/wp\/v2\/product"}],"about":[{"href":"https:\/\/promis.ro\/ro\/wp-json\/wp\/v2\/types\/product"}],"replies":[{"embeddable":true,"href":"https:\/\/promis.ro\/ro\/wp-json\/wp\/v2\/comments?post=177266"}],"version-history":[{"count":1,"href":"https:\/\/promis.ro\/ro\/wp-json\/wp\/v2\/product\/177266\/revisions"}],"predecessor-version":[{"id":178999,"href":"https:\/\/promis.ro\/ro\/wp-json\/wp\/v2\/product\/177266\/revisions\/178999"}],"wp:featuredmedia":[{"embeddable":true,"href":"https:\/\/promis.ro\/ro\/wp-json\/wp\/v2\/media\/177261"}],"wp:attachment":[{"href":"https:\/\/promis.ro\/ro\/wp-json\/wp\/v2\/media?parent=177266"}],"wp:term":[{"taxonomy":"product_brand","embeddable":true,"href":"https:\/\/promis.ro\/ro\/wp-json\/wp\/v2\/product_brand?post=177266"},{"taxonomy":"product_cat","embeddable":true,"href":"https:\/\/promis.ro\/ro\/wp-json\/wp\/v2\/product_cat?post=177266"},{"taxonomy":"product_tag","embeddable":true,"href":"https:\/\/promis.ro\/ro\/wp-json\/wp\/v2\/product_tag?post=177266"}],"curies":[{"name":"wp","href":"https:\/\/api.w.org\/{rel}","templated":true}]}}