{"id":177272,"date":"2025-11-14T20:05:39","date_gmt":"2025-11-14T20:05:39","guid":{"rendered":"https:\/\/promis.ro\/product\/organic-cotton-unstructured-5-panel-cap\/"},"modified":"2025-11-14T20:13:56","modified_gmt":"2025-11-14T20:13:56","slug":"organic-cotton-unstructured-5-panel-cap","status":"publish","type":"product","link":"https:\/\/promis.ro\/ro\/produs\/organic-cotton-unstructured-5-panel-cap\/","title":{"rendered":"Organic Cotton Unstructured 5 Panel Cap"},"content":{"rendered":"<p><strong>100% bumbac (organic)<\/strong><\/p>\n<ul>\n<li>Design cu 5 panouri<\/li>\n<li>Coroana moale nestructurat\u0103<\/li>\n<li>V\u00e2rf plat<\/li>\n<li>Curea din \u021bes\u0103tur\u0103 proprie cu cataram\u0103 cu trei glisare<\/li>\n<li>Etichet\u0103 TearAway pentru u\u0219urin\u021ba rebrandingului.<\/li>\n<\/ul>","protected":false},"excerpt":{"rendered":"<p>100% bumbac (organic) Design cu 5 panouri Coroana moale nestructurat\u0103 V\u00e2rf plat Curea din \u021bes\u0103tur\u0103 proprie cu cataram\u0103 cu trei<\/p>","protected":false},"featured_media":177267,"comment_status":"open","ping_status":"closed","template":"","meta":[],"product_brand":[],"product_cat":[186],"product_tag":[],"class_list":{"0":"post-177272","1":"product","2":"type-product","3":"status-publish","4":"has-post-thumbnail","6":"product_cat-sepci-si-palarii","8":"first","9":"instock","10":"shipping-taxable","11":"purchasable","12":"product-type-variable"},"_links":{"self":[{"href":"https:\/\/promis.ro\/ro\/wp-json\/wp\/v2\/product\/177272","targetHints":{"allow":["GET"]}}],"collection":[{"href":"https:\/\/promis.ro\/ro\/wp-json\/wp\/v2\/product"}],"about":[{"href":"https:\/\/promis.ro\/ro\/wp-json\/wp\/v2\/types\/product"}],"replies":[{"embeddable":true,"href":"https:\/\/promis.ro\/ro\/wp-json\/wp\/v2\/comments?post=177272"}],"version-history":[{"count":1,"href":"https:\/\/promis.ro\/ro\/wp-json\/wp\/v2\/product\/177272\/revisions"}],"predecessor-version":[{"id":178987,"href":"https:\/\/promis.ro\/ro\/wp-json\/wp\/v2\/product\/177272\/revisions\/178987"}],"wp:featuredmedia":[{"embeddable":true,"href":"https:\/\/promis.ro\/ro\/wp-json\/wp\/v2\/media\/177267"}],"wp:attachment":[{"href":"https:\/\/promis.ro\/ro\/wp-json\/wp\/v2\/media?parent=177272"}],"wp:term":[{"taxonomy":"product_brand","embeddable":true,"href":"https:\/\/promis.ro\/ro\/wp-json\/wp\/v2\/product_brand?post=177272"},{"taxonomy":"product_cat","embeddable":true,"href":"https:\/\/promis.ro\/ro\/wp-json\/wp\/v2\/product_cat?post=177272"},{"taxonomy":"product_tag","embeddable":true,"href":"https:\/\/promis.ro\/ro\/wp-json\/wp\/v2\/product_tag?post=177272"}],"curies":[{"name":"wp","href":"https:\/\/api.w.org\/{rel}","templated":true}]}}