{"id":177278,"date":"2025-11-14T20:05:44","date_gmt":"2025-11-14T20:05:44","guid":{"rendered":"https:\/\/promis.ro\/product\/matte-pu-rolltop-backpack\/"},"modified":"2025-11-14T20:14:00","modified_gmt":"2025-11-14T20:14:00","slug":"matte-pu-rolltop-backpack","status":"publish","type":"product","link":"https:\/\/promis.ro\/ro\/produs\/matte-pu-rolltop-backpack\/","title":{"rendered":"Matte PU Rolltop Backpack"},"content":{"rendered":"<p><strong>100% poliester (reciclat) cu acoperire PU<\/strong><\/p>\n<p>F\u0103r\u0103 PVC<\/p>\n<p>Aspect modern mat \u0219i stil minimalist<\/p>\n<p>Rezisten\u021b\u0103 la ap\u0103<\/p>\n<p>M\u00e2ner de prindere \u0219i bretele de um\u0103r reglabile c\u0103ptu\u0219ite<\/p>\n<p>\u00cenchidere roll-top cu \u00eenchidere sigur\u0103 cu clem\u0103<\/p>\n<p>Hus\u0103 intern\u0103 c\u0103ptu\u0219it\u0103 pentru laptop, compatibil\u0103 p\u00e2n\u0103 la 15,6&#8243;<\/p>\n<p>Buzunar frontal cu fermoar<\/p>\n<p>Buzunar interior pentru sticl\u0103<\/p>\n<p>Panou de baz\u0103 cu dou\u0103 straturi pentru durabilitate<\/p>\n<p>Etichet\u0103 TearAway pentru u\u0219urin\u021ba rebrandingului<\/p>\n<ul>\n<li>Capacitate: 15 litri<\/li>\n<li>Dimensiuni: 28 x 43 x 13 cm<\/li>\n<li>Max. broderie: 20 cerc tubular<\/li>\n<li>Max. suprafa\u021b\u0103 de imprimare: 23 x 23 cm<\/li>\n<\/ul>","protected":false},"excerpt":{"rendered":"<p>100% poliester (reciclat) cu acoperire PU F\u0103r\u0103 PVC Aspect modern mat \u0219i stil minimalist Rezisten\u021b\u0103 la ap\u0103 M\u00e2ner de prindere<\/p>","protected":false},"featured_media":177273,"comment_status":"open","ping_status":"closed","template":"","meta":[],"product_brand":[],"product_cat":[169],"product_tag":[],"class_list":{"0":"post-177278","1":"product","2":"type-product","3":"status-publish","4":"has-post-thumbnail","6":"product_cat-ghiozdane","8":"first","9":"instock","10":"shipping-taxable","11":"purchasable","12":"product-type-variable"},"_links":{"self":[{"href":"https:\/\/promis.ro\/ro\/wp-json\/wp\/v2\/product\/177278","targetHints":{"allow":["GET"]}}],"collection":[{"href":"https:\/\/promis.ro\/ro\/wp-json\/wp\/v2\/product"}],"about":[{"href":"https:\/\/promis.ro\/ro\/wp-json\/wp\/v2\/types\/product"}],"replies":[{"embeddable":true,"href":"https:\/\/promis.ro\/ro\/wp-json\/wp\/v2\/comments?post=177278"}],"version-history":[{"count":1,"href":"https:\/\/promis.ro\/ro\/wp-json\/wp\/v2\/product\/177278\/revisions"}],"predecessor-version":[{"id":179001,"href":"https:\/\/promis.ro\/ro\/wp-json\/wp\/v2\/product\/177278\/revisions\/179001"}],"wp:featuredmedia":[{"embeddable":true,"href":"https:\/\/promis.ro\/ro\/wp-json\/wp\/v2\/media\/177273"}],"wp:attachment":[{"href":"https:\/\/promis.ro\/ro\/wp-json\/wp\/v2\/media?parent=177278"}],"wp:term":[{"taxonomy":"product_brand","embeddable":true,"href":"https:\/\/promis.ro\/ro\/wp-json\/wp\/v2\/product_brand?post=177278"},{"taxonomy":"product_cat","embeddable":true,"href":"https:\/\/promis.ro\/ro\/wp-json\/wp\/v2\/product_cat?post=177278"},{"taxonomy":"product_tag","embeddable":true,"href":"https:\/\/promis.ro\/ro\/wp-json\/wp\/v2\/product_tag?post=177278"}],"curies":[{"name":"wp","href":"https:\/\/api.w.org\/{rel}","templated":true}]}}