{"id":177290,"date":"2025-11-14T20:05:59","date_gmt":"2025-11-14T20:05:59","guid":{"rendered":"https:\/\/promis.ro\/product\/performance-pro-workwear-trousers\/"},"modified":"2025-11-14T20:14:01","modified_gmt":"2025-11-14T20:14:01","slug":"performance-pro-workwear-trousers","status":"publish","type":"product","link":"https:\/\/promis.ro\/ro\/produs\/performance-pro-workwear-trousers\/","title":{"rendered":"Performance Pro Workwear Trousers"},"content":{"rendered":"<p><strong>Specifica\u021bii produs:<\/strong><\/p>\n<ul>\n<li>245 g\/m\u00b2<\/li>\n<li>65% poliester, 35% bumbac twill cu \u00eent\u0103rire de Cordura<\/li>\n<li>Talie elastic\u0103, reglabil\u0103 cu g\u0103ici de curea<\/li>\n<li>Buzunare \u00een spate (pe partea dreapt\u0103 buzunar \u00eenchis cu scai \u015fi clap\u0103)<\/li>\n<li>Mai multe buzunare largi, \u00een plus buzunare care se afl\u0103 mai jos de talie<\/li>\n<li>Ag\u0103\u0163\u0103toare pentru cheie<\/li>\n<li>Buzunar tip cargo cu mai multe buzunare practice<\/li>\n<li>Buzunar pentru rulet\u0103 pe piciorul drept<\/li>\n<li>Buzunare exterioare pentru genunchiere (genunchiere nu sunt incluse)<\/li>\n<li>Se poate sp\u0103la \u00een ma\u015fina de sp\u0103lat la temperatura de p\u00e2n\u0103 la 60\u00b0C<\/li>\n<\/ul>","protected":false},"excerpt":{"rendered":"<p>Specifica\u021bii produs: 245 g\/m\u00b2 65% poliester, 35% bumbac twill cu \u00eent\u0103rire de Cordura Talie elastic\u0103, reglabil\u0103 cu g\u0103ici de curea<\/p>","protected":false},"featured_media":177285,"comment_status":"open","ping_status":"closed","template":"","meta":[],"product_brand":[],"product_cat":[193],"product_tag":[],"class_list":{"0":"post-177290","1":"product","2":"type-product","3":"status-publish","4":"has-post-thumbnail","6":"product_cat-ploaie-si-frig","8":"first","9":"instock","10":"shipping-taxable","11":"purchasable","12":"product-type-variable"},"_links":{"self":[{"href":"https:\/\/promis.ro\/ro\/wp-json\/wp\/v2\/product\/177290","targetHints":{"allow":["GET"]}}],"collection":[{"href":"https:\/\/promis.ro\/ro\/wp-json\/wp\/v2\/product"}],"about":[{"href":"https:\/\/promis.ro\/ro\/wp-json\/wp\/v2\/types\/product"}],"replies":[{"embeddable":true,"href":"https:\/\/promis.ro\/ro\/wp-json\/wp\/v2\/comments?post=177290"}],"version-history":[{"count":1,"href":"https:\/\/promis.ro\/ro\/wp-json\/wp\/v2\/product\/177290\/revisions"}],"predecessor-version":[{"id":179002,"href":"https:\/\/promis.ro\/ro\/wp-json\/wp\/v2\/product\/177290\/revisions\/179002"}],"wp:featuredmedia":[{"embeddable":true,"href":"https:\/\/promis.ro\/ro\/wp-json\/wp\/v2\/media\/177285"}],"wp:attachment":[{"href":"https:\/\/promis.ro\/ro\/wp-json\/wp\/v2\/media?parent=177290"}],"wp:term":[{"taxonomy":"product_brand","embeddable":true,"href":"https:\/\/promis.ro\/ro\/wp-json\/wp\/v2\/product_brand?post=177290"},{"taxonomy":"product_cat","embeddable":true,"href":"https:\/\/promis.ro\/ro\/wp-json\/wp\/v2\/product_cat?post=177290"},{"taxonomy":"product_tag","embeddable":true,"href":"https:\/\/promis.ro\/ro\/wp-json\/wp\/v2\/product_tag?post=177290"}],"curies":[{"name":"wp","href":"https:\/\/api.w.org\/{rel}","templated":true}]}}