{"id":179570,"date":"2025-11-14T20:40:29","date_gmt":"2025-11-14T20:40:29","guid":{"rendered":"https:\/\/promis.ro\/product\/vienna-childrens-apron\/"},"modified":"2025-11-14T20:48:11","modified_gmt":"2025-11-14T20:48:11","slug":"vienna-childrens-apron","status":"publish","type":"product","link":"https:\/\/promis.ro\/ro\/produs\/vienna-childrens-apron\/","title":{"rendered":"VIENNA Children\u2019s Apron"},"content":{"rendered":"<p><strong>Greutate:<\/strong> 205 g\/m\u00b2<\/p>\n<p><strong>Compozi\u021bie:<\/strong> 65% poliester, 35% bumbac<\/p>\n<p><strong>Caracteristici:<\/strong><\/p>\n<ul>\n<li>culori durabile<\/li>\n<li>u\u015for de \u00eentre\u0163inut<\/li>\n<li>vopsit reactiv<\/li>\n<li>\u015for\u0163 cu un \u015fnur de str\u00e2ngere la pieptar de siguran\u0163\u0103 (nu este pericol de sufocare)<\/li>\n<li>dimensiuni: 80 x 60 cm<\/li>\n<li>se poate sp\u0103la la temperatura de p\u00e2n\u0103 la 60\u00b0C<\/li>\n<\/ul>","protected":false},"excerpt":{"rendered":"<p>Greutate: 205 g\/m\u00b2 Compozi\u021bie: 65% poliester, 35% bumbac Caracteristici: culori durabile u\u015for de \u00eentre\u0163inut vopsit reactiv \u015for\u0163 cu un \u015fnur<\/p>","protected":false},"featured_media":179568,"comment_status":"open","ping_status":"closed","template":"","meta":[],"product_brand":[],"product_cat":[181],"product_tag":[],"class_list":{"0":"post-179570","1":"product","2":"type-product","3":"status-publish","4":"has-post-thumbnail","6":"product_cat-ingrijire-personala-si-farmaceutica","8":"first","9":"instock","10":"shipping-taxable","11":"purchasable","12":"product-type-variable"},"yoast_head":"<!-- This site is optimized with the Yoast SEO plugin v27.4 - https:\/\/yoast.com\/product\/yoast-seo-wordpress\/ -->\n<title>VIENNA Children\u2019s Apron - Promis.ro<\/title>\n<meta name=\"description\" content=\"Greutate: 205 g\/m\u00b2 Compozi\u021bie: 65% poliester, 35% bumbac Caracteristici: culori durabile u\u015for de \u00eentre\u0163inut vopsit reactiv \u015for\u0163 cu un \u015fnur de str\u00e2ngere la\" \/>\n<meta name=\"robots\" content=\"index, follow, max-snippet:-1, max-image-preview:large, max-video-preview:-1\" \/>\n<link rel=\"canonical\" href=\"https:\/\/promis.ro\/ro\/produs\/vienna-childrens-apron\/\" \/>\n<meta property=\"og:locale\" content=\"ro_RO\" \/>\n<meta property=\"og:type\" content=\"article\" \/>\n<meta property=\"og:title\" content=\"VIENNA Children\u2019s Apron - Promis.ro\" \/>\n<meta property=\"og:description\" content=\"Greutate: 205 g\/m\u00b2 Compozi\u021bie: 65% poliester, 35% bumbac Caracteristici: culori durabile u\u015for de \u00eentre\u0163inut vopsit reactiv \u015for\u0163 cu un \u015fnur de str\u00e2ngere la\" \/>\n<meta property=\"og:url\" content=\"https:\/\/promis.ro\/ro\/produs\/vienna-childrens-apron\/\" \/>\n<meta property=\"og:site_name\" content=\"Promis.ro\" \/>\n<meta property=\"article:modified_time\" content=\"2025-11-14T20:48:11+00:00\" \/>\n<meta property=\"og:image\" content=\"https:\/\/promis.ro\/wp-content\/uploads\/2025\/11\/946_59_601_m-2023_02.jpg\" \/>\n\t<meta property=\"og:image:width\" content=\"1024\" \/>\n\t<meta property=\"og:image:height\" content=\"1304\" \/>\n\t<meta property=\"og:image:type\" content=\"image\/jpeg\" \/>\n<meta name=\"twitter:card\" content=\"summary_large_image\" \/>\n<script type=\"application\/ld+json\" class=\"yoast-schema-graph\">{\"@context\":\"https:\\\/\\\/schema.org\",\"@graph\":[{\"@type\":\"WebPage\",\"@id\":\"https:\\\/\\\/promis.ro\\\/product\\\/vienna-childrens-apron\\\/\",\"url\":\"https:\\\/\\\/promis.ro\\\/product\\\/vienna-childrens-apron\\\/\",\"name\":\"VIENNA Children\u2019s Apron - Promis.ro\",\"isPartOf\":{\"@id\":\"https:\\\/\\\/promis.ro\\\/#website\"},\"primaryImageOfPage\":{\"@id\":\"https:\\\/\\\/promis.ro\\\/product\\\/vienna-childrens-apron\\\/#primaryimage\"},\"image\":{\"@id\":\"https:\\\/\\\/promis.ro\\\/product\\\/vienna-childrens-apron\\\/#primaryimage\"},\"thumbnailUrl\":\"https:\\\/\\\/promis.ro\\\/wp-content\\\/uploads\\\/2025\\\/11\\\/946_59_601_m-2023_02.jpg\",\"datePublished\":\"2025-11-14T20:40:29+00:00\",\"dateModified\":\"2025-11-14T20:48:11+00:00\",\"description\":\"Greutate: 205 g\\\/m\u00b2 Compozi\u021bie: 65% poliester, 35% bumbac Caracteristici: culori durabile u\u015for de \u00eentre\u0163inut vopsit reactiv \u015for\u0163 cu un \u015fnur de str\u00e2ngere la\",\"breadcrumb\":{\"@id\":\"https:\\\/\\\/promis.ro\\\/product\\\/vienna-childrens-apron\\\/#breadcrumb\"},\"inLanguage\":\"ro-RO\",\"potentialAction\":[{\"@type\":\"ReadAction\",\"target\":[\"https:\\\/\\\/promis.ro\\\/product\\\/vienna-childrens-apron\\\/\"]}]},{\"@type\":\"ImageObject\",\"inLanguage\":\"ro-RO\",\"@id\":\"https:\\\/\\\/promis.ro\\\/product\\\/vienna-childrens-apron\\\/#primaryimage\",\"url\":\"https:\\\/\\\/promis.ro\\\/wp-content\\\/uploads\\\/2025\\\/11\\\/946_59_601_m-2023_02.jpg\",\"contentUrl\":\"https:\\\/\\\/promis.ro\\\/wp-content\\\/uploads\\\/2025\\\/11\\\/946_59_601_m-2023_02.jpg\",\"width\":1024,\"height\":1304},{\"@type\":\"BreadcrumbList\",\"@id\":\"https:\\\/\\\/promis.ro\\\/product\\\/vienna-childrens-apron\\\/#breadcrumb\",\"itemListElement\":[{\"@type\":\"ListItem\",\"position\":1,\"name\":\"Home\",\"item\":\"https:\\\/\\\/promis.ro\\\/\"},{\"@type\":\"ListItem\",\"position\":2,\"name\":\"Magazin\",\"item\":\"https:\\\/\\\/promis.ro\\\/magazin\\\/\"},{\"@type\":\"ListItem\",\"position\":3,\"name\":\"VIENNA Children\u2019s Apron\"}]},{\"@type\":\"WebSite\",\"@id\":\"https:\\\/\\\/promis.ro\\\/#website\",\"url\":\"https:\\\/\\\/promis.ro\\\/\",\"name\":\"Promis.ro\",\"description\":\"\",\"potentialAction\":[{\"@type\":\"SearchAction\",\"target\":{\"@type\":\"EntryPoint\",\"urlTemplate\":\"https:\\\/\\\/promis.ro\\\/?s={search_term_string}\"},\"query-input\":{\"@type\":\"PropertyValueSpecification\",\"valueRequired\":true,\"valueName\":\"search_term_string\"}}],\"inLanguage\":\"ro-RO\"}]}<\/script>\n<!-- \/ Yoast SEO plugin. -->","yoast_head_json":{"title":"VIENNA Children\u2019s Apron - Promis.ro","description":"Greutate: 205 g\/m\u00b2 Compozi\u021bie: 65% poliester, 35% bumbac Caracteristici: culori durabile u\u015for de \u00eentre\u0163inut vopsit reactiv \u015for\u0163 cu un \u015fnur de str\u00e2ngere la","robots":{"index":"index","follow":"follow","max-snippet":"max-snippet:-1","max-image-preview":"max-image-preview:large","max-video-preview":"max-video-preview:-1"},"canonical":"https:\/\/promis.ro\/ro\/produs\/vienna-childrens-apron\/","og_locale":"ro_RO","og_type":"article","og_title":"VIENNA Children\u2019s Apron - Promis.ro","og_description":"Greutate: 205 g\/m\u00b2 Compozi\u021bie: 65% poliester, 35% bumbac Caracteristici: culori durabile u\u015for de \u00eentre\u0163inut vopsit reactiv \u015for\u0163 cu un \u015fnur de str\u00e2ngere la","og_url":"https:\/\/promis.ro\/ro\/produs\/vienna-childrens-apron\/","og_site_name":"Promis.ro","article_modified_time":"2025-11-14T20:48:11+00:00","og_image":[{"width":1024,"height":1304,"url":"https:\/\/promis.ro\/wp-content\/uploads\/2025\/11\/946_59_601_m-2023_02.jpg","type":"image\/jpeg"}],"twitter_card":"summary_large_image","schema":{"@context":"https:\/\/schema.org","@graph":[{"@type":"WebPage","@id":"https:\/\/promis.ro\/product\/vienna-childrens-apron\/","url":"https:\/\/promis.ro\/product\/vienna-childrens-apron\/","name":"VIENNA Children\u2019s Apron - Promis.ro","isPartOf":{"@id":"https:\/\/promis.ro\/#website"},"primaryImageOfPage":{"@id":"https:\/\/promis.ro\/product\/vienna-childrens-apron\/#primaryimage"},"image":{"@id":"https:\/\/promis.ro\/product\/vienna-childrens-apron\/#primaryimage"},"thumbnailUrl":"https:\/\/promis.ro\/wp-content\/uploads\/2025\/11\/946_59_601_m-2023_02.jpg","datePublished":"2025-11-14T20:40:29+00:00","dateModified":"2025-11-14T20:48:11+00:00","description":"Greutate: 205 g\/m\u00b2 Compozi\u021bie: 65% poliester, 35% bumbac Caracteristici: culori durabile u\u015for de \u00eentre\u0163inut vopsit reactiv \u015for\u0163 cu un \u015fnur de str\u00e2ngere la","breadcrumb":{"@id":"https:\/\/promis.ro\/product\/vienna-childrens-apron\/#breadcrumb"},"inLanguage":"ro-RO","potentialAction":[{"@type":"ReadAction","target":["https:\/\/promis.ro\/product\/vienna-childrens-apron\/"]}]},{"@type":"ImageObject","inLanguage":"ro-RO","@id":"https:\/\/promis.ro\/product\/vienna-childrens-apron\/#primaryimage","url":"https:\/\/promis.ro\/wp-content\/uploads\/2025\/11\/946_59_601_m-2023_02.jpg","contentUrl":"https:\/\/promis.ro\/wp-content\/uploads\/2025\/11\/946_59_601_m-2023_02.jpg","width":1024,"height":1304},{"@type":"BreadcrumbList","@id":"https:\/\/promis.ro\/product\/vienna-childrens-apron\/#breadcrumb","itemListElement":[{"@type":"ListItem","position":1,"name":"Home","item":"https:\/\/promis.ro\/"},{"@type":"ListItem","position":2,"name":"Magazin","item":"https:\/\/promis.ro\/magazin\/"},{"@type":"ListItem","position":3,"name":"VIENNA Children\u2019s Apron"}]},{"@type":"WebSite","@id":"https:\/\/promis.ro\/#website","url":"https:\/\/promis.ro\/","name":"Promis.ro","description":"","potentialAction":[{"@type":"SearchAction","target":{"@type":"EntryPoint","urlTemplate":"https:\/\/promis.ro\/?s={search_term_string}"},"query-input":{"@type":"PropertyValueSpecification","valueRequired":true,"valueName":"search_term_string"}}],"inLanguage":"ro-RO"}]}},"_links":{"self":[{"href":"https:\/\/promis.ro\/ro\/wp-json\/wp\/v2\/product\/179570","targetHints":{"allow":["GET"]}}],"collection":[{"href":"https:\/\/promis.ro\/ro\/wp-json\/wp\/v2\/product"}],"about":[{"href":"https:\/\/promis.ro\/ro\/wp-json\/wp\/v2\/types\/product"}],"replies":[{"embeddable":true,"href":"https:\/\/promis.ro\/ro\/wp-json\/wp\/v2\/comments?post=179570"}],"version-history":[{"count":1,"href":"https:\/\/promis.ro\/ro\/wp-json\/wp\/v2\/product\/179570\/revisions"}],"predecessor-version":[{"id":181777,"href":"https:\/\/promis.ro\/ro\/wp-json\/wp\/v2\/product\/179570\/revisions\/181777"}],"wp:featuredmedia":[{"embeddable":true,"href":"https:\/\/promis.ro\/ro\/wp-json\/wp\/v2\/media\/179568"}],"wp:attachment":[{"href":"https:\/\/promis.ro\/ro\/wp-json\/wp\/v2\/media?parent=179570"}],"wp:term":[{"taxonomy":"product_brand","embeddable":true,"href":"https:\/\/promis.ro\/ro\/wp-json\/wp\/v2\/product_brand?post=179570"},{"taxonomy":"product_cat","embeddable":true,"href":"https:\/\/promis.ro\/ro\/wp-json\/wp\/v2\/product_cat?post=179570"},{"taxonomy":"product_tag","embeddable":true,"href":"https:\/\/promis.ro\/ro\/wp-json\/wp\/v2\/product_tag?post=179570"}],"curies":[{"name":"wp","href":"https:\/\/api.w.org\/{rel}","templated":true}]}}