{"id":183990,"date":"2025-11-14T21:32:31","date_gmt":"2025-11-14T21:32:31","guid":{"rendered":"https:\/\/promis.ro\/product\/worksmock-marilies\/"},"modified":"2025-11-15T06:19:03","modified_gmt":"2025-11-15T06:19:03","slug":"worksmock-marilies","status":"publish","type":"product","link":"https:\/\/promis.ro\/ro\/produs\/worksmock-marilies\/","title":{"rendered":"Worksmock Marilies"},"content":{"rendered":"<p><strong>Specifica\u021bii:<\/strong><\/p>\n<ul>\n<li>215 g\/m\u00b2<\/li>\n<li>65% poliester 35% bumbac<\/li>\n<li>2 buzunare frontale<\/li>\n<li>band\u0103 pentru legare<\/li>\n<li>spatele pentru m\u0103rimea I cca 83 cm<\/li>\n<li>perfect pentru \u00eembr\u0103c\u0103minte industrial\u0103<\/li>\n<li>material de \u00eenalt\u0103 calitate<\/li>\n<li>u\u015for de \u00eentre\u0163inut<\/li>\n<li>se poate sp\u0103la la 60 de grade<\/li>\n<\/ul>","protected":false},"excerpt":{"rendered":"<p>Specifica\u021bii: 215 g\/m\u00b2 65% poliester 35% bumbac 2 buzunare frontale band\u0103 pentru legare spatele pentru m\u0103rimea I cca 83 cm<\/p>","protected":false},"featured_media":183987,"comment_status":"open","ping_status":"closed","template":"","meta":[],"product_brand":[],"product_cat":[181],"product_tag":[],"class_list":{"0":"post-183990","1":"product","2":"type-product","3":"status-publish","4":"has-post-thumbnail","6":"product_cat-ingrijire-personala-si-farmaceutica","8":"first","9":"instock","10":"shipping-taxable","11":"purchasable","12":"product-type-variable"},"yoast_head":"<!-- This site is optimized with the Yoast SEO plugin v27.4 - https:\/\/yoast.com\/product\/yoast-seo-wordpress\/ -->\n<title>Worksmock Marilies - Promis.ro<\/title>\n<meta name=\"description\" content=\"Specifica\u021bii: 215 g\/m\u00b2 65% poliester 35% bumbac 2 buzunare frontale band\u0103 pentru legare spatele pentru m\u0103rimea I cca 83 cm perfect pentru \u00eembr\u0103c\u0103minte\" \/>\n<meta name=\"robots\" content=\"index, follow, max-snippet:-1, max-image-preview:large, max-video-preview:-1\" \/>\n<link rel=\"canonical\" href=\"https:\/\/promis.ro\/ro\/produs\/worksmock-marilies\/\" \/>\n<meta property=\"og:locale\" content=\"ro_RO\" \/>\n<meta property=\"og:type\" content=\"article\" \/>\n<meta property=\"og:title\" content=\"Worksmock Marilies - Promis.ro\" \/>\n<meta property=\"og:description\" content=\"Specifica\u021bii: 215 g\/m\u00b2 65% poliester 35% bumbac 2 buzunare frontale band\u0103 pentru legare spatele pentru m\u0103rimea I cca 83 cm perfect pentru \u00eembr\u0103c\u0103minte\" \/>\n<meta property=\"og:url\" content=\"https:\/\/promis.ro\/ro\/produs\/worksmock-marilies\/\" \/>\n<meta property=\"og:site_name\" content=\"Promis.ro\" \/>\n<meta property=\"article:modified_time\" content=\"2025-11-15T06:19:03+00:00\" \/>\n<meta property=\"og:image\" content=\"https:\/\/promis.ro\/wp-content\/uploads\/2025\/11\/921_67_161_m-2025_01.jpg\" \/>\n\t<meta property=\"og:image:width\" content=\"1024\" \/>\n\t<meta property=\"og:image:height\" content=\"1304\" \/>\n\t<meta property=\"og:image:type\" content=\"image\/jpeg\" \/>\n<meta name=\"twitter:card\" content=\"summary_large_image\" \/>\n<script type=\"application\/ld+json\" class=\"yoast-schema-graph\">{\"@context\":\"https:\\\/\\\/schema.org\",\"@graph\":[{\"@type\":\"WebPage\",\"@id\":\"https:\\\/\\\/promis.ro\\\/product\\\/worksmock-marilies\\\/\",\"url\":\"https:\\\/\\\/promis.ro\\\/product\\\/worksmock-marilies\\\/\",\"name\":\"Worksmock Marilies - Promis.ro\",\"isPartOf\":{\"@id\":\"https:\\\/\\\/promis.ro\\\/#website\"},\"primaryImageOfPage\":{\"@id\":\"https:\\\/\\\/promis.ro\\\/product\\\/worksmock-marilies\\\/#primaryimage\"},\"image\":{\"@id\":\"https:\\\/\\\/promis.ro\\\/product\\\/worksmock-marilies\\\/#primaryimage\"},\"thumbnailUrl\":\"https:\\\/\\\/promis.ro\\\/wp-content\\\/uploads\\\/2025\\\/11\\\/921_67_161_m-2025_01.jpg\",\"datePublished\":\"2025-11-14T21:32:31+00:00\",\"dateModified\":\"2025-11-15T06:19:03+00:00\",\"description\":\"Specifica\u021bii: 215 g\\\/m\u00b2 65% poliester 35% bumbac 2 buzunare frontale band\u0103 pentru legare spatele pentru m\u0103rimea I cca 83 cm perfect pentru \u00eembr\u0103c\u0103minte\",\"breadcrumb\":{\"@id\":\"https:\\\/\\\/promis.ro\\\/product\\\/worksmock-marilies\\\/#breadcrumb\"},\"inLanguage\":\"ro-RO\",\"potentialAction\":[{\"@type\":\"ReadAction\",\"target\":[\"https:\\\/\\\/promis.ro\\\/product\\\/worksmock-marilies\\\/\"]}]},{\"@type\":\"ImageObject\",\"inLanguage\":\"ro-RO\",\"@id\":\"https:\\\/\\\/promis.ro\\\/product\\\/worksmock-marilies\\\/#primaryimage\",\"url\":\"https:\\\/\\\/promis.ro\\\/wp-content\\\/uploads\\\/2025\\\/11\\\/921_67_161_m-2025_01.jpg\",\"contentUrl\":\"https:\\\/\\\/promis.ro\\\/wp-content\\\/uploads\\\/2025\\\/11\\\/921_67_161_m-2025_01.jpg\",\"width\":1024,\"height\":1304},{\"@type\":\"BreadcrumbList\",\"@id\":\"https:\\\/\\\/promis.ro\\\/product\\\/worksmock-marilies\\\/#breadcrumb\",\"itemListElement\":[{\"@type\":\"ListItem\",\"position\":1,\"name\":\"Home\",\"item\":\"https:\\\/\\\/promis.ro\\\/\"},{\"@type\":\"ListItem\",\"position\":2,\"name\":\"Magazin\",\"item\":\"https:\\\/\\\/promis.ro\\\/magazin\\\/\"},{\"@type\":\"ListItem\",\"position\":3,\"name\":\"Worksmock Marilies\"}]},{\"@type\":\"WebSite\",\"@id\":\"https:\\\/\\\/promis.ro\\\/#website\",\"url\":\"https:\\\/\\\/promis.ro\\\/\",\"name\":\"Promis.ro\",\"description\":\"\",\"potentialAction\":[{\"@type\":\"SearchAction\",\"target\":{\"@type\":\"EntryPoint\",\"urlTemplate\":\"https:\\\/\\\/promis.ro\\\/?s={search_term_string}\"},\"query-input\":{\"@type\":\"PropertyValueSpecification\",\"valueRequired\":true,\"valueName\":\"search_term_string\"}}],\"inLanguage\":\"ro-RO\"}]}<\/script>\n<!-- \/ Yoast SEO plugin. -->","yoast_head_json":{"title":"Worksmock Marilies - Promis.ro","description":"Specifica\u021bii: 215 g\/m\u00b2 65% poliester 35% bumbac 2 buzunare frontale band\u0103 pentru legare spatele pentru m\u0103rimea I cca 83 cm perfect pentru \u00eembr\u0103c\u0103minte","robots":{"index":"index","follow":"follow","max-snippet":"max-snippet:-1","max-image-preview":"max-image-preview:large","max-video-preview":"max-video-preview:-1"},"canonical":"https:\/\/promis.ro\/ro\/produs\/worksmock-marilies\/","og_locale":"ro_RO","og_type":"article","og_title":"Worksmock Marilies - Promis.ro","og_description":"Specifica\u021bii: 215 g\/m\u00b2 65% poliester 35% bumbac 2 buzunare frontale band\u0103 pentru legare spatele pentru m\u0103rimea I cca 83 cm perfect pentru \u00eembr\u0103c\u0103minte","og_url":"https:\/\/promis.ro\/ro\/produs\/worksmock-marilies\/","og_site_name":"Promis.ro","article_modified_time":"2025-11-15T06:19:03+00:00","og_image":[{"width":1024,"height":1304,"url":"https:\/\/promis.ro\/wp-content\/uploads\/2025\/11\/921_67_161_m-2025_01.jpg","type":"image\/jpeg"}],"twitter_card":"summary_large_image","schema":{"@context":"https:\/\/schema.org","@graph":[{"@type":"WebPage","@id":"https:\/\/promis.ro\/product\/worksmock-marilies\/","url":"https:\/\/promis.ro\/product\/worksmock-marilies\/","name":"Worksmock Marilies - Promis.ro","isPartOf":{"@id":"https:\/\/promis.ro\/#website"},"primaryImageOfPage":{"@id":"https:\/\/promis.ro\/product\/worksmock-marilies\/#primaryimage"},"image":{"@id":"https:\/\/promis.ro\/product\/worksmock-marilies\/#primaryimage"},"thumbnailUrl":"https:\/\/promis.ro\/wp-content\/uploads\/2025\/11\/921_67_161_m-2025_01.jpg","datePublished":"2025-11-14T21:32:31+00:00","dateModified":"2025-11-15T06:19:03+00:00","description":"Specifica\u021bii: 215 g\/m\u00b2 65% poliester 35% bumbac 2 buzunare frontale band\u0103 pentru legare spatele pentru m\u0103rimea I cca 83 cm perfect pentru \u00eembr\u0103c\u0103minte","breadcrumb":{"@id":"https:\/\/promis.ro\/product\/worksmock-marilies\/#breadcrumb"},"inLanguage":"ro-RO","potentialAction":[{"@type":"ReadAction","target":["https:\/\/promis.ro\/product\/worksmock-marilies\/"]}]},{"@type":"ImageObject","inLanguage":"ro-RO","@id":"https:\/\/promis.ro\/product\/worksmock-marilies\/#primaryimage","url":"https:\/\/promis.ro\/wp-content\/uploads\/2025\/11\/921_67_161_m-2025_01.jpg","contentUrl":"https:\/\/promis.ro\/wp-content\/uploads\/2025\/11\/921_67_161_m-2025_01.jpg","width":1024,"height":1304},{"@type":"BreadcrumbList","@id":"https:\/\/promis.ro\/product\/worksmock-marilies\/#breadcrumb","itemListElement":[{"@type":"ListItem","position":1,"name":"Home","item":"https:\/\/promis.ro\/"},{"@type":"ListItem","position":2,"name":"Magazin","item":"https:\/\/promis.ro\/magazin\/"},{"@type":"ListItem","position":3,"name":"Worksmock Marilies"}]},{"@type":"WebSite","@id":"https:\/\/promis.ro\/#website","url":"https:\/\/promis.ro\/","name":"Promis.ro","description":"","potentialAction":[{"@type":"SearchAction","target":{"@type":"EntryPoint","urlTemplate":"https:\/\/promis.ro\/?s={search_term_string}"},"query-input":{"@type":"PropertyValueSpecification","valueRequired":true,"valueName":"search_term_string"}}],"inLanguage":"ro-RO"}]}},"_links":{"self":[{"href":"https:\/\/promis.ro\/ro\/wp-json\/wp\/v2\/product\/183990","targetHints":{"allow":["GET"]}}],"collection":[{"href":"https:\/\/promis.ro\/ro\/wp-json\/wp\/v2\/product"}],"about":[{"href":"https:\/\/promis.ro\/ro\/wp-json\/wp\/v2\/types\/product"}],"replies":[{"embeddable":true,"href":"https:\/\/promis.ro\/ro\/wp-json\/wp\/v2\/comments?post=183990"}],"version-history":[{"count":1,"href":"https:\/\/promis.ro\/ro\/wp-json\/wp\/v2\/product\/183990\/revisions"}],"predecessor-version":[{"id":262164,"href":"https:\/\/promis.ro\/ro\/wp-json\/wp\/v2\/product\/183990\/revisions\/262164"}],"wp:featuredmedia":[{"embeddable":true,"href":"https:\/\/promis.ro\/ro\/wp-json\/wp\/v2\/media\/183987"}],"wp:attachment":[{"href":"https:\/\/promis.ro\/ro\/wp-json\/wp\/v2\/media?parent=183990"}],"wp:term":[{"taxonomy":"product_brand","embeddable":true,"href":"https:\/\/promis.ro\/ro\/wp-json\/wp\/v2\/product_brand?post=183990"},{"taxonomy":"product_cat","embeddable":true,"href":"https:\/\/promis.ro\/ro\/wp-json\/wp\/v2\/product_cat?post=183990"},{"taxonomy":"product_tag","embeddable":true,"href":"https:\/\/promis.ro\/ro\/wp-json\/wp\/v2\/product_tag?post=183990"}],"curies":[{"name":"wp","href":"https:\/\/api.w.org\/{rel}","templated":true}]}}