{"id":185601,"date":"2025-11-14T21:43:55","date_gmt":"2025-11-14T21:43:55","guid":{"rendered":"https:\/\/promis.ro\/product\/seville-accessories-and-toiletry-pouch\/"},"modified":"2025-11-15T06:20:01","modified_gmt":"2025-11-15T06:20:01","slug":"seville-accessories-and-toiletry-pouch","status":"publish","type":"product","link":"https:\/\/promis.ro\/ro\/produs\/seville-accessories-and-toiletry-pouch\/","title":{"rendered":"Seville Accessories and Toiletry Pouch"},"content":{"rendered":"<p><strong>100% poliester<\/strong> (600D, amestec)<\/p>\n<ul>\n<li>Accesorii practice hus\u0103 sau geant\u0103 de toalet\u0103 de c\u0103l\u0103torie<\/li>\n<li>M\u00e2ner superior<\/li>\n<li>Un compartiment principal cu buzunar cu fermoar interior<\/li>\n<li>Un compartiment principal cu curea de cauciuc pentru a \u021bine accesoriile<\/li>\n<li>Capacitate: <strong>5 litri<\/strong><\/li>\n<li>Dimensiuni: <strong>25 x 12 x 19 cm<\/strong><\/li>\n<li>Potrivit pentru transfer, serigrafie sau broderie<\/li>\n<li>Max. broderie: <strong>10 cercuri tubulare<\/strong><\/li>\n<li>Max. suprafa\u021b\u0103 de imprimare: <strong>17 x 12 cm<\/strong><\/li>\n<\/ul>","protected":false},"excerpt":{"rendered":"<p>100% poliester (600D, amestec) Accesorii practice hus\u0103 sau geant\u0103 de toalet\u0103 de c\u0103l\u0103torie M\u00e2ner superior Un compartiment principal cu buzunar<\/p>","protected":false},"featured_media":185598,"comment_status":"open","ping_status":"closed","template":"","meta":[],"product_brand":[],"product_cat":[169],"product_tag":[],"class_list":{"0":"post-185601","1":"product","2":"type-product","3":"status-publish","4":"has-post-thumbnail","6":"product_cat-ghiozdane","8":"first","9":"instock","10":"shipping-taxable","11":"purchasable","12":"product-type-variable"},"yoast_head":"<!-- This site is optimized with the Yoast SEO plugin v27.4 - https:\/\/yoast.com\/product\/yoast-seo-wordpress\/ -->\n<title>Seville Accessories and Toiletry Pouch - Promis.ro<\/title>\n<meta name=\"description\" content=\"100% poliester (600D, amestec) Accesorii practice hus\u0103 sau geant\u0103 de toalet\u0103 de c\u0103l\u0103torie M\u00e2ner superior Un compartiment principal cu buzunar cu fermoar\" \/>\n<meta name=\"robots\" content=\"index, follow, max-snippet:-1, max-image-preview:large, max-video-preview:-1\" \/>\n<link rel=\"canonical\" href=\"https:\/\/promis.ro\/ro\/produs\/seville-accessories-and-toiletry-pouch\/\" \/>\n<meta property=\"og:locale\" content=\"ro_RO\" \/>\n<meta property=\"og:type\" content=\"article\" \/>\n<meta property=\"og:title\" content=\"Seville Accessories and Toiletry Pouch - Promis.ro\" \/>\n<meta property=\"og:description\" content=\"100% poliester (600D, amestec) Accesorii practice hus\u0103 sau geant\u0103 de toalet\u0103 de c\u0103l\u0103torie M\u00e2ner superior Un compartiment principal cu buzunar cu fermoar\" \/>\n<meta property=\"og:url\" content=\"https:\/\/promis.ro\/ro\/produs\/seville-accessories-and-toiletry-pouch\/\" \/>\n<meta property=\"og:site_name\" content=\"Promis.ro\" \/>\n<meta property=\"article:modified_time\" content=\"2025-11-15T06:20:01+00:00\" \/>\n<meta property=\"og:image\" content=\"https:\/\/promis.ro\/wp-content\/uploads\/2025\/11\/905_38_136_m-2020_01.jpg\" \/>\n\t<meta property=\"og:image:width\" content=\"1024\" \/>\n\t<meta property=\"og:image:height\" content=\"1304\" \/>\n\t<meta property=\"og:image:type\" content=\"image\/jpeg\" \/>\n<meta name=\"twitter:card\" content=\"summary_large_image\" \/>\n<script type=\"application\/ld+json\" class=\"yoast-schema-graph\">{\"@context\":\"https:\\\/\\\/schema.org\",\"@graph\":[{\"@type\":\"WebPage\",\"@id\":\"https:\\\/\\\/promis.ro\\\/product\\\/seville-accessories-and-toiletry-pouch\\\/\",\"url\":\"https:\\\/\\\/promis.ro\\\/product\\\/seville-accessories-and-toiletry-pouch\\\/\",\"name\":\"Seville Accessories and Toiletry Pouch - Promis.ro\",\"isPartOf\":{\"@id\":\"https:\\\/\\\/promis.ro\\\/#website\"},\"primaryImageOfPage\":{\"@id\":\"https:\\\/\\\/promis.ro\\\/product\\\/seville-accessories-and-toiletry-pouch\\\/#primaryimage\"},\"image\":{\"@id\":\"https:\\\/\\\/promis.ro\\\/product\\\/seville-accessories-and-toiletry-pouch\\\/#primaryimage\"},\"thumbnailUrl\":\"https:\\\/\\\/promis.ro\\\/wp-content\\\/uploads\\\/2025\\\/11\\\/905_38_136_m-2020_01.jpg\",\"datePublished\":\"2025-11-14T21:43:55+00:00\",\"dateModified\":\"2025-11-15T06:20:01+00:00\",\"description\":\"100% poliester (600D, amestec) Accesorii practice hus\u0103 sau geant\u0103 de toalet\u0103 de c\u0103l\u0103torie M\u00e2ner superior Un compartiment principal cu buzunar cu fermoar\",\"breadcrumb\":{\"@id\":\"https:\\\/\\\/promis.ro\\\/product\\\/seville-accessories-and-toiletry-pouch\\\/#breadcrumb\"},\"inLanguage\":\"ro-RO\",\"potentialAction\":[{\"@type\":\"ReadAction\",\"target\":[\"https:\\\/\\\/promis.ro\\\/product\\\/seville-accessories-and-toiletry-pouch\\\/\"]}]},{\"@type\":\"ImageObject\",\"inLanguage\":\"ro-RO\",\"@id\":\"https:\\\/\\\/promis.ro\\\/product\\\/seville-accessories-and-toiletry-pouch\\\/#primaryimage\",\"url\":\"https:\\\/\\\/promis.ro\\\/wp-content\\\/uploads\\\/2025\\\/11\\\/905_38_136_m-2020_01.jpg\",\"contentUrl\":\"https:\\\/\\\/promis.ro\\\/wp-content\\\/uploads\\\/2025\\\/11\\\/905_38_136_m-2020_01.jpg\",\"width\":1024,\"height\":1304},{\"@type\":\"BreadcrumbList\",\"@id\":\"https:\\\/\\\/promis.ro\\\/product\\\/seville-accessories-and-toiletry-pouch\\\/#breadcrumb\",\"itemListElement\":[{\"@type\":\"ListItem\",\"position\":1,\"name\":\"Home\",\"item\":\"https:\\\/\\\/promis.ro\\\/\"},{\"@type\":\"ListItem\",\"position\":2,\"name\":\"Magazin\",\"item\":\"https:\\\/\\\/promis.ro\\\/magazin\\\/\"},{\"@type\":\"ListItem\",\"position\":3,\"name\":\"Seville Accessories and Toiletry Pouch\"}]},{\"@type\":\"WebSite\",\"@id\":\"https:\\\/\\\/promis.ro\\\/#website\",\"url\":\"https:\\\/\\\/promis.ro\\\/\",\"name\":\"Promis.ro\",\"description\":\"\",\"potentialAction\":[{\"@type\":\"SearchAction\",\"target\":{\"@type\":\"EntryPoint\",\"urlTemplate\":\"https:\\\/\\\/promis.ro\\\/?s={search_term_string}\"},\"query-input\":{\"@type\":\"PropertyValueSpecification\",\"valueRequired\":true,\"valueName\":\"search_term_string\"}}],\"inLanguage\":\"ro-RO\"}]}<\/script>\n<!-- \/ Yoast SEO plugin. -->","yoast_head_json":{"title":"Seville Accessories and Toiletry Pouch - Promis.ro","description":"100% poliester (600D, amestec) Accesorii practice hus\u0103 sau geant\u0103 de toalet\u0103 de c\u0103l\u0103torie M\u00e2ner superior Un compartiment principal cu buzunar cu fermoar","robots":{"index":"index","follow":"follow","max-snippet":"max-snippet:-1","max-image-preview":"max-image-preview:large","max-video-preview":"max-video-preview:-1"},"canonical":"https:\/\/promis.ro\/ro\/produs\/seville-accessories-and-toiletry-pouch\/","og_locale":"ro_RO","og_type":"article","og_title":"Seville Accessories and Toiletry Pouch - Promis.ro","og_description":"100% poliester (600D, amestec) Accesorii practice hus\u0103 sau geant\u0103 de toalet\u0103 de c\u0103l\u0103torie M\u00e2ner superior Un compartiment principal cu buzunar cu fermoar","og_url":"https:\/\/promis.ro\/ro\/produs\/seville-accessories-and-toiletry-pouch\/","og_site_name":"Promis.ro","article_modified_time":"2025-11-15T06:20:01+00:00","og_image":[{"width":1024,"height":1304,"url":"https:\/\/promis.ro\/wp-content\/uploads\/2025\/11\/905_38_136_m-2020_01.jpg","type":"image\/jpeg"}],"twitter_card":"summary_large_image","schema":{"@context":"https:\/\/schema.org","@graph":[{"@type":"WebPage","@id":"https:\/\/promis.ro\/product\/seville-accessories-and-toiletry-pouch\/","url":"https:\/\/promis.ro\/product\/seville-accessories-and-toiletry-pouch\/","name":"Seville Accessories and Toiletry Pouch - Promis.ro","isPartOf":{"@id":"https:\/\/promis.ro\/#website"},"primaryImageOfPage":{"@id":"https:\/\/promis.ro\/product\/seville-accessories-and-toiletry-pouch\/#primaryimage"},"image":{"@id":"https:\/\/promis.ro\/product\/seville-accessories-and-toiletry-pouch\/#primaryimage"},"thumbnailUrl":"https:\/\/promis.ro\/wp-content\/uploads\/2025\/11\/905_38_136_m-2020_01.jpg","datePublished":"2025-11-14T21:43:55+00:00","dateModified":"2025-11-15T06:20:01+00:00","description":"100% poliester (600D, amestec) Accesorii practice hus\u0103 sau geant\u0103 de toalet\u0103 de c\u0103l\u0103torie M\u00e2ner superior Un compartiment principal cu buzunar cu fermoar","breadcrumb":{"@id":"https:\/\/promis.ro\/product\/seville-accessories-and-toiletry-pouch\/#breadcrumb"},"inLanguage":"ro-RO","potentialAction":[{"@type":"ReadAction","target":["https:\/\/promis.ro\/product\/seville-accessories-and-toiletry-pouch\/"]}]},{"@type":"ImageObject","inLanguage":"ro-RO","@id":"https:\/\/promis.ro\/product\/seville-accessories-and-toiletry-pouch\/#primaryimage","url":"https:\/\/promis.ro\/wp-content\/uploads\/2025\/11\/905_38_136_m-2020_01.jpg","contentUrl":"https:\/\/promis.ro\/wp-content\/uploads\/2025\/11\/905_38_136_m-2020_01.jpg","width":1024,"height":1304},{"@type":"BreadcrumbList","@id":"https:\/\/promis.ro\/product\/seville-accessories-and-toiletry-pouch\/#breadcrumb","itemListElement":[{"@type":"ListItem","position":1,"name":"Home","item":"https:\/\/promis.ro\/"},{"@type":"ListItem","position":2,"name":"Magazin","item":"https:\/\/promis.ro\/magazin\/"},{"@type":"ListItem","position":3,"name":"Seville Accessories and Toiletry Pouch"}]},{"@type":"WebSite","@id":"https:\/\/promis.ro\/#website","url":"https:\/\/promis.ro\/","name":"Promis.ro","description":"","potentialAction":[{"@type":"SearchAction","target":{"@type":"EntryPoint","urlTemplate":"https:\/\/promis.ro\/?s={search_term_string}"},"query-input":{"@type":"PropertyValueSpecification","valueRequired":true,"valueName":"search_term_string"}}],"inLanguage":"ro-RO"}]}},"_links":{"self":[{"href":"https:\/\/promis.ro\/ro\/wp-json\/wp\/v2\/product\/185601","targetHints":{"allow":["GET"]}}],"collection":[{"href":"https:\/\/promis.ro\/ro\/wp-json\/wp\/v2\/product"}],"about":[{"href":"https:\/\/promis.ro\/ro\/wp-json\/wp\/v2\/types\/product"}],"replies":[{"embeddable":true,"href":"https:\/\/promis.ro\/ro\/wp-json\/wp\/v2\/comments?post=185601"}],"version-history":[{"count":1,"href":"https:\/\/promis.ro\/ro\/wp-json\/wp\/v2\/product\/185601\/revisions"}],"predecessor-version":[{"id":262256,"href":"https:\/\/promis.ro\/ro\/wp-json\/wp\/v2\/product\/185601\/revisions\/262256"}],"wp:featuredmedia":[{"embeddable":true,"href":"https:\/\/promis.ro\/ro\/wp-json\/wp\/v2\/media\/185598"}],"wp:attachment":[{"href":"https:\/\/promis.ro\/ro\/wp-json\/wp\/v2\/media?parent=185601"}],"wp:term":[{"taxonomy":"product_brand","embeddable":true,"href":"https:\/\/promis.ro\/ro\/wp-json\/wp\/v2\/product_brand?post=185601"},{"taxonomy":"product_cat","embeddable":true,"href":"https:\/\/promis.ro\/ro\/wp-json\/wp\/v2\/product_cat?post=185601"},{"taxonomy":"product_tag","embeddable":true,"href":"https:\/\/promis.ro\/ro\/wp-json\/wp\/v2\/product_tag?post=185601"}],"curies":[{"name":"wp","href":"https:\/\/api.w.org\/{rel}","templated":true}]}}