{"id":185607,"date":"2025-11-14T21:44:00","date_gmt":"2025-11-14T21:44:00","guid":{"rendered":"https:\/\/promis.ro\/product\/work-guard-vostex-long-coat\/"},"modified":"2025-11-15T06:20:06","modified_gmt":"2025-11-15T06:20:06","slug":"work-guard-vostex-long-coat","status":"publish","type":"product","link":"https:\/\/promis.ro\/ro\/produs\/work-guard-vostex-long-coat\/","title":{"rendered":"Work-Guard Vostex Long Coat"},"content":{"rendered":"<p><strong>Specifica\u021bii:<\/strong><\/p>\n<ul>\n<li>275 g\/m\u00b2<\/li>\n<li>Material exterior: 100% poliester Oxford 300D acoperit cu un strat din PVC<\/li>\n<li>C\u0103ptu\u015feala: 100% poliester Taffeta 210T<\/li>\n<li>Rezistent la ap\u0103 \u015fi la v\u00e2nt 2000 mm<\/li>\n<li>Glug\u0103 reglabil\u0103 \u015fi deta\u015fabil\u0103, guler tricotat<\/li>\n<li>Cus\u0103turi acoperite<\/li>\n<li>Fermoar lung<\/li>\n<li>La baz\u0103 produsul se poate regla cu ajutorul unui \u015fnur<\/li>\n<li>Finisarea m\u00e2necilor reglabil\u0103 cu scai<\/li>\n<li>Inser\u0163ii reflectorizante<\/li>\n<li>Acces de decorare<\/li>\n<li>Pe produs se pot executa broderii \u015fi personaliz\u0103ri prin transfer<\/li>\n<\/ul>","protected":false},"excerpt":{"rendered":"<p>Specifica\u021bii: 275 g\/m\u00b2 Material exterior: 100% poliester Oxford 300D acoperit cu un strat din PVC C\u0103ptu\u015feala: 100% poliester Taffeta 210T<\/p>","protected":false},"featured_media":185602,"comment_status":"open","ping_status":"closed","template":"","meta":[],"product_brand":[],"product_cat":[193],"product_tag":[],"class_list":{"0":"post-185607","1":"product","2":"type-product","3":"status-publish","4":"has-post-thumbnail","6":"product_cat-ploaie-si-frig","8":"first","9":"instock","10":"shipping-taxable","11":"purchasable","12":"product-type-variable"},"yoast_head":"<!-- This site is optimized with the Yoast SEO plugin v27.4 - https:\/\/yoast.com\/product\/yoast-seo-wordpress\/ -->\n<title>Work-Guard Vostex Long Coat - Promis.ro<\/title>\n<meta name=\"description\" content=\"Specifica\u021bii: 275 g\/m\u00b2 Material exterior: 100% poliester Oxford 300D acoperit cu un strat din PVC C\u0103ptu\u015feala: 100% poliester Taffeta 210T Rezistent la ap\u0103\" \/>\n<meta name=\"robots\" content=\"index, follow, max-snippet:-1, max-image-preview:large, max-video-preview:-1\" \/>\n<link rel=\"canonical\" href=\"https:\/\/promis.ro\/ro\/produs\/work-guard-vostex-long-coat\/\" \/>\n<meta property=\"og:locale\" content=\"ro_RO\" \/>\n<meta property=\"og:type\" content=\"article\" \/>\n<meta property=\"og:title\" content=\"Work-Guard Vostex Long Coat - Promis.ro\" \/>\n<meta property=\"og:description\" content=\"Specifica\u021bii: 275 g\/m\u00b2 Material exterior: 100% poliester Oxford 300D acoperit cu un strat din PVC C\u0103ptu\u015feala: 100% poliester Taffeta 210T Rezistent la ap\u0103\" \/>\n<meta property=\"og:url\" content=\"https:\/\/promis.ro\/ro\/produs\/work-guard-vostex-long-coat\/\" \/>\n<meta property=\"og:site_name\" content=\"Promis.ro\" \/>\n<meta property=\"article:modified_time\" content=\"2025-11-15T06:20:06+00:00\" \/>\n<meta property=\"og:image\" content=\"https:\/\/promis.ro\/wp-content\/uploads\/2025\/11\/905_33_101_m-2022_01.jpg\" \/>\n\t<meta property=\"og:image:width\" content=\"1024\" \/>\n\t<meta property=\"og:image:height\" content=\"1304\" \/>\n\t<meta property=\"og:image:type\" content=\"image\/jpeg\" \/>\n<meta name=\"twitter:card\" content=\"summary_large_image\" \/>\n<script type=\"application\/ld+json\" class=\"yoast-schema-graph\">{\"@context\":\"https:\\\/\\\/schema.org\",\"@graph\":[{\"@type\":\"WebPage\",\"@id\":\"https:\\\/\\\/promis.ro\\\/product\\\/work-guard-vostex-long-coat\\\/\",\"url\":\"https:\\\/\\\/promis.ro\\\/product\\\/work-guard-vostex-long-coat\\\/\",\"name\":\"Work-Guard Vostex Long Coat - Promis.ro\",\"isPartOf\":{\"@id\":\"https:\\\/\\\/promis.ro\\\/#website\"},\"primaryImageOfPage\":{\"@id\":\"https:\\\/\\\/promis.ro\\\/product\\\/work-guard-vostex-long-coat\\\/#primaryimage\"},\"image\":{\"@id\":\"https:\\\/\\\/promis.ro\\\/product\\\/work-guard-vostex-long-coat\\\/#primaryimage\"},\"thumbnailUrl\":\"https:\\\/\\\/promis.ro\\\/wp-content\\\/uploads\\\/2025\\\/11\\\/905_33_101_m-2022_01.jpg\",\"datePublished\":\"2025-11-14T21:44:00+00:00\",\"dateModified\":\"2025-11-15T06:20:06+00:00\",\"description\":\"Specifica\u021bii: 275 g\\\/m\u00b2 Material exterior: 100% poliester Oxford 300D acoperit cu un strat din PVC C\u0103ptu\u015feala: 100% poliester Taffeta 210T Rezistent la ap\u0103\",\"breadcrumb\":{\"@id\":\"https:\\\/\\\/promis.ro\\\/product\\\/work-guard-vostex-long-coat\\\/#breadcrumb\"},\"inLanguage\":\"ro-RO\",\"potentialAction\":[{\"@type\":\"ReadAction\",\"target\":[\"https:\\\/\\\/promis.ro\\\/product\\\/work-guard-vostex-long-coat\\\/\"]}]},{\"@type\":\"ImageObject\",\"inLanguage\":\"ro-RO\",\"@id\":\"https:\\\/\\\/promis.ro\\\/product\\\/work-guard-vostex-long-coat\\\/#primaryimage\",\"url\":\"https:\\\/\\\/promis.ro\\\/wp-content\\\/uploads\\\/2025\\\/11\\\/905_33_101_m-2022_01.jpg\",\"contentUrl\":\"https:\\\/\\\/promis.ro\\\/wp-content\\\/uploads\\\/2025\\\/11\\\/905_33_101_m-2022_01.jpg\",\"width\":1024,\"height\":1304},{\"@type\":\"BreadcrumbList\",\"@id\":\"https:\\\/\\\/promis.ro\\\/product\\\/work-guard-vostex-long-coat\\\/#breadcrumb\",\"itemListElement\":[{\"@type\":\"ListItem\",\"position\":1,\"name\":\"Home\",\"item\":\"https:\\\/\\\/promis.ro\\\/\"},{\"@type\":\"ListItem\",\"position\":2,\"name\":\"Magazin\",\"item\":\"https:\\\/\\\/promis.ro\\\/magazin\\\/\"},{\"@type\":\"ListItem\",\"position\":3,\"name\":\"Work-Guard Vostex Long Coat\"}]},{\"@type\":\"WebSite\",\"@id\":\"https:\\\/\\\/promis.ro\\\/#website\",\"url\":\"https:\\\/\\\/promis.ro\\\/\",\"name\":\"Promis.ro\",\"description\":\"\",\"potentialAction\":[{\"@type\":\"SearchAction\",\"target\":{\"@type\":\"EntryPoint\",\"urlTemplate\":\"https:\\\/\\\/promis.ro\\\/?s={search_term_string}\"},\"query-input\":{\"@type\":\"PropertyValueSpecification\",\"valueRequired\":true,\"valueName\":\"search_term_string\"}}],\"inLanguage\":\"ro-RO\"}]}<\/script>\n<!-- \/ Yoast SEO plugin. -->","yoast_head_json":{"title":"Work-Guard Vostex Long Coat - Promis.ro","description":"Specifica\u021bii: 275 g\/m\u00b2 Material exterior: 100% poliester Oxford 300D acoperit cu un strat din PVC C\u0103ptu\u015feala: 100% poliester Taffeta 210T Rezistent la ap\u0103","robots":{"index":"index","follow":"follow","max-snippet":"max-snippet:-1","max-image-preview":"max-image-preview:large","max-video-preview":"max-video-preview:-1"},"canonical":"https:\/\/promis.ro\/ro\/produs\/work-guard-vostex-long-coat\/","og_locale":"ro_RO","og_type":"article","og_title":"Work-Guard Vostex Long Coat - Promis.ro","og_description":"Specifica\u021bii: 275 g\/m\u00b2 Material exterior: 100% poliester Oxford 300D acoperit cu un strat din PVC C\u0103ptu\u015feala: 100% poliester Taffeta 210T Rezistent la ap\u0103","og_url":"https:\/\/promis.ro\/ro\/produs\/work-guard-vostex-long-coat\/","og_site_name":"Promis.ro","article_modified_time":"2025-11-15T06:20:06+00:00","og_image":[{"width":1024,"height":1304,"url":"https:\/\/promis.ro\/wp-content\/uploads\/2025\/11\/905_33_101_m-2022_01.jpg","type":"image\/jpeg"}],"twitter_card":"summary_large_image","schema":{"@context":"https:\/\/schema.org","@graph":[{"@type":"WebPage","@id":"https:\/\/promis.ro\/product\/work-guard-vostex-long-coat\/","url":"https:\/\/promis.ro\/product\/work-guard-vostex-long-coat\/","name":"Work-Guard Vostex Long Coat - Promis.ro","isPartOf":{"@id":"https:\/\/promis.ro\/#website"},"primaryImageOfPage":{"@id":"https:\/\/promis.ro\/product\/work-guard-vostex-long-coat\/#primaryimage"},"image":{"@id":"https:\/\/promis.ro\/product\/work-guard-vostex-long-coat\/#primaryimage"},"thumbnailUrl":"https:\/\/promis.ro\/wp-content\/uploads\/2025\/11\/905_33_101_m-2022_01.jpg","datePublished":"2025-11-14T21:44:00+00:00","dateModified":"2025-11-15T06:20:06+00:00","description":"Specifica\u021bii: 275 g\/m\u00b2 Material exterior: 100% poliester Oxford 300D acoperit cu un strat din PVC C\u0103ptu\u015feala: 100% poliester Taffeta 210T Rezistent la ap\u0103","breadcrumb":{"@id":"https:\/\/promis.ro\/product\/work-guard-vostex-long-coat\/#breadcrumb"},"inLanguage":"ro-RO","potentialAction":[{"@type":"ReadAction","target":["https:\/\/promis.ro\/product\/work-guard-vostex-long-coat\/"]}]},{"@type":"ImageObject","inLanguage":"ro-RO","@id":"https:\/\/promis.ro\/product\/work-guard-vostex-long-coat\/#primaryimage","url":"https:\/\/promis.ro\/wp-content\/uploads\/2025\/11\/905_33_101_m-2022_01.jpg","contentUrl":"https:\/\/promis.ro\/wp-content\/uploads\/2025\/11\/905_33_101_m-2022_01.jpg","width":1024,"height":1304},{"@type":"BreadcrumbList","@id":"https:\/\/promis.ro\/product\/work-guard-vostex-long-coat\/#breadcrumb","itemListElement":[{"@type":"ListItem","position":1,"name":"Home","item":"https:\/\/promis.ro\/"},{"@type":"ListItem","position":2,"name":"Magazin","item":"https:\/\/promis.ro\/magazin\/"},{"@type":"ListItem","position":3,"name":"Work-Guard Vostex Long Coat"}]},{"@type":"WebSite","@id":"https:\/\/promis.ro\/#website","url":"https:\/\/promis.ro\/","name":"Promis.ro","description":"","potentialAction":[{"@type":"SearchAction","target":{"@type":"EntryPoint","urlTemplate":"https:\/\/promis.ro\/?s={search_term_string}"},"query-input":{"@type":"PropertyValueSpecification","valueRequired":true,"valueName":"search_term_string"}}],"inLanguage":"ro-RO"}]}},"_links":{"self":[{"href":"https:\/\/promis.ro\/ro\/wp-json\/wp\/v2\/product\/185607","targetHints":{"allow":["GET"]}}],"collection":[{"href":"https:\/\/promis.ro\/ro\/wp-json\/wp\/v2\/product"}],"about":[{"href":"https:\/\/promis.ro\/ro\/wp-json\/wp\/v2\/types\/product"}],"replies":[{"embeddable":true,"href":"https:\/\/promis.ro\/ro\/wp-json\/wp\/v2\/comments?post=185607"}],"version-history":[{"count":1,"href":"https:\/\/promis.ro\/ro\/wp-json\/wp\/v2\/product\/185607\/revisions"}],"predecessor-version":[{"id":262262,"href":"https:\/\/promis.ro\/ro\/wp-json\/wp\/v2\/product\/185607\/revisions\/262262"}],"wp:featuredmedia":[{"embeddable":true,"href":"https:\/\/promis.ro\/ro\/wp-json\/wp\/v2\/media\/185602"}],"wp:attachment":[{"href":"https:\/\/promis.ro\/ro\/wp-json\/wp\/v2\/media?parent=185607"}],"wp:term":[{"taxonomy":"product_brand","embeddable":true,"href":"https:\/\/promis.ro\/ro\/wp-json\/wp\/v2\/product_brand?post=185607"},{"taxonomy":"product_cat","embeddable":true,"href":"https:\/\/promis.ro\/ro\/wp-json\/wp\/v2\/product_cat?post=185607"},{"taxonomy":"product_tag","embeddable":true,"href":"https:\/\/promis.ro\/ro\/wp-json\/wp\/v2\/product_tag?post=185607"}],"curies":[{"name":"wp","href":"https:\/\/api.w.org\/{rel}","templated":true}]}}