{"id":193450,"date":"2025-11-14T22:30:21","date_gmt":"2025-11-14T22:30:21","guid":{"rendered":"https:\/\/promis.ro\/product\/womens-tailored-fit-shirt\/"},"modified":"2025-11-15T06:25:18","modified_gmt":"2025-11-15T06:25:18","slug":"womens-tailored-fit-shirt","status":"publish","type":"product","link":"https:\/\/promis.ro\/ro\/produs\/womens-tailored-fit-shirt\/","title":{"rendered":"Women&#8217;s Tailored Fit Shirt"},"content":{"rendered":"<p><strong>120 g\/m\u00b2<\/strong><\/p>\n<ul>\n<li>57% bumbac, 40% poliester, 3% lycra<\/li>\n<li>c\u0103ma\u015f\u0103 cu m\u00e2neca lung\u0103, din material u\u015for de \u00eentre\u0163inut<\/li>\n<li>guler u\u015for \u00eent\u0103rit<\/li>\n<li>nasturi \u00een culoarea produsului<\/li>\n<li>pense pe partea de fa\u0163\u0103 \u015fi pe spate subliniaz\u0103 figura<\/li>\n<li>baza produsului este rotunjit\u0103<\/li>\n<\/ul>","protected":false},"excerpt":{"rendered":"<p>120 g\/m\u00b2 57% bumbac, 40% poliester, 3% lycra c\u0103ma\u015f\u0103 cu m\u00e2neca lung\u0103, din material u\u015for de \u00eentre\u0163inut guler u\u015for \u00eent\u0103rit<\/p>","protected":false},"featured_media":193448,"comment_status":"open","ping_status":"closed","template":"","meta":[],"product_brand":[],"product_cat":[181],"product_tag":[],"class_list":{"0":"post-193450","1":"product","2":"type-product","3":"status-publish","4":"has-post-thumbnail","6":"product_cat-ingrijire-personala-si-farmaceutica","8":"first","9":"instock","10":"shipping-taxable","11":"purchasable","12":"product-type-variable"},"yoast_head":"<!-- This site is optimized with the Yoast SEO plugin v27.4 - https:\/\/yoast.com\/product\/yoast-seo-wordpress\/ -->\n<title>Women&#039;s Tailored Fit Shirt - Promis.ro<\/title>\n<meta name=\"description\" content=\"120 g\/m\u00b2 57% bumbac, 40% poliester, 3% lycra c\u0103ma\u015f\u0103 cu m\u00e2neca lung\u0103, din material u\u015for de \u00eentre\u0163inut guler u\u015for \u00eent\u0103rit nasturi \u00een culoarea produsului\" \/>\n<meta name=\"robots\" content=\"index, follow, max-snippet:-1, max-image-preview:large, max-video-preview:-1\" \/>\n<link rel=\"canonical\" href=\"https:\/\/promis.ro\/ro\/produs\/womens-tailored-fit-shirt\/\" \/>\n<meta property=\"og:locale\" content=\"ro_RO\" \/>\n<meta property=\"og:type\" content=\"article\" \/>\n<meta property=\"og:title\" content=\"Women&#039;s Tailored Fit Shirt - Promis.ro\" \/>\n<meta property=\"og:description\" content=\"120 g\/m\u00b2 57% bumbac, 40% poliester, 3% lycra c\u0103ma\u015f\u0103 cu m\u00e2neca lung\u0103, din material u\u015for de \u00eentre\u0163inut guler u\u015for \u00eent\u0103rit nasturi \u00een culoarea produsului\" \/>\n<meta property=\"og:url\" content=\"https:\/\/promis.ro\/ro\/produs\/womens-tailored-fit-shirt\/\" \/>\n<meta property=\"og:site_name\" content=\"Promis.ro\" \/>\n<meta property=\"article:modified_time\" content=\"2025-11-15T06:25:18+00:00\" \/>\n<meta property=\"og:image\" content=\"https:\/\/promis.ro\/wp-content\/uploads\/2025\/11\/751_11_101-f-2017_01.jpg\" \/>\n\t<meta property=\"og:image:width\" content=\"1024\" \/>\n\t<meta property=\"og:image:height\" content=\"1448\" \/>\n\t<meta property=\"og:image:type\" content=\"image\/jpeg\" \/>\n<meta name=\"twitter:card\" content=\"summary_large_image\" \/>\n<script type=\"application\/ld+json\" class=\"yoast-schema-graph\">{\"@context\":\"https:\\\/\\\/schema.org\",\"@graph\":[{\"@type\":\"WebPage\",\"@id\":\"https:\\\/\\\/promis.ro\\\/product\\\/womens-tailored-fit-shirt\\\/\",\"url\":\"https:\\\/\\\/promis.ro\\\/product\\\/womens-tailored-fit-shirt\\\/\",\"name\":\"Women's Tailored Fit Shirt - Promis.ro\",\"isPartOf\":{\"@id\":\"https:\\\/\\\/promis.ro\\\/#website\"},\"primaryImageOfPage\":{\"@id\":\"https:\\\/\\\/promis.ro\\\/product\\\/womens-tailored-fit-shirt\\\/#primaryimage\"},\"image\":{\"@id\":\"https:\\\/\\\/promis.ro\\\/product\\\/womens-tailored-fit-shirt\\\/#primaryimage\"},\"thumbnailUrl\":\"https:\\\/\\\/promis.ro\\\/wp-content\\\/uploads\\\/2025\\\/11\\\/751_11_101-f-2017_01.jpg\",\"datePublished\":\"2025-11-14T22:30:21+00:00\",\"dateModified\":\"2025-11-15T06:25:18+00:00\",\"description\":\"120 g\\\/m\u00b2 57% bumbac, 40% poliester, 3% lycra c\u0103ma\u015f\u0103 cu m\u00e2neca lung\u0103, din material u\u015for de \u00eentre\u0163inut guler u\u015for \u00eent\u0103rit nasturi \u00een culoarea produsului\",\"breadcrumb\":{\"@id\":\"https:\\\/\\\/promis.ro\\\/product\\\/womens-tailored-fit-shirt\\\/#breadcrumb\"},\"inLanguage\":\"ro-RO\",\"potentialAction\":[{\"@type\":\"ReadAction\",\"target\":[\"https:\\\/\\\/promis.ro\\\/product\\\/womens-tailored-fit-shirt\\\/\"]}]},{\"@type\":\"ImageObject\",\"inLanguage\":\"ro-RO\",\"@id\":\"https:\\\/\\\/promis.ro\\\/product\\\/womens-tailored-fit-shirt\\\/#primaryimage\",\"url\":\"https:\\\/\\\/promis.ro\\\/wp-content\\\/uploads\\\/2025\\\/11\\\/751_11_101-f-2017_01.jpg\",\"contentUrl\":\"https:\\\/\\\/promis.ro\\\/wp-content\\\/uploads\\\/2025\\\/11\\\/751_11_101-f-2017_01.jpg\",\"width\":1024,\"height\":1448},{\"@type\":\"BreadcrumbList\",\"@id\":\"https:\\\/\\\/promis.ro\\\/product\\\/womens-tailored-fit-shirt\\\/#breadcrumb\",\"itemListElement\":[{\"@type\":\"ListItem\",\"position\":1,\"name\":\"Home\",\"item\":\"https:\\\/\\\/promis.ro\\\/\"},{\"@type\":\"ListItem\",\"position\":2,\"name\":\"Magazin\",\"item\":\"https:\\\/\\\/promis.ro\\\/magazin\\\/\"},{\"@type\":\"ListItem\",\"position\":3,\"name\":\"Women&#8217;s Tailored Fit Shirt\"}]},{\"@type\":\"WebSite\",\"@id\":\"https:\\\/\\\/promis.ro\\\/#website\",\"url\":\"https:\\\/\\\/promis.ro\\\/\",\"name\":\"Promis.ro\",\"description\":\"\",\"potentialAction\":[{\"@type\":\"SearchAction\",\"target\":{\"@type\":\"EntryPoint\",\"urlTemplate\":\"https:\\\/\\\/promis.ro\\\/?s={search_term_string}\"},\"query-input\":{\"@type\":\"PropertyValueSpecification\",\"valueRequired\":true,\"valueName\":\"search_term_string\"}}],\"inLanguage\":\"ro-RO\"}]}<\/script>\n<!-- \/ Yoast SEO plugin. -->","yoast_head_json":{"title":"Women's Tailored Fit Shirt - Promis.ro","description":"120 g\/m\u00b2 57% bumbac, 40% poliester, 3% lycra c\u0103ma\u015f\u0103 cu m\u00e2neca lung\u0103, din material u\u015for de \u00eentre\u0163inut guler u\u015for \u00eent\u0103rit nasturi \u00een culoarea produsului","robots":{"index":"index","follow":"follow","max-snippet":"max-snippet:-1","max-image-preview":"max-image-preview:large","max-video-preview":"max-video-preview:-1"},"canonical":"https:\/\/promis.ro\/ro\/produs\/womens-tailored-fit-shirt\/","og_locale":"ro_RO","og_type":"article","og_title":"Women's Tailored Fit Shirt - Promis.ro","og_description":"120 g\/m\u00b2 57% bumbac, 40% poliester, 3% lycra c\u0103ma\u015f\u0103 cu m\u00e2neca lung\u0103, din material u\u015for de \u00eentre\u0163inut guler u\u015for \u00eent\u0103rit nasturi \u00een culoarea produsului","og_url":"https:\/\/promis.ro\/ro\/produs\/womens-tailored-fit-shirt\/","og_site_name":"Promis.ro","article_modified_time":"2025-11-15T06:25:18+00:00","og_image":[{"width":1024,"height":1448,"url":"https:\/\/promis.ro\/wp-content\/uploads\/2025\/11\/751_11_101-f-2017_01.jpg","type":"image\/jpeg"}],"twitter_card":"summary_large_image","schema":{"@context":"https:\/\/schema.org","@graph":[{"@type":"WebPage","@id":"https:\/\/promis.ro\/product\/womens-tailored-fit-shirt\/","url":"https:\/\/promis.ro\/product\/womens-tailored-fit-shirt\/","name":"Women's Tailored Fit Shirt - Promis.ro","isPartOf":{"@id":"https:\/\/promis.ro\/#website"},"primaryImageOfPage":{"@id":"https:\/\/promis.ro\/product\/womens-tailored-fit-shirt\/#primaryimage"},"image":{"@id":"https:\/\/promis.ro\/product\/womens-tailored-fit-shirt\/#primaryimage"},"thumbnailUrl":"https:\/\/promis.ro\/wp-content\/uploads\/2025\/11\/751_11_101-f-2017_01.jpg","datePublished":"2025-11-14T22:30:21+00:00","dateModified":"2025-11-15T06:25:18+00:00","description":"120 g\/m\u00b2 57% bumbac, 40% poliester, 3% lycra c\u0103ma\u015f\u0103 cu m\u00e2neca lung\u0103, din material u\u015for de \u00eentre\u0163inut guler u\u015for \u00eent\u0103rit nasturi \u00een culoarea produsului","breadcrumb":{"@id":"https:\/\/promis.ro\/product\/womens-tailored-fit-shirt\/#breadcrumb"},"inLanguage":"ro-RO","potentialAction":[{"@type":"ReadAction","target":["https:\/\/promis.ro\/product\/womens-tailored-fit-shirt\/"]}]},{"@type":"ImageObject","inLanguage":"ro-RO","@id":"https:\/\/promis.ro\/product\/womens-tailored-fit-shirt\/#primaryimage","url":"https:\/\/promis.ro\/wp-content\/uploads\/2025\/11\/751_11_101-f-2017_01.jpg","contentUrl":"https:\/\/promis.ro\/wp-content\/uploads\/2025\/11\/751_11_101-f-2017_01.jpg","width":1024,"height":1448},{"@type":"BreadcrumbList","@id":"https:\/\/promis.ro\/product\/womens-tailored-fit-shirt\/#breadcrumb","itemListElement":[{"@type":"ListItem","position":1,"name":"Home","item":"https:\/\/promis.ro\/"},{"@type":"ListItem","position":2,"name":"Magazin","item":"https:\/\/promis.ro\/magazin\/"},{"@type":"ListItem","position":3,"name":"Women&#8217;s Tailored Fit Shirt"}]},{"@type":"WebSite","@id":"https:\/\/promis.ro\/#website","url":"https:\/\/promis.ro\/","name":"Promis.ro","description":"","potentialAction":[{"@type":"SearchAction","target":{"@type":"EntryPoint","urlTemplate":"https:\/\/promis.ro\/?s={search_term_string}"},"query-input":{"@type":"PropertyValueSpecification","valueRequired":true,"valueName":"search_term_string"}}],"inLanguage":"ro-RO"}]}},"_links":{"self":[{"href":"https:\/\/promis.ro\/ro\/wp-json\/wp\/v2\/product\/193450","targetHints":{"allow":["GET"]}}],"collection":[{"href":"https:\/\/promis.ro\/ro\/wp-json\/wp\/v2\/product"}],"about":[{"href":"https:\/\/promis.ro\/ro\/wp-json\/wp\/v2\/types\/product"}],"replies":[{"embeddable":true,"href":"https:\/\/promis.ro\/ro\/wp-json\/wp\/v2\/comments?post=193450"}],"version-history":[{"count":1,"href":"https:\/\/promis.ro\/ro\/wp-json\/wp\/v2\/product\/193450\/revisions"}],"predecessor-version":[{"id":262537,"href":"https:\/\/promis.ro\/ro\/wp-json\/wp\/v2\/product\/193450\/revisions\/262537"}],"wp:featuredmedia":[{"embeddable":true,"href":"https:\/\/promis.ro\/ro\/wp-json\/wp\/v2\/media\/193448"}],"wp:attachment":[{"href":"https:\/\/promis.ro\/ro\/wp-json\/wp\/v2\/media?parent=193450"}],"wp:term":[{"taxonomy":"product_brand","embeddable":true,"href":"https:\/\/promis.ro\/ro\/wp-json\/wp\/v2\/product_brand?post=193450"},{"taxonomy":"product_cat","embeddable":true,"href":"https:\/\/promis.ro\/ro\/wp-json\/wp\/v2\/product_cat?post=193450"},{"taxonomy":"product_tag","embeddable":true,"href":"https:\/\/promis.ro\/ro\/wp-json\/wp\/v2\/product_tag?post=193450"}],"curies":[{"name":"wp","href":"https:\/\/api.w.org\/{rel}","templated":true}]}}