{"id":200863,"date":"2025-11-14T23:08:24","date_gmt":"2025-11-14T23:08:24","guid":{"rendered":"https:\/\/promis.ro\/product\/premium-canvas-organic-tote-lh\/"},"modified":"2025-11-15T06:29:55","modified_gmt":"2025-11-15T06:29:55","slug":"premium-canvas-organic-tote-lh","status":"publish","type":"product","link":"https:\/\/promis.ro\/ro\/produs\/premium-canvas-organic-tote-lh\/","title":{"rendered":"Premium Canvas Organic Tote LH"},"content":{"rendered":"<p><strong>Specifica\u021bii produs:<\/strong><\/p>\n<ul>\n<li>340 g\/m\u00b2<\/li>\n<li>100% bumbac (p\u00e2nz\u0103 organic\u0103)<\/li>\n<li>M\u00e2nere lungi (LH): aprox. 70 cm<\/li>\n<li>Cus\u0103turi \u00een cruce pe m\u00e2nere pentru mai mult\u0103 stabilitate<\/li>\n<li>Cus\u0103turi interioare cu cus\u0103turi overlock<\/li>\n<li>Numai sp\u0103lare de m\u00e2n\u0103 la cald<\/li>\n<li>Dimensiuni: 38 x 42 cm<\/li>\n<li>Max. suprafata de imprimare: 30 x 30 cm<\/li>\n<li>Potrivit pentru broderie, DTG, serigrafie \u0219i transfer (pungi c\u0103lcate).<\/li>\n<\/ul>","protected":false},"excerpt":{"rendered":"<p>Specifica\u021bii produs: 340 g\/m\u00b2 100% bumbac (p\u00e2nz\u0103 organic\u0103) M\u00e2nere lungi (LH): aprox. 70 cm Cus\u0103turi \u00een cruce pe m\u00e2nere pentru<\/p>","protected":false},"featured_media":200859,"comment_status":"open","ping_status":"closed","template":"","meta":[],"product_brand":[],"product_cat":[169],"product_tag":[],"class_list":{"0":"post-200863","1":"product","2":"type-product","3":"status-publish","4":"has-post-thumbnail","6":"product_cat-ghiozdane","8":"first","9":"instock","10":"shipping-taxable","11":"purchasable","12":"product-type-variable"},"_links":{"self":[{"href":"https:\/\/promis.ro\/ro\/wp-json\/wp\/v2\/product\/200863","targetHints":{"allow":["GET"]}}],"collection":[{"href":"https:\/\/promis.ro\/ro\/wp-json\/wp\/v2\/product"}],"about":[{"href":"https:\/\/promis.ro\/ro\/wp-json\/wp\/v2\/types\/product"}],"replies":[{"embeddable":true,"href":"https:\/\/promis.ro\/ro\/wp-json\/wp\/v2\/comments?post=200863"}],"version-history":[{"count":1,"href":"https:\/\/promis.ro\/ro\/wp-json\/wp\/v2\/product\/200863\/revisions"}],"predecessor-version":[{"id":262732,"href":"https:\/\/promis.ro\/ro\/wp-json\/wp\/v2\/product\/200863\/revisions\/262732"}],"wp:featuredmedia":[{"embeddable":true,"href":"https:\/\/promis.ro\/ro\/wp-json\/wp\/v2\/media\/200859"}],"wp:attachment":[{"href":"https:\/\/promis.ro\/ro\/wp-json\/wp\/v2\/media?parent=200863"}],"wp:term":[{"taxonomy":"product_brand","embeddable":true,"href":"https:\/\/promis.ro\/ro\/wp-json\/wp\/v2\/product_brand?post=200863"},{"taxonomy":"product_cat","embeddable":true,"href":"https:\/\/promis.ro\/ro\/wp-json\/wp\/v2\/product_cat?post=200863"},{"taxonomy":"product_tag","embeddable":true,"href":"https:\/\/promis.ro\/ro\/wp-json\/wp\/v2\/product_tag?post=200863"}],"curies":[{"name":"wp","href":"https:\/\/api.w.org\/{rel}","templated":true}]}}