{"id":200875,"date":"2025-11-14T23:08:37","date_gmt":"2025-11-14T23:08:37","guid":{"rendered":"https:\/\/promis.ro\/product\/earthaware-organic-accessory-pouch\/"},"modified":"2025-11-15T06:29:47","modified_gmt":"2025-11-15T06:29:47","slug":"earthaware-organic-accessory-pouch","status":"publish","type":"product","link":"https:\/\/promis.ro\/ro\/produs\/earthaware-organic-accessory-pouch\/","title":{"rendered":"EarthAware\u2122 Organic Accessory Pouch"},"content":{"rendered":"<p><strong>Specifica\u021bii produs:<\/strong><\/p>\n<ul>\n<li>407 g\/m\u00b2<\/li>\n<li>100% bumbac (p\u00e2nz\u0103 organic\u0103)<\/li>\n<li>Tesatura premium<\/li>\n<li>Geant\u0103 cu fermoar de potrivire<\/li>\n<li>Capacitate \u00een litri: 0,5 (S), 1 (M), 2 (L)<\/li>\n<li>Dimensiuni \u00een cm: 20 x 11,5 (S), 22.5 x 16 (M), 28 x 20 (L)<\/li>\n<li>Max. broderii \u00een bucl\u0103 tubular\u0103: 6 (S), 12 (M), 18 (L)<\/li>\n<li>Max. suprafa\u021ba de imprimare \u00een cm: 9 x 18 (S), 14 x 20 (M), 18 x 26 (L)<\/li>\n<\/ul>","protected":false},"excerpt":{"rendered":"<p>Specifica\u021bii produs: 407 g\/m\u00b2 100% bumbac (p\u00e2nz\u0103 organic\u0103) Tesatura premium Geant\u0103 cu fermoar de potrivire Capacitate \u00een litri: 0,5 (S),<\/p>","protected":false},"featured_media":200870,"comment_status":"open","ping_status":"closed","template":"","meta":[],"product_brand":[],"product_cat":[169],"product_tag":[],"class_list":{"0":"post-200875","1":"product","2":"type-product","3":"status-publish","4":"has-post-thumbnail","6":"product_cat-ghiozdane","8":"first","9":"instock","10":"shipping-taxable","11":"purchasable","12":"product-type-variable"},"_links":{"self":[{"href":"https:\/\/promis.ro\/ro\/wp-json\/wp\/v2\/product\/200875","targetHints":{"allow":["GET"]}}],"collection":[{"href":"https:\/\/promis.ro\/ro\/wp-json\/wp\/v2\/product"}],"about":[{"href":"https:\/\/promis.ro\/ro\/wp-json\/wp\/v2\/types\/product"}],"replies":[{"embeddable":true,"href":"https:\/\/promis.ro\/ro\/wp-json\/wp\/v2\/comments?post=200875"}],"version-history":[{"count":1,"href":"https:\/\/promis.ro\/ro\/wp-json\/wp\/v2\/product\/200875\/revisions"}],"predecessor-version":[{"id":262721,"href":"https:\/\/promis.ro\/ro\/wp-json\/wp\/v2\/product\/200875\/revisions\/262721"}],"wp:featuredmedia":[{"embeddable":true,"href":"https:\/\/promis.ro\/ro\/wp-json\/wp\/v2\/media\/200870"}],"wp:attachment":[{"href":"https:\/\/promis.ro\/ro\/wp-json\/wp\/v2\/media?parent=200875"}],"wp:term":[{"taxonomy":"product_brand","embeddable":true,"href":"https:\/\/promis.ro\/ro\/wp-json\/wp\/v2\/product_brand?post=200875"},{"taxonomy":"product_cat","embeddable":true,"href":"https:\/\/promis.ro\/ro\/wp-json\/wp\/v2\/product_cat?post=200875"},{"taxonomy":"product_tag","embeddable":true,"href":"https:\/\/promis.ro\/ro\/wp-json\/wp\/v2\/product_tag?post=200875"}],"curies":[{"name":"wp","href":"https:\/\/api.w.org\/{rel}","templated":true}]}}