{"id":200881,"date":"2025-11-14T23:08:43","date_gmt":"2025-11-14T23:08:43","guid":{"rendered":"https:\/\/promis.ro\/product\/premium-210-fitted-2-tone\/"},"modified":"2025-11-15T06:29:44","modified_gmt":"2025-11-15T06:29:44","slug":"premium-210-fitted-2-tone","status":"publish","type":"product","link":"https:\/\/promis.ro\/ro\/produs\/premium-210-fitted-2-tone\/","title":{"rendered":"Premium 210 Fitted 2-Tone"},"content":{"rendered":"<p><strong>Compozi\u021bie:<\/strong><\/p>\n<ul>\n<li>83% poliacrilic, 15% l\u00e2n\u0103, 2% elastan<\/li>\n<\/ul>\n<p><strong>Caracteristici:<\/strong><\/p>\n<ul>\n<li>Forma clasic\u0103<\/li>\n<li>Catina tare<\/li>\n<li>6 panouri<\/li>\n<li>V\u00e2rf plat cu 8 r\u00e2nduri de cus\u0103turi<\/li>\n<li>Inferior potrivit<\/li>\n<li>Banda elastic\u0103 integrat\u0103<\/li>\n<\/ul>","protected":false},"excerpt":{"rendered":"<p>Compozi\u021bie: 83% poliacrilic, 15% l\u00e2n\u0103, 2% elastan Caracteristici: Forma clasic\u0103 Catina tare 6 panouri V\u00e2rf plat cu 8 r\u00e2nduri de<\/p>","protected":false},"featured_media":200876,"comment_status":"open","ping_status":"closed","template":"","meta":[],"product_brand":[],"product_cat":[186],"product_tag":[],"class_list":{"0":"post-200881","1":"product","2":"type-product","3":"status-publish","4":"has-post-thumbnail","6":"product_cat-sepci-si-palarii","8":"first","9":"instock","10":"shipping-taxable","11":"purchasable","12":"product-type-variable"},"_links":{"self":[{"href":"https:\/\/promis.ro\/ro\/wp-json\/wp\/v2\/product\/200881","targetHints":{"allow":["GET"]}}],"collection":[{"href":"https:\/\/promis.ro\/ro\/wp-json\/wp\/v2\/product"}],"about":[{"href":"https:\/\/promis.ro\/ro\/wp-json\/wp\/v2\/types\/product"}],"replies":[{"embeddable":true,"href":"https:\/\/promis.ro\/ro\/wp-json\/wp\/v2\/comments?post=200881"}],"version-history":[{"count":1,"href":"https:\/\/promis.ro\/ro\/wp-json\/wp\/v2\/product\/200881\/revisions"}],"predecessor-version":[{"id":262716,"href":"https:\/\/promis.ro\/ro\/wp-json\/wp\/v2\/product\/200881\/revisions\/262716"}],"wp:featuredmedia":[{"embeddable":true,"href":"https:\/\/promis.ro\/ro\/wp-json\/wp\/v2\/media\/200876"}],"wp:attachment":[{"href":"https:\/\/promis.ro\/ro\/wp-json\/wp\/v2\/media?parent=200881"}],"wp:term":[{"taxonomy":"product_brand","embeddable":true,"href":"https:\/\/promis.ro\/ro\/wp-json\/wp\/v2\/product_brand?post=200881"},{"taxonomy":"product_cat","embeddable":true,"href":"https:\/\/promis.ro\/ro\/wp-json\/wp\/v2\/product_cat?post=200881"},{"taxonomy":"product_tag","embeddable":true,"href":"https:\/\/promis.ro\/ro\/wp-json\/wp\/v2\/product_tag?post=200881"}],"curies":[{"name":"wp","href":"https:\/\/api.w.org\/{rel}","templated":true}]}}