{"id":200886,"date":"2025-11-14T23:08:48","date_gmt":"2025-11-14T23:08:48","guid":{"rendered":"https:\/\/promis.ro\/product\/recycled-cotton-polyester-tote-sh\/"},"modified":"2025-11-15T06:29:51","modified_gmt":"2025-11-15T06:29:51","slug":"recycled-cotton-polyester-tote-sh","status":"publish","type":"product","link":"https:\/\/promis.ro\/ro\/produs\/recycled-cotton-polyester-tote-sh\/","title":{"rendered":"Recycled Cotton\/Polyester Tote SH"},"content":{"rendered":"<p><strong>Greutate:<\/strong> 140 g\/m\u00b2<\/p>\n<p><strong>Compozi\u021bie:<\/strong> 65% bumbac (reciclat), 35% poliester (reciclat)<\/p>\n<p><strong>M\u00e2nere scurte (SH):<\/strong> aprox. 35 cm<\/p>\n<p><strong>Caracteristici:<\/strong><\/p>\n<ul>\n<li>Cus\u0103turi \u00een cruce pe m\u00e2nere pentru mai mult\u0103 stabilitate<\/li>\n<li>Cus\u0103turi interioare cu cus\u0103turi overlock<\/li>\n<li>Lavabil la 60\u00b0C<\/li>\n<li>Dimensiuni: 38 x 42 cm<\/li>\n<li>Max. suprafata de imprimare: 30 x 30 cm<\/li>\n<li>Potrivit pentru broderie, serigrafie \u0219i transfer (pungi c\u0103lcate)<\/li>\n<\/ul>","protected":false},"excerpt":{"rendered":"<p>Greutate: 140 g\/m\u00b2 Compozi\u021bie: 65% bumbac (reciclat), 35% poliester (reciclat) M\u00e2nere scurte (SH): aprox. 35 cm Caracteristici: Cus\u0103turi \u00een cruce<\/p>","protected":false},"featured_media":200882,"comment_status":"open","ping_status":"closed","template":"","meta":[],"product_brand":[],"product_cat":[169],"product_tag":[],"class_list":{"0":"post-200886","1":"product","2":"type-product","3":"status-publish","4":"has-post-thumbnail","6":"product_cat-ghiozdane","8":"first","9":"instock","10":"shipping-taxable","11":"purchasable","12":"product-type-simple"},"_links":{"self":[{"href":"https:\/\/promis.ro\/ro\/wp-json\/wp\/v2\/product\/200886","targetHints":{"allow":["GET"]}}],"collection":[{"href":"https:\/\/promis.ro\/ro\/wp-json\/wp\/v2\/product"}],"about":[{"href":"https:\/\/promis.ro\/ro\/wp-json\/wp\/v2\/types\/product"}],"replies":[{"embeddable":true,"href":"https:\/\/promis.ro\/ro\/wp-json\/wp\/v2\/comments?post=200886"}],"version-history":[{"count":1,"href":"https:\/\/promis.ro\/ro\/wp-json\/wp\/v2\/product\/200886\/revisions"}],"predecessor-version":[{"id":262726,"href":"https:\/\/promis.ro\/ro\/wp-json\/wp\/v2\/product\/200886\/revisions\/262726"}],"wp:featuredmedia":[{"embeddable":true,"href":"https:\/\/promis.ro\/ro\/wp-json\/wp\/v2\/media\/200882"}],"wp:attachment":[{"href":"https:\/\/promis.ro\/ro\/wp-json\/wp\/v2\/media?parent=200886"}],"wp:term":[{"taxonomy":"product_brand","embeddable":true,"href":"https:\/\/promis.ro\/ro\/wp-json\/wp\/v2\/product_brand?post=200886"},{"taxonomy":"product_cat","embeddable":true,"href":"https:\/\/promis.ro\/ro\/wp-json\/wp\/v2\/product_cat?post=200886"},{"taxonomy":"product_tag","embeddable":true,"href":"https:\/\/promis.ro\/ro\/wp-json\/wp\/v2\/product_tag?post=200886"}],"curies":[{"name":"wp","href":"https:\/\/api.w.org\/{rel}","templated":true}]}}