{"id":200889,"date":"2025-11-14T23:08:50","date_gmt":"2025-11-14T23:08:50","guid":{"rendered":"https:\/\/promis.ro\/product\/woodstock-cooler-bag\/"},"modified":"2025-11-15T06:29:59","modified_gmt":"2025-11-15T06:29:59","slug":"woodstock-cooler-bag","status":"publish","type":"product","link":"https:\/\/promis.ro\/ro\/produs\/woodstock-cooler-bag\/","title":{"rendered":"Woodstock Cooler Bag"},"content":{"rendered":"<p><strong>100% poliester<\/strong><\/p>\n<ul>\n<li>curea de um\u0103r ajustabil\u0103<\/li>\n<li>compartiment mare, c\u0103ptu\u015fit<\/li>\n<li>cu izolare bun\u0103<\/li>\n<li>cu buzunar din plas\u0103<\/li>\n<li>capacitate 6,5 litri<\/li>\n<li>dimensiuni 26 x 17 x 15 cm<\/li>\n<li>perfect pentru imprimare screen, transfer<\/li>\n<li>area maxim\u0103 de imprimare 15 x 12 cm<\/li>\n<\/ul>","protected":false},"excerpt":{"rendered":"<p>100% poliester curea de um\u0103r ajustabil\u0103 compartiment mare, c\u0103ptu\u015fit cu izolare bun\u0103 cu buzunar din plas\u0103 capacitate 6,5 litri dimensiuni<\/p>","protected":false},"featured_media":200887,"comment_status":"open","ping_status":"closed","template":"","meta":[],"product_brand":[],"product_cat":[169],"product_tag":[],"class_list":{"0":"post-200889","1":"product","2":"type-product","3":"status-publish","4":"has-post-thumbnail","6":"product_cat-ghiozdane","8":"first","9":"instock","10":"shipping-taxable","11":"purchasable","12":"product-type-simple"},"_links":{"self":[{"href":"https:\/\/promis.ro\/ro\/wp-json\/wp\/v2\/product\/200889","targetHints":{"allow":["GET"]}}],"collection":[{"href":"https:\/\/promis.ro\/ro\/wp-json\/wp\/v2\/product"}],"about":[{"href":"https:\/\/promis.ro\/ro\/wp-json\/wp\/v2\/types\/product"}],"replies":[{"embeddable":true,"href":"https:\/\/promis.ro\/ro\/wp-json\/wp\/v2\/comments?post=200889"}],"version-history":[{"count":1,"href":"https:\/\/promis.ro\/ro\/wp-json\/wp\/v2\/product\/200889\/revisions"}],"predecessor-version":[{"id":262736,"href":"https:\/\/promis.ro\/ro\/wp-json\/wp\/v2\/product\/200889\/revisions\/262736"}],"wp:featuredmedia":[{"embeddable":true,"href":"https:\/\/promis.ro\/ro\/wp-json\/wp\/v2\/media\/200887"}],"wp:attachment":[{"href":"https:\/\/promis.ro\/ro\/wp-json\/wp\/v2\/media?parent=200889"}],"wp:term":[{"taxonomy":"product_brand","embeddable":true,"href":"https:\/\/promis.ro\/ro\/wp-json\/wp\/v2\/product_brand?post=200889"},{"taxonomy":"product_cat","embeddable":true,"href":"https:\/\/promis.ro\/ro\/wp-json\/wp\/v2\/product_cat?post=200889"},{"taxonomy":"product_tag","embeddable":true,"href":"https:\/\/promis.ro\/ro\/wp-json\/wp\/v2\/product_tag?post=200889"}],"curies":[{"name":"wp","href":"https:\/\/api.w.org\/{rel}","templated":true}]}}