{"id":200895,"date":"2025-11-14T23:08:57","date_gmt":"2025-11-14T23:08:57","guid":{"rendered":"https:\/\/promis.ro\/product\/teamwear-holdall\/"},"modified":"2025-11-15T06:29:49","modified_gmt":"2025-11-15T06:29:49","slug":"teamwear-holdall","status":"publish","type":"product","link":"https:\/\/promis.ro\/ro\/produs\/teamwear-holdall\/","title":{"rendered":"Teamwear Holdall"},"content":{"rendered":"<p><strong>100% poliester 600D\/420D<\/strong><\/p>\n<ul>\n<li>curea de um\u0103r c\u0103ptu\u015fit \u015fi deta\u015fabil<\/li>\n<li>m\u00e2nere c\u0103ptu\u015fite<\/li>\n<li>dungi reflectorizante<\/li>\n<li>buzunare cu fermoar<\/li>\n<li>plinta intern\u0103 de \u00eent\u0103rire<\/li>\n<li>capacitate 54 de litri<\/li>\n<li>dimensiuni 64x35x31 cm<\/li>\n<li>area maxim\u0103 pentru broderie 18 tubular hoop<\/li>\n<li>area maxim\u0103 de imprimare 40&#215;17 cm, 22&#215;17 cm la buzunare<\/li>\n<\/ul>","protected":false},"excerpt":{"rendered":"<p>100% poliester 600D\/420D curea de um\u0103r c\u0103ptu\u015fit \u015fi deta\u015fabil m\u00e2nere c\u0103ptu\u015fite dungi reflectorizante buzunare cu fermoar plinta intern\u0103 de \u00eent\u0103rire<\/p>","protected":false},"featured_media":200890,"comment_status":"open","ping_status":"closed","template":"","meta":[],"product_brand":[],"product_cat":[169],"product_tag":[],"class_list":{"0":"post-200895","1":"product","2":"type-product","3":"status-publish","4":"has-post-thumbnail","6":"product_cat-ghiozdane","8":"first","9":"instock","10":"shipping-taxable","11":"purchasable","12":"product-type-variable"},"_links":{"self":[{"href":"https:\/\/promis.ro\/ro\/wp-json\/wp\/v2\/product\/200895","targetHints":{"allow":["GET"]}}],"collection":[{"href":"https:\/\/promis.ro\/ro\/wp-json\/wp\/v2\/product"}],"about":[{"href":"https:\/\/promis.ro\/ro\/wp-json\/wp\/v2\/types\/product"}],"replies":[{"embeddable":true,"href":"https:\/\/promis.ro\/ro\/wp-json\/wp\/v2\/comments?post=200895"}],"version-history":[{"count":1,"href":"https:\/\/promis.ro\/ro\/wp-json\/wp\/v2\/product\/200895\/revisions"}],"predecessor-version":[{"id":262724,"href":"https:\/\/promis.ro\/ro\/wp-json\/wp\/v2\/product\/200895\/revisions\/262724"}],"wp:featuredmedia":[{"embeddable":true,"href":"https:\/\/promis.ro\/ro\/wp-json\/wp\/v2\/media\/200890"}],"wp:attachment":[{"href":"https:\/\/promis.ro\/ro\/wp-json\/wp\/v2\/media?parent=200895"}],"wp:term":[{"taxonomy":"product_brand","embeddable":true,"href":"https:\/\/promis.ro\/ro\/wp-json\/wp\/v2\/product_brand?post=200895"},{"taxonomy":"product_cat","embeddable":true,"href":"https:\/\/promis.ro\/ro\/wp-json\/wp\/v2\/product_cat?post=200895"},{"taxonomy":"product_tag","embeddable":true,"href":"https:\/\/promis.ro\/ro\/wp-json\/wp\/v2\/product_tag?post=200895"}],"curies":[{"name":"wp","href":"https:\/\/api.w.org\/{rel}","templated":true}]}}