{"id":202871,"date":"2025-11-14T23:25:30","date_gmt":"2025-11-14T23:25:30","guid":{"rendered":"https:\/\/promis.ro\/product\/retro-trucker-camo\/"},"modified":"2025-11-15T06:31:00","modified_gmt":"2025-11-15T06:31:00","slug":"retro-trucker-camo","status":"publish","type":"product","link":"https:\/\/promis.ro\/ro\/produs\/retro-trucker-camo\/","title":{"rendered":"Retro Trucker Camo"},"content":{"rendered":"<p><strong>Compozi\u021bie:<\/strong><\/p>\n<ul>\n<li>65% poliester, 35% bumbac<\/li>\n<li>Panouri din plas\u0103: 100% poliester<\/li>\n<li>6 panouri<\/li>\n<li>V\u00e2rful cu 8 r\u00e2nduri de cus\u0103turi<\/li>\n<li>Inferior \u00een culoare contrastant\u0103 (negru)<\/li>\n<li>V\u00e2rf precurbat<\/li>\n<li>\u00cenchidere snapback<\/li>\n<\/ul>","protected":false},"excerpt":{"rendered":"<p>Compozi\u021bie: 65% poliester, 35% bumbac Panouri din plas\u0103: 100% poliester 6 panouri V\u00e2rful cu 8 r\u00e2nduri de cus\u0103turi Inferior \u00een<\/p>","protected":false},"featured_media":202867,"comment_status":"open","ping_status":"closed","template":"","meta":[],"product_brand":[],"product_cat":[186],"product_tag":[],"class_list":{"0":"post-202871","1":"product","2":"type-product","3":"status-publish","4":"has-post-thumbnail","6":"product_cat-sepci-si-palarii","8":"first","9":"instock","10":"shipping-taxable","11":"purchasable","12":"product-type-simple"},"_links":{"self":[{"href":"https:\/\/promis.ro\/ro\/wp-json\/wp\/v2\/product\/202871","targetHints":{"allow":["GET"]}}],"collection":[{"href":"https:\/\/promis.ro\/ro\/wp-json\/wp\/v2\/product"}],"about":[{"href":"https:\/\/promis.ro\/ro\/wp-json\/wp\/v2\/types\/product"}],"replies":[{"embeddable":true,"href":"https:\/\/promis.ro\/ro\/wp-json\/wp\/v2\/comments?post=202871"}],"version-history":[{"count":1,"href":"https:\/\/promis.ro\/ro\/wp-json\/wp\/v2\/product\/202871\/revisions"}],"predecessor-version":[{"id":262824,"href":"https:\/\/promis.ro\/ro\/wp-json\/wp\/v2\/product\/202871\/revisions\/262824"}],"wp:featuredmedia":[{"embeddable":true,"href":"https:\/\/promis.ro\/ro\/wp-json\/wp\/v2\/media\/202867"}],"wp:attachment":[{"href":"https:\/\/promis.ro\/ro\/wp-json\/wp\/v2\/media?parent=202871"}],"wp:term":[{"taxonomy":"product_brand","embeddable":true,"href":"https:\/\/promis.ro\/ro\/wp-json\/wp\/v2\/product_brand?post=202871"},{"taxonomy":"product_cat","embeddable":true,"href":"https:\/\/promis.ro\/ro\/wp-json\/wp\/v2\/product_cat?post=202871"},{"taxonomy":"product_tag","embeddable":true,"href":"https:\/\/promis.ro\/ro\/wp-json\/wp\/v2\/product_tag?post=202871"}],"curies":[{"name":"wp","href":"https:\/\/api.w.org\/{rel}","templated":true}]}}