{"id":202884,"date":"2025-11-14T23:25:44","date_gmt":"2025-11-14T23:25:44","guid":{"rendered":"https:\/\/promis.ro\/product\/organic-cotton-drawcord-bag\/"},"modified":"2025-11-15T06:31:42","modified_gmt":"2025-11-15T06:31:42","slug":"organic-cotton-drawcord-bag","status":"publish","type":"product","link":"https:\/\/promis.ro\/ro\/produs\/organic-cotton-drawcord-bag\/","title":{"rendered":"Organic Cotton Drawcord Bag"},"content":{"rendered":"<p><strong>Specifica\u021bii produs:<\/strong><\/p>\n<ul>\n<li>115 GSM<\/li>\n<li>100% bumbac (moale, organic)<\/li>\n<li>\u0162es\u0103tur\u0103 dubl\u0103, \u00eenchidere cu cordon<\/li>\n<li>Capacitate \u00een Litri: 0,25 (XS), 1 (S); 3 (M), 8 (L)<\/li>\n<li>Dimensiuni \u00een cm: 10&#215;15 (XS), 14&#215;22 (S), 25&#215;32 (M), 30&#215;47 (L)<\/li>\n<li>Broderie maxim\u0103 (hoop tubular\u0103): 12 (M), 18 (L)<\/li>\n<li>Zona de imprimare maxim\u0103 \u00een cm: 8&#215;9 (XS), 12&#215;16 (S), 22&#215;26 (M), 27&#215;41 (L)<\/li>\n<\/ul>","protected":false},"excerpt":{"rendered":"<p>Specifica\u021bii produs: 115 GSM 100% bumbac (moale, organic) \u0162es\u0103tur\u0103 dubl\u0103, \u00eenchidere cu cordon Capacitate \u00een Litri: 0,25 (XS), 1 (S);<\/p>","protected":false},"featured_media":202880,"comment_status":"open","ping_status":"closed","template":"","meta":[],"product_brand":[],"product_cat":[169],"product_tag":[],"class_list":{"0":"post-202884","1":"product","2":"type-product","3":"status-publish","4":"has-post-thumbnail","6":"product_cat-ghiozdane","8":"first","9":"instock","10":"shipping-taxable","11":"purchasable","12":"product-type-variable"},"_links":{"self":[{"href":"https:\/\/promis.ro\/ro\/wp-json\/wp\/v2\/product\/202884","targetHints":{"allow":["GET"]}}],"collection":[{"href":"https:\/\/promis.ro\/ro\/wp-json\/wp\/v2\/product"}],"about":[{"href":"https:\/\/promis.ro\/ro\/wp-json\/wp\/v2\/types\/product"}],"replies":[{"embeddable":true,"href":"https:\/\/promis.ro\/ro\/wp-json\/wp\/v2\/comments?post=202884"}],"version-history":[{"count":1,"href":"https:\/\/promis.ro\/ro\/wp-json\/wp\/v2\/product\/202884\/revisions"}],"predecessor-version":[{"id":262832,"href":"https:\/\/promis.ro\/ro\/wp-json\/wp\/v2\/product\/202884\/revisions\/262832"}],"wp:featuredmedia":[{"embeddable":true,"href":"https:\/\/promis.ro\/ro\/wp-json\/wp\/v2\/media\/202880"}],"wp:attachment":[{"href":"https:\/\/promis.ro\/ro\/wp-json\/wp\/v2\/media?parent=202884"}],"wp:term":[{"taxonomy":"product_brand","embeddable":true,"href":"https:\/\/promis.ro\/ro\/wp-json\/wp\/v2\/product_brand?post=202884"},{"taxonomy":"product_cat","embeddable":true,"href":"https:\/\/promis.ro\/ro\/wp-json\/wp\/v2\/product_cat?post=202884"},{"taxonomy":"product_tag","embeddable":true,"href":"https:\/\/promis.ro\/ro\/wp-json\/wp\/v2\/product_tag?post=202884"}],"curies":[{"name":"wp","href":"https:\/\/api.w.org\/{rel}","templated":true}]}}