{"id":202890,"date":"2025-11-14T23:25:50","date_gmt":"2025-11-14T23:25:50","guid":{"rendered":"https:\/\/promis.ro\/product\/5-panel-curved-classic-snapback\/"},"modified":"2025-11-15T06:30:56","modified_gmt":"2025-11-15T06:30:56","slug":"5-panel-curved-classic-snapback","status":"publish","type":"product","link":"https:\/\/promis.ro\/ro\/produs\/5-panel-curved-classic-snapback\/","title":{"rendered":"5-Panel Curved Classic Snapback"},"content":{"rendered":"<p><strong>Specifica\u021bii:<\/strong><\/p>\n<ul>\n<li>274 g\/m\u00b2<\/li>\n<li>100% bumbac<\/li>\n<li>5 panouri<\/li>\n<li>V\u00e2rful cu 8 r\u00e2nduri de cus\u0103turi<\/li>\n<li>Inferior potrivit<\/li>\n<li>V\u00e2rf precurbat<\/li>\n<li>\u00cenchidere snapback<\/li>\n<\/ul>","protected":false},"excerpt":{"rendered":"<p>Specifica\u021bii: 274 g\/m\u00b2 100% bumbac 5 panouri V\u00e2rful cu 8 r\u00e2nduri de cus\u0103turi Inferior potrivit V\u00e2rf precurbat \u00cenchidere snapback<\/p>","protected":false},"featured_media":202885,"comment_status":"open","ping_status":"closed","template":"","meta":[],"product_brand":[],"product_cat":[195],"product_tag":[],"class_list":{"0":"post-202890","1":"product","2":"type-product","3":"status-publish","4":"has-post-thumbnail","6":"product_cat-editie-limitata","8":"first","9":"instock","10":"shipping-taxable","11":"purchasable","12":"product-type-variable"},"_links":{"self":[{"href":"https:\/\/promis.ro\/ro\/wp-json\/wp\/v2\/product\/202890","targetHints":{"allow":["GET"]}}],"collection":[{"href":"https:\/\/promis.ro\/ro\/wp-json\/wp\/v2\/product"}],"about":[{"href":"https:\/\/promis.ro\/ro\/wp-json\/wp\/v2\/types\/product"}],"replies":[{"embeddable":true,"href":"https:\/\/promis.ro\/ro\/wp-json\/wp\/v2\/comments?post=202890"}],"version-history":[{"count":1,"href":"https:\/\/promis.ro\/ro\/wp-json\/wp\/v2\/product\/202890\/revisions"}],"predecessor-version":[{"id":262818,"href":"https:\/\/promis.ro\/ro\/wp-json\/wp\/v2\/product\/202890\/revisions\/262818"}],"wp:featuredmedia":[{"embeddable":true,"href":"https:\/\/promis.ro\/ro\/wp-json\/wp\/v2\/media\/202885"}],"wp:attachment":[{"href":"https:\/\/promis.ro\/ro\/wp-json\/wp\/v2\/media?parent=202890"}],"wp:term":[{"taxonomy":"product_brand","embeddable":true,"href":"https:\/\/promis.ro\/ro\/wp-json\/wp\/v2\/product_brand?post=202890"},{"taxonomy":"product_cat","embeddable":true,"href":"https:\/\/promis.ro\/ro\/wp-json\/wp\/v2\/product_cat?post=202890"},{"taxonomy":"product_tag","embeddable":true,"href":"https:\/\/promis.ro\/ro\/wp-json\/wp\/v2\/product_tag?post=202890"}],"curies":[{"name":"wp","href":"https:\/\/api.w.org\/{rel}","templated":true}]}}