{"id":202898,"date":"2025-11-14T23:25:58","date_gmt":"2025-11-14T23:25:58","guid":{"rendered":"https:\/\/promis.ro\/product\/deluxe-suit-bag\/"},"modified":"2025-11-15T06:30:58","modified_gmt":"2025-11-15T06:30:58","slug":"deluxe-suit-bag","status":"publish","type":"product","link":"https:\/\/promis.ro\/ro\/produs\/deluxe-suit-bag\/","title":{"rendered":"Deluxe Suit Bag"},"content":{"rendered":"<p><strong>100% poliester<\/strong> (210D)<\/p>\n<ul>\n<li>cu fermoar pe toat\u0103 lungimea<\/li>\n<li>finisat cu un strat PVC u\u015for cauciucat<\/li>\n<li>cu fil\u0103 transparent\u0103<\/li>\n<li>posibilitate de str\u00e2ngere \u00een jum\u0103tate cu \u00eenchidere cu caps\u0103<\/li>\n<li>f\u0103r\u0103 umera\u015f<\/li>\n<li>dimensiuni: 60 x 100 cm<\/li>\n<\/ul>","protected":false},"excerpt":{"rendered":"<p>100% poliester (210D) cu fermoar pe toat\u0103 lungimea finisat cu un strat PVC u\u015for cauciucat cu fil\u0103 transparent\u0103 posibilitate de<\/p>","protected":false},"featured_media":202893,"comment_status":"open","ping_status":"closed","template":"","meta":[],"product_brand":[],"product_cat":[169],"product_tag":[],"class_list":{"0":"post-202898","1":"product","2":"type-product","3":"status-publish","4":"has-post-thumbnail","6":"product_cat-ghiozdane","8":"first","9":"outofstock","10":"shipping-taxable","11":"purchasable","12":"product-type-simple"},"_links":{"self":[{"href":"https:\/\/promis.ro\/ro\/wp-json\/wp\/v2\/product\/202898","targetHints":{"allow":["GET"]}}],"collection":[{"href":"https:\/\/promis.ro\/ro\/wp-json\/wp\/v2\/product"}],"about":[{"href":"https:\/\/promis.ro\/ro\/wp-json\/wp\/v2\/types\/product"}],"replies":[{"embeddable":true,"href":"https:\/\/promis.ro\/ro\/wp-json\/wp\/v2\/comments?post=202898"}],"version-history":[{"count":1,"href":"https:\/\/promis.ro\/ro\/wp-json\/wp\/v2\/product\/202898\/revisions"}],"predecessor-version":[{"id":262820,"href":"https:\/\/promis.ro\/ro\/wp-json\/wp\/v2\/product\/202898\/revisions\/262820"}],"wp:featuredmedia":[{"embeddable":true,"href":"https:\/\/promis.ro\/ro\/wp-json\/wp\/v2\/media\/202893"}],"wp:attachment":[{"href":"https:\/\/promis.ro\/ro\/wp-json\/wp\/v2\/media?parent=202898"}],"wp:term":[{"taxonomy":"product_brand","embeddable":true,"href":"https:\/\/promis.ro\/ro\/wp-json\/wp\/v2\/product_brand?post=202898"},{"taxonomy":"product_cat","embeddable":true,"href":"https:\/\/promis.ro\/ro\/wp-json\/wp\/v2\/product_cat?post=202898"},{"taxonomy":"product_tag","embeddable":true,"href":"https:\/\/promis.ro\/ro\/wp-json\/wp\/v2\/product_tag?post=202898"}],"curies":[{"name":"wp","href":"https:\/\/api.w.org\/{rel}","templated":true}]}}