{"id":202913,"date":"2025-11-14T23:26:17","date_gmt":"2025-11-14T23:26:17","guid":{"rendered":"https:\/\/promis.ro\/product\/universal-holdall\/"},"modified":"2025-11-15T06:31:41","modified_gmt":"2025-11-15T06:31:41","slug":"universal-holdall","status":"publish","type":"product","link":"https:\/\/promis.ro\/ro\/produs\/universal-holdall\/","title":{"rendered":"Universal Holdall"},"content":{"rendered":"<p><strong>100% poliester (600D)<\/strong><\/p>\n<ul>\n<li>curea pentru um\u0103r este c\u0103ptu\u015fit\u0103, deta\u015fabil\u0103 \u015fi reglabil\u0103<\/li>\n<li>m\u00e2ner<\/li>\n<li>buzunar lateral mare \u00eenchis cu fermoar<\/li>\n<li>compartimentul \u00een fa\u0163\u0103 \u00eenchis cu fermoar<\/li>\n<li>fundul este \u00eent\u0103rit<\/li>\n<li>potrivit pentru broderie<\/li>\n<li>volumul: 35 de litri<\/li>\n<li>dimensiuni: 50 x 28 x 28 cm<\/li>\n<li>mai multe suprafe\u0163e pe care se poate imprima<\/li>\n<\/ul>","protected":false},"excerpt":{"rendered":"<p>100% poliester (600D) curea pentru um\u0103r este c\u0103ptu\u015fit\u0103, deta\u015fabil\u0103 \u015fi reglabil\u0103 m\u00e2ner buzunar lateral mare \u00eenchis cu fermoar compartimentul \u00een<\/p>","protected":false},"featured_media":202908,"comment_status":"open","ping_status":"closed","template":"","meta":[],"product_brand":[],"product_cat":[169],"product_tag":[],"class_list":{"0":"post-202913","1":"product","2":"type-product","3":"status-publish","4":"has-post-thumbnail","6":"product_cat-ghiozdane","8":"first","9":"instock","10":"shipping-taxable","11":"purchasable","12":"product-type-variable"},"_links":{"self":[{"href":"https:\/\/promis.ro\/ro\/wp-json\/wp\/v2\/product\/202913","targetHints":{"allow":["GET"]}}],"collection":[{"href":"https:\/\/promis.ro\/ro\/wp-json\/wp\/v2\/product"}],"about":[{"href":"https:\/\/promis.ro\/ro\/wp-json\/wp\/v2\/types\/product"}],"replies":[{"embeddable":true,"href":"https:\/\/promis.ro\/ro\/wp-json\/wp\/v2\/comments?post=202913"}],"version-history":[{"count":1,"href":"https:\/\/promis.ro\/ro\/wp-json\/wp\/v2\/product\/202913\/revisions"}],"predecessor-version":[{"id":262831,"href":"https:\/\/promis.ro\/ro\/wp-json\/wp\/v2\/product\/202913\/revisions\/262831"}],"wp:featuredmedia":[{"embeddable":true,"href":"https:\/\/promis.ro\/ro\/wp-json\/wp\/v2\/media\/202908"}],"wp:attachment":[{"href":"https:\/\/promis.ro\/ro\/wp-json\/wp\/v2\/media?parent=202913"}],"wp:term":[{"taxonomy":"product_brand","embeddable":true,"href":"https:\/\/promis.ro\/ro\/wp-json\/wp\/v2\/product_brand?post=202913"},{"taxonomy":"product_cat","embeddable":true,"href":"https:\/\/promis.ro\/ro\/wp-json\/wp\/v2\/product_cat?post=202913"},{"taxonomy":"product_tag","embeddable":true,"href":"https:\/\/promis.ro\/ro\/wp-json\/wp\/v2\/product_tag?post=202913"}],"curies":[{"name":"wp","href":"https:\/\/api.w.org\/{rel}","templated":true}]}}