{"id":202925,"date":"2025-11-14T23:26:29","date_gmt":"2025-11-14T23:26:29","guid":{"rendered":"https:\/\/promis.ro\/product\/sargasso-backpack\/"},"modified":"2025-11-15T06:31:43","modified_gmt":"2025-11-15T06:31:43","slug":"sargasso-backpack","status":"publish","type":"product","link":"https:\/\/promis.ro\/ro\/produs\/sargasso-backpack\/","title":{"rendered":"Sargasso Backpack"},"content":{"rendered":"<ul>\n<li>100% poliester (acoperit cu PVC)<\/li>\n<li>\u021aes\u0103tur\u0103 impermeabil\u0103<\/li>\n<li>M\u00e2ner de transport \u00eent\u0103rit<\/li>\n<li>\u00cenchidere Roll-Top cu curea reglabil\u0103<\/li>\n<li>Bretele de um\u0103r reglabile ergonomic<\/li>\n<li>Captuseala spatelui cu plas\u0103 respirabil\u0103<\/li>\n<li>Buzunar interior cu fermoar<\/li>\n<\/ul>\n<p>Acest produs este sus\u021binut de o garan\u021bie de <strong>5 ani<\/strong>.<\/p>","protected":false},"excerpt":{"rendered":"<p>100% poliester (acoperit cu PVC) \u021aes\u0103tur\u0103 impermeabil\u0103 M\u00e2ner de transport \u00eent\u0103rit \u00cenchidere Roll-Top cu curea reglabil\u0103 Bretele de um\u0103r reglabile<\/p>","protected":false},"featured_media":202920,"comment_status":"open","ping_status":"closed","template":"","meta":[],"product_brand":[],"product_cat":[169],"product_tag":[],"class_list":{"0":"post-202925","1":"product","2":"type-product","3":"status-publish","4":"has-post-thumbnail","6":"product_cat-ghiozdane","8":"first","9":"instock","10":"shipping-taxable","11":"purchasable","12":"product-type-variable"},"_links":{"self":[{"href":"https:\/\/promis.ro\/ro\/wp-json\/wp\/v2\/product\/202925","targetHints":{"allow":["GET"]}}],"collection":[{"href":"https:\/\/promis.ro\/ro\/wp-json\/wp\/v2\/product"}],"about":[{"href":"https:\/\/promis.ro\/ro\/wp-json\/wp\/v2\/types\/product"}],"replies":[{"embeddable":true,"href":"https:\/\/promis.ro\/ro\/wp-json\/wp\/v2\/comments?post=202925"}],"version-history":[{"count":1,"href":"https:\/\/promis.ro\/ro\/wp-json\/wp\/v2\/product\/202925\/revisions"}],"predecessor-version":[{"id":262833,"href":"https:\/\/promis.ro\/ro\/wp-json\/wp\/v2\/product\/202925\/revisions\/262833"}],"wp:featuredmedia":[{"embeddable":true,"href":"https:\/\/promis.ro\/ro\/wp-json\/wp\/v2\/media\/202920"}],"wp:attachment":[{"href":"https:\/\/promis.ro\/ro\/wp-json\/wp\/v2\/media?parent=202925"}],"wp:term":[{"taxonomy":"product_brand","embeddable":true,"href":"https:\/\/promis.ro\/ro\/wp-json\/wp\/v2\/product_brand?post=202925"},{"taxonomy":"product_cat","embeddable":true,"href":"https:\/\/promis.ro\/ro\/wp-json\/wp\/v2\/product_cat?post=202925"},{"taxonomy":"product_tag","embeddable":true,"href":"https:\/\/promis.ro\/ro\/wp-json\/wp\/v2\/product_tag?post=202925"}],"curies":[{"name":"wp","href":"https:\/\/api.w.org\/{rel}","templated":true}]}}