{"id":202935,"date":"2025-11-14T23:26:39","date_gmt":"2025-11-14T23:26:39","guid":{"rendered":"https:\/\/promis.ro\/product\/cannes-sports-overnight-bag\/"},"modified":"2025-11-15T06:31:47","modified_gmt":"2025-11-15T06:31:47","slug":"cannes-sports-overnight-bag","status":"publish","type":"product","link":"https:\/\/promis.ro\/ro\/produs\/cannes-sports-overnight-bag\/","title":{"rendered":"Cannes Sports\/Overnight Bag"},"content":{"rendered":"<p><strong>100% poliester<\/strong> (420D\/600D ripstop)<\/p>\n<ul>\n<li>m\u00e2ner<\/li>\n<li>curea de um\u0103r reglabil\u0103 \u0219i c\u0103ptu\u0219it\u0103<\/li>\n<li>un compartiment central mare \u0219i un compartiment lateral<\/li>\n<li>buzunar frontal din plas\u0103 pentru sticl\u0103 cu un \u0219nur cu stoper<\/li>\n<li>plac\u0103 de baz\u0103 interioar\u0103<\/li>\n<li>geanta f\u0103cut\u0103 s\u0103 fie potrivit\u0103 pentru orice dulap \u00een vestiar<\/li>\n<li>greutate: 700 grame<\/li>\n<li>volum: 42 de litri<\/li>\n<li>dimensiuni: 54 x 30 x 25 cm<\/li>\n<li>pe produs se poate executa serigrafie\/imprimare prin transfer sau broderie<\/li>\n<li>suprafa\u0163\u0103 de decorare: partea de fa\u0163\u0103: 24 x 15 cm, laterale: 25 x 18 cm<\/li>\n<\/ul>","protected":false},"excerpt":{"rendered":"<p>100% poliester (420D\/600D ripstop) m\u00e2ner curea de um\u0103r reglabil\u0103 \u0219i c\u0103ptu\u0219it\u0103 un compartiment central mare \u0219i un compartiment lateral buzunar<\/p>","protected":false},"featured_media":202933,"comment_status":"open","ping_status":"closed","template":"","meta":[],"product_brand":[],"product_cat":[169],"product_tag":[],"class_list":{"0":"post-202935","1":"product","2":"type-product","3":"status-publish","4":"has-post-thumbnail","6":"product_cat-ghiozdane","8":"first","9":"instock","10":"shipping-taxable","11":"purchasable","12":"product-type-variable"},"_links":{"self":[{"href":"https:\/\/promis.ro\/ro\/wp-json\/wp\/v2\/product\/202935","targetHints":{"allow":["GET"]}}],"collection":[{"href":"https:\/\/promis.ro\/ro\/wp-json\/wp\/v2\/product"}],"about":[{"href":"https:\/\/promis.ro\/ro\/wp-json\/wp\/v2\/types\/product"}],"replies":[{"embeddable":true,"href":"https:\/\/promis.ro\/ro\/wp-json\/wp\/v2\/comments?post=202935"}],"version-history":[{"count":1,"href":"https:\/\/promis.ro\/ro\/wp-json\/wp\/v2\/product\/202935\/revisions"}],"predecessor-version":[{"id":262839,"href":"https:\/\/promis.ro\/ro\/wp-json\/wp\/v2\/product\/202935\/revisions\/262839"}],"wp:featuredmedia":[{"embeddable":true,"href":"https:\/\/promis.ro\/ro\/wp-json\/wp\/v2\/media\/202933"}],"wp:attachment":[{"href":"https:\/\/promis.ro\/ro\/wp-json\/wp\/v2\/media?parent=202935"}],"wp:term":[{"taxonomy":"product_brand","embeddable":true,"href":"https:\/\/promis.ro\/ro\/wp-json\/wp\/v2\/product_brand?post=202935"},{"taxonomy":"product_cat","embeddable":true,"href":"https:\/\/promis.ro\/ro\/wp-json\/wp\/v2\/product_cat?post=202935"},{"taxonomy":"product_tag","embeddable":true,"href":"https:\/\/promis.ro\/ro\/wp-json\/wp\/v2\/product_tag?post=202935"}],"curies":[{"name":"wp","href":"https:\/\/api.w.org\/{rel}","templated":true}]}}