{"id":202943,"date":"2025-11-14T23:26:47","date_gmt":"2025-11-14T23:26:47","guid":{"rendered":"https:\/\/promis.ro\/product\/gran-paradiso-hiker-backpack\/"},"modified":"2025-11-15T06:31:55","modified_gmt":"2025-11-15T06:31:55","slug":"gran-paradiso-hiker-backpack","status":"publish","type":"product","link":"https:\/\/promis.ro\/ro\/produs\/gran-paradiso-hiker-backpack\/","title":{"rendered":"Gran Paradiso Hiker Backpack"},"content":{"rendered":"<p><strong>100% poliester<\/strong> (600D\/600D Rip-Stop)<\/p>\n<ul>\n<li>curele de um\u0103r c\u0103ptu\u015fite, reglabile \u0219i m\u00e2ner de transport<\/li>\n<li>deschidere \u00een stil de valiz\u0103 pentru un acces mai u\u0219or<\/li>\n<li>un singur compartiment central cu al doilea compartiment mai mic \u00een partea de fa\u021b\u0103<\/li>\n<li>dou\u0103 buzunare laterale largi<\/li>\n<li>dou\u0103 curele laterale, reglabile<\/li>\n<li>centura c\u0103ptu\u0219it\u0103<\/li>\n<li>suprafa\u021b\u0103 rigid\u0103 \u00een panou de spate pentru stabilizare mai bun\u0103<\/li>\n<li>greutate: 850 grame<\/li>\n<li>volum: 35 de litri<\/li>\n<li>dimensiuni: 30 x 54 x 22 cm<\/li>\n<li>pe produs se poate executa serigrafie\/imprimare prin transfer sau broderie<\/li>\n<li>suprafa\u0163a de broderie 12 tubular hoop<\/li>\n<li>suprafa\u0163\u0103 de decorare: partea de fa\u0163\u0103: 13 x 10 cm, laterale: 10 x 15 cm<\/li>\n<\/ul>","protected":false},"excerpt":{"rendered":"<p>100% poliester (600D\/600D Rip-Stop) curele de um\u0103r c\u0103ptu\u015fite, reglabile \u0219i m\u00e2ner de transport deschidere \u00een stil de valiz\u0103 pentru un<\/p>","protected":false},"featured_media":202938,"comment_status":"open","ping_status":"closed","template":"","meta":[],"product_brand":[],"product_cat":[169],"product_tag":[],"class_list":{"0":"post-202943","1":"product","2":"type-product","3":"status-publish","4":"has-post-thumbnail","6":"product_cat-ghiozdane","8":"first","9":"instock","10":"shipping-taxable","11":"purchasable","12":"product-type-variable"},"_links":{"self":[{"href":"https:\/\/promis.ro\/ro\/wp-json\/wp\/v2\/product\/202943","targetHints":{"allow":["GET"]}}],"collection":[{"href":"https:\/\/promis.ro\/ro\/wp-json\/wp\/v2\/product"}],"about":[{"href":"https:\/\/promis.ro\/ro\/wp-json\/wp\/v2\/types\/product"}],"replies":[{"embeddable":true,"href":"https:\/\/promis.ro\/ro\/wp-json\/wp\/v2\/comments?post=202943"}],"version-history":[{"count":1,"href":"https:\/\/promis.ro\/ro\/wp-json\/wp\/v2\/product\/202943\/revisions"}],"predecessor-version":[{"id":262856,"href":"https:\/\/promis.ro\/ro\/wp-json\/wp\/v2\/product\/202943\/revisions\/262856"}],"wp:featuredmedia":[{"embeddable":true,"href":"https:\/\/promis.ro\/ro\/wp-json\/wp\/v2\/media\/202938"}],"wp:attachment":[{"href":"https:\/\/promis.ro\/ro\/wp-json\/wp\/v2\/media?parent=202943"}],"wp:term":[{"taxonomy":"product_brand","embeddable":true,"href":"https:\/\/promis.ro\/ro\/wp-json\/wp\/v2\/product_brand?post=202943"},{"taxonomy":"product_cat","embeddable":true,"href":"https:\/\/promis.ro\/ro\/wp-json\/wp\/v2\/product_cat?post=202943"},{"taxonomy":"product_tag","embeddable":true,"href":"https:\/\/promis.ro\/ro\/wp-json\/wp\/v2\/product_tag?post=202943"}],"curies":[{"name":"wp","href":"https:\/\/api.w.org\/{rel}","templated":true}]}}