{"id":202949,"date":"2025-11-14T23:26:53","date_gmt":"2025-11-14T23:26:53","guid":{"rendered":"https:\/\/promis.ro\/product\/jumbo-kit-bag\/"},"modified":"2025-11-15T06:31:51","modified_gmt":"2025-11-15T06:31:51","slug":"jumbo-kit-bag","status":"publish","type":"product","link":"https:\/\/promis.ro\/ro\/produs\/jumbo-kit-bag\/","title":{"rendered":"Jumbo Kit Bag"},"content":{"rendered":"<p><strong>54%<\/strong> poliester (600D), <strong>46%<\/strong> poliester (420D)<\/p>\n<ul>\n<li>geant\u0103 \u00eent\u0103rit\u0103 cu spa\u0163iu mare \u00een\u0103untru<\/li>\n<li>geant\u0103 reglabil\u0103<\/li>\n<li>cureaua pentru um\u0103r deta\u015fabil\u0103 \u015fi c\u0103ptu\u015fit\u0103<\/li>\n<li>geant\u0103 stabil\u0103<\/li>\n<li>m\u00e2ner din material<\/li>\n<li>compartiment pentru card cu nume<\/li>\n<li>picioare de suport din cauciuc<\/li>\n<li>se potrive\u015fte pentru broderie<\/li>\n<li>volumul: <strong>110 l<\/strong><\/li>\n<li>dimensiuni: <strong>85 x 38 x 35 cm<\/strong><\/li>\n<li>suprafa\u0163a de imprimare: <strong>55 x 20 cm<\/strong><\/li>\n<\/ul>","protected":false},"excerpt":{"rendered":"<p>54% poliester (600D), 46% poliester (420D) geant\u0103 \u00eent\u0103rit\u0103 cu spa\u0163iu mare \u00een\u0103untru geant\u0103 reglabil\u0103 cureaua pentru um\u0103r deta\u015fabil\u0103 \u015fi c\u0103ptu\u015fit\u0103<\/p>","protected":false},"featured_media":202944,"comment_status":"open","ping_status":"closed","template":"","meta":[],"product_brand":[],"product_cat":[169],"product_tag":[],"class_list":{"0":"post-202949","1":"product","2":"type-product","3":"status-publish","4":"has-post-thumbnail","6":"product_cat-ghiozdane","8":"first","9":"instock","10":"shipping-taxable","11":"purchasable","12":"product-type-variable"},"_links":{"self":[{"href":"https:\/\/promis.ro\/ro\/wp-json\/wp\/v2\/product\/202949","targetHints":{"allow":["GET"]}}],"collection":[{"href":"https:\/\/promis.ro\/ro\/wp-json\/wp\/v2\/product"}],"about":[{"href":"https:\/\/promis.ro\/ro\/wp-json\/wp\/v2\/types\/product"}],"replies":[{"embeddable":true,"href":"https:\/\/promis.ro\/ro\/wp-json\/wp\/v2\/comments?post=202949"}],"version-history":[{"count":1,"href":"https:\/\/promis.ro\/ro\/wp-json\/wp\/v2\/product\/202949\/revisions"}],"predecessor-version":[{"id":262847,"href":"https:\/\/promis.ro\/ro\/wp-json\/wp\/v2\/product\/202949\/revisions\/262847"}],"wp:featuredmedia":[{"embeddable":true,"href":"https:\/\/promis.ro\/ro\/wp-json\/wp\/v2\/media\/202944"}],"wp:attachment":[{"href":"https:\/\/promis.ro\/ro\/wp-json\/wp\/v2\/media?parent=202949"}],"wp:term":[{"taxonomy":"product_brand","embeddable":true,"href":"https:\/\/promis.ro\/ro\/wp-json\/wp\/v2\/product_brand?post=202949"},{"taxonomy":"product_cat","embeddable":true,"href":"https:\/\/promis.ro\/ro\/wp-json\/wp\/v2\/product_cat?post=202949"},{"taxonomy":"product_tag","embeddable":true,"href":"https:\/\/promis.ro\/ro\/wp-json\/wp\/v2\/product_tag?post=202949"}],"curies":[{"name":"wp","href":"https:\/\/api.w.org\/{rel}","templated":true}]}}