{"id":202955,"date":"2025-11-14T23:27:00","date_gmt":"2025-11-14T23:27:00","guid":{"rendered":"https:\/\/promis.ro\/product\/two-tone-digital-messenger\/"},"modified":"2025-11-15T06:31:48","modified_gmt":"2025-11-15T06:31:48","slug":"two-tone-digital-messenger","status":"publish","type":"product","link":"https:\/\/promis.ro\/ro\/produs\/two-tone-digital-messenger\/","title":{"rendered":"Two-Tone Digital Messenger"},"content":{"rendered":"<p><strong>100% poliester (600D)<\/strong><\/p>\n<ul>\n<li>curea de um\u0103r ajustabil\u0103<\/li>\n<li>cu m\u00e2ner<\/li>\n<li>compartiment de laptop c\u0103ptu\u015fit 15,6&#8243;<\/li>\n<li>organizare intern\u0103<\/li>\n<li>cu buzunar cu fermoar<\/li>\n<li>u\u015for de re-etichetat<\/li>\n<li>capacitate 11 litri<\/li>\n<li>dimensiuni 39 x 31 x 12 cm<\/li>\n<li>area maxim\u0103 de broderie 18 flat bed loop<\/li>\n<li>area maxim\u0103 de imprimare 32 x 20 cm<\/li>\n<\/ul>","protected":false},"excerpt":{"rendered":"<p>100% poliester (600D) curea de um\u0103r ajustabil\u0103 cu m\u00e2ner compartiment de laptop c\u0103ptu\u015fit 15,6&#8243; organizare intern\u0103 cu buzunar cu fermoar<\/p>","protected":false},"featured_media":202950,"comment_status":"open","ping_status":"closed","template":"","meta":[],"product_brand":[],"product_cat":[169],"product_tag":[],"class_list":{"0":"post-202955","1":"product","2":"type-product","3":"status-publish","4":"has-post-thumbnail","6":"product_cat-ghiozdane","8":"first","9":"instock","10":"shipping-taxable","11":"purchasable","12":"product-type-variable"},"_links":{"self":[{"href":"https:\/\/promis.ro\/ro\/wp-json\/wp\/v2\/product\/202955","targetHints":{"allow":["GET"]}}],"collection":[{"href":"https:\/\/promis.ro\/ro\/wp-json\/wp\/v2\/product"}],"about":[{"href":"https:\/\/promis.ro\/ro\/wp-json\/wp\/v2\/types\/product"}],"replies":[{"embeddable":true,"href":"https:\/\/promis.ro\/ro\/wp-json\/wp\/v2\/comments?post=202955"}],"version-history":[{"count":1,"href":"https:\/\/promis.ro\/ro\/wp-json\/wp\/v2\/product\/202955\/revisions"}],"predecessor-version":[{"id":262841,"href":"https:\/\/promis.ro\/ro\/wp-json\/wp\/v2\/product\/202955\/revisions\/262841"}],"wp:featuredmedia":[{"embeddable":true,"href":"https:\/\/promis.ro\/ro\/wp-json\/wp\/v2\/media\/202950"}],"wp:attachment":[{"href":"https:\/\/promis.ro\/ro\/wp-json\/wp\/v2\/media?parent=202955"}],"wp:term":[{"taxonomy":"product_brand","embeddable":true,"href":"https:\/\/promis.ro\/ro\/wp-json\/wp\/v2\/product_brand?post=202955"},{"taxonomy":"product_cat","embeddable":true,"href":"https:\/\/promis.ro\/ro\/wp-json\/wp\/v2\/product_cat?post=202955"},{"taxonomy":"product_tag","embeddable":true,"href":"https:\/\/promis.ro\/ro\/wp-json\/wp\/v2\/product_tag?post=202955"}],"curies":[{"name":"wp","href":"https:\/\/api.w.org\/{rel}","templated":true}]}}