{"id":204546,"date":"2025-11-14T23:40:05","date_gmt":"2025-11-14T23:40:05","guid":{"rendered":"https:\/\/promis.ro\/product\/recycled-thinsulate-printers-beanie\/"},"modified":"2025-11-15T06:32:39","modified_gmt":"2025-11-15T06:32:39","slug":"recycled-thinsulate-printers-beanie","status":"publish","type":"product","link":"https:\/\/promis.ro\/ro\/produs\/recycled-thinsulate-printers-beanie\/","title":{"rendered":"Recycled Thinsulate\u2122 Printers Beanie"},"content":{"rendered":"<p><strong>340 g\/m\u00b2<\/strong><\/p>\n<ul>\n<li>50% poliester (reciclat), 50% poliacrilic (moale)<\/li>\n<li>Patch-uri din bumbac pentru imprimante<\/li>\n<li>Linii termice &#8211; eticheta 3M \u2122 cusut\u0103 \u00een interior<\/li>\n<li>Grosime dubl\u0103<\/li>\n<li>Stil complet<\/li>\n<li>Man\u0219et\u0103 ad\u00e2nc\u0103<\/li>\n<\/ul>","protected":false},"excerpt":{"rendered":"<p>340 g\/m\u00b2 50% poliester (reciclat), 50% poliacrilic (moale) Patch-uri din bumbac pentru imprimante Linii termice &#8211; eticheta 3M \u2122 cusut\u0103<\/p>","protected":false},"featured_media":204541,"comment_status":"open","ping_status":"closed","template":"","meta":[],"product_brand":[],"product_cat":[186],"product_tag":[],"class_list":{"0":"post-204546","1":"product","2":"type-product","3":"status-publish","4":"has-post-thumbnail","6":"product_cat-sepci-si-palarii","8":"first","9":"instock","10":"shipping-taxable","11":"purchasable","12":"product-type-variable"},"_links":{"self":[{"href":"https:\/\/promis.ro\/ro\/wp-json\/wp\/v2\/product\/204546","targetHints":{"allow":["GET"]}}],"collection":[{"href":"https:\/\/promis.ro\/ro\/wp-json\/wp\/v2\/product"}],"about":[{"href":"https:\/\/promis.ro\/ro\/wp-json\/wp\/v2\/types\/product"}],"replies":[{"embeddable":true,"href":"https:\/\/promis.ro\/ro\/wp-json\/wp\/v2\/comments?post=204546"}],"version-history":[{"count":1,"href":"https:\/\/promis.ro\/ro\/wp-json\/wp\/v2\/product\/204546\/revisions"}],"predecessor-version":[{"id":262931,"href":"https:\/\/promis.ro\/ro\/wp-json\/wp\/v2\/product\/204546\/revisions\/262931"}],"wp:featuredmedia":[{"embeddable":true,"href":"https:\/\/promis.ro\/ro\/wp-json\/wp\/v2\/media\/204541"}],"wp:attachment":[{"href":"https:\/\/promis.ro\/ro\/wp-json\/wp\/v2\/media?parent=204546"}],"wp:term":[{"taxonomy":"product_brand","embeddable":true,"href":"https:\/\/promis.ro\/ro\/wp-json\/wp\/v2\/product_brand?post=204546"},{"taxonomy":"product_cat","embeddable":true,"href":"https:\/\/promis.ro\/ro\/wp-json\/wp\/v2\/product_cat?post=204546"},{"taxonomy":"product_tag","embeddable":true,"href":"https:\/\/promis.ro\/ro\/wp-json\/wp\/v2\/product_tag?post=204546"}],"curies":[{"name":"wp","href":"https:\/\/api.w.org\/{rel}","templated":true}]}}