{"id":204552,"date":"2025-11-14T23:40:12","date_gmt":"2025-11-14T23:40:12","guid":{"rendered":"https:\/\/promis.ro\/product\/earthaware-organic-bag-for-life\/"},"modified":"2025-11-15T06:32:44","modified_gmt":"2025-11-15T06:32:44","slug":"earthaware-organic-bag-for-life","status":"publish","type":"product","link":"https:\/\/promis.ro\/ro\/produs\/earthaware-organic-bag-for-life\/","title":{"rendered":"EarthAware\u2122 Organic Bag for Life"},"content":{"rendered":"<p><strong>300 g\/m\u00b2<\/strong><\/p>\n<ul>\n<li><strong>100% bumbac organic<\/strong><\/li>\n<li><strong>material premium<\/strong><\/li>\n<li><strong>m\u00e2nere de 67 cm<\/strong><\/li>\n<li><strong>se poate purta pe um\u0103r sau \u00een m\u00e2n\u0103<\/strong><\/li>\n<li><strong>Capacitate:<\/strong> 10 litri<\/li>\n<li><strong>Dimensiuni:<\/strong> 38 x 42 cm<\/li>\n<li><strong>Broderie:<\/strong> 18 tubular hoop<\/li>\n<li><strong>Suprafa\u0163a pentru decorare:<\/strong> 33 x 36 cm<\/li>\n<\/ul>","protected":false},"excerpt":{"rendered":"<p>300 g\/m\u00b2 100% bumbac organic material premium m\u00e2nere de 67 cm se poate purta pe um\u0103r sau \u00een m\u00e2n\u0103 Capacitate:<\/p>","protected":false},"featured_media":204547,"comment_status":"open","ping_status":"closed","template":"","meta":[],"product_brand":[],"product_cat":[195],"product_tag":[],"class_list":{"0":"post-204552","1":"product","2":"type-product","3":"status-publish","4":"has-post-thumbnail","6":"product_cat-editie-limitata","8":"first","9":"instock","10":"shipping-taxable","11":"purchasable","12":"product-type-variable"},"_links":{"self":[{"href":"https:\/\/promis.ro\/ro\/wp-json\/wp\/v2\/product\/204552","targetHints":{"allow":["GET"]}}],"collection":[{"href":"https:\/\/promis.ro\/ro\/wp-json\/wp\/v2\/product"}],"about":[{"href":"https:\/\/promis.ro\/ro\/wp-json\/wp\/v2\/types\/product"}],"replies":[{"embeddable":true,"href":"https:\/\/promis.ro\/ro\/wp-json\/wp\/v2\/comments?post=204552"}],"version-history":[{"count":1,"href":"https:\/\/promis.ro\/ro\/wp-json\/wp\/v2\/product\/204552\/revisions"}],"predecessor-version":[{"id":262941,"href":"https:\/\/promis.ro\/ro\/wp-json\/wp\/v2\/product\/204552\/revisions\/262941"}],"wp:featuredmedia":[{"embeddable":true,"href":"https:\/\/promis.ro\/ro\/wp-json\/wp\/v2\/media\/204547"}],"wp:attachment":[{"href":"https:\/\/promis.ro\/ro\/wp-json\/wp\/v2\/media?parent=204552"}],"wp:term":[{"taxonomy":"product_brand","embeddable":true,"href":"https:\/\/promis.ro\/ro\/wp-json\/wp\/v2\/product_brand?post=204552"},{"taxonomy":"product_cat","embeddable":true,"href":"https:\/\/promis.ro\/ro\/wp-json\/wp\/v2\/product_cat?post=204552"},{"taxonomy":"product_tag","embeddable":true,"href":"https:\/\/promis.ro\/ro\/wp-json\/wp\/v2\/product_tag?post=204552"}],"curies":[{"name":"wp","href":"https:\/\/api.w.org\/{rel}","templated":true}]}}