{"id":204567,"date":"2025-11-14T23:40:29","date_gmt":"2025-11-14T23:40:29","guid":{"rendered":"https:\/\/promis.ro\/product\/canvas-tote-sh\/"},"modified":"2025-11-15T06:32:43","modified_gmt":"2025-11-15T06:32:43","slug":"canvas-tote-sh","status":"publish","type":"product","link":"https:\/\/promis.ro\/ro\/produs\/canvas-tote-sh\/","title":{"rendered":"Canvas Tote SH"},"content":{"rendered":"<ul>\n<li>340 g\/m\u00b2<\/li>\n<li>100% bumbac<\/li>\n<li>m\u00e2neri scurte SH 35 cm<\/li>\n<li>m\u00e2neri stabile<\/li>\n<li>dimensiuni 38&#215;42 cm<\/li>\n<li>potrivit pentru broderie, screen \u015fi transferprint<\/li>\n<li>Area de imprimare maxim\u0103: 30&#215;30 cm<\/li>\n<li>Numai sp\u0103lare cu m\u00e2inile cu ap\u0103 c\u0103ldu\u021b\u0103<\/li>\n<\/ul>","protected":false},"excerpt":{"rendered":"<p>340 g\/m\u00b2 100% bumbac m\u00e2neri scurte SH 35 cm m\u00e2neri stabile dimensiuni 38&#215;42 cm potrivit pentru broderie, screen \u015fi transferprint<\/p>","protected":false},"featured_media":204564,"comment_status":"open","ping_status":"closed","template":"","meta":[],"product_brand":[],"product_cat":[169],"product_tag":[],"class_list":{"0":"post-204567","1":"product","2":"type-product","3":"status-publish","4":"has-post-thumbnail","6":"product_cat-ghiozdane","8":"first","9":"instock","10":"shipping-taxable","11":"purchasable","12":"product-type-variable"},"_links":{"self":[{"href":"https:\/\/promis.ro\/ro\/wp-json\/wp\/v2\/product\/204567","targetHints":{"allow":["GET"]}}],"collection":[{"href":"https:\/\/promis.ro\/ro\/wp-json\/wp\/v2\/product"}],"about":[{"href":"https:\/\/promis.ro\/ro\/wp-json\/wp\/v2\/types\/product"}],"replies":[{"embeddable":true,"href":"https:\/\/promis.ro\/ro\/wp-json\/wp\/v2\/comments?post=204567"}],"version-history":[{"count":1,"href":"https:\/\/promis.ro\/ro\/wp-json\/wp\/v2\/product\/204567\/revisions"}],"predecessor-version":[{"id":262939,"href":"https:\/\/promis.ro\/ro\/wp-json\/wp\/v2\/product\/204567\/revisions\/262939"}],"wp:featuredmedia":[{"embeddable":true,"href":"https:\/\/promis.ro\/ro\/wp-json\/wp\/v2\/media\/204564"}],"wp:attachment":[{"href":"https:\/\/promis.ro\/ro\/wp-json\/wp\/v2\/media?parent=204567"}],"wp:term":[{"taxonomy":"product_brand","embeddable":true,"href":"https:\/\/promis.ro\/ro\/wp-json\/wp\/v2\/product_brand?post=204567"},{"taxonomy":"product_cat","embeddable":true,"href":"https:\/\/promis.ro\/ro\/wp-json\/wp\/v2\/product_cat?post=204567"},{"taxonomy":"product_tag","embeddable":true,"href":"https:\/\/promis.ro\/ro\/wp-json\/wp\/v2\/product_tag?post=204567"}],"curies":[{"name":"wp","href":"https:\/\/api.w.org\/{rel}","templated":true}]}}