{"id":204580,"date":"2025-11-14T23:40:42","date_gmt":"2025-11-14T23:40:42","guid":{"rendered":"https:\/\/promis.ro\/product\/printers-midi-jute-bag\/"},"modified":"2025-11-15T06:32:46","modified_gmt":"2025-11-15T06:32:46","slug":"printers-midi-jute-bag","status":"publish","type":"product","link":"https:\/\/promis.ro\/ro\/produs\/printers-midi-jute-bag\/","title":{"rendered":"Printers&#8217; Midi Jute Bag"},"content":{"rendered":"<p><strong>Partea lateral\u0103 \u015fi inferioar\u0103:<\/strong> 100% iut\u0103 laminat\u0103<\/p>\n<p><strong>Partea mare:<\/strong> culoare natural\u0103 100% bumbac<\/p>\n<p><strong>M\u00e2nere:<\/strong> 40 cm<\/p>\n<p><strong>Perfect pentru:<\/strong> imprimare<\/p>\n<p><strong>Capacitate:<\/strong> 14 litri<\/p>\n<p><strong>Dimensiuni:<\/strong> 30 x 30 x 19 cm<\/p>\n<p><strong>Area de broderie:<\/strong> 18 tubular hoop<\/p>\n<p><strong>Area de imprimare:<\/strong> 24 x 22 cm<\/p>","protected":false},"excerpt":{"rendered":"<p>Partea lateral\u0103 \u015fi inferioar\u0103: 100% iut\u0103 laminat\u0103 Partea mare: culoare natural\u0103 100% bumbac M\u00e2nere: 40 cm Perfect pentru: imprimare Capacitate:<\/p>","protected":false},"featured_media":204575,"comment_status":"open","ping_status":"closed","template":"","meta":[],"product_brand":[],"product_cat":[169],"product_tag":[],"class_list":{"0":"post-204580","1":"product","2":"type-product","3":"status-publish","4":"has-post-thumbnail","6":"product_cat-ghiozdane","8":"first","9":"instock","10":"shipping-taxable","11":"purchasable","12":"product-type-variable"},"_links":{"self":[{"href":"https:\/\/promis.ro\/ro\/wp-json\/wp\/v2\/product\/204580","targetHints":{"allow":["GET"]}}],"collection":[{"href":"https:\/\/promis.ro\/ro\/wp-json\/wp\/v2\/product"}],"about":[{"href":"https:\/\/promis.ro\/ro\/wp-json\/wp\/v2\/types\/product"}],"replies":[{"embeddable":true,"href":"https:\/\/promis.ro\/ro\/wp-json\/wp\/v2\/comments?post=204580"}],"version-history":[{"count":1,"href":"https:\/\/promis.ro\/ro\/wp-json\/wp\/v2\/product\/204580\/revisions"}],"predecessor-version":[{"id":262944,"href":"https:\/\/promis.ro\/ro\/wp-json\/wp\/v2\/product\/204580\/revisions\/262944"}],"wp:featuredmedia":[{"embeddable":true,"href":"https:\/\/promis.ro\/ro\/wp-json\/wp\/v2\/media\/204575"}],"wp:attachment":[{"href":"https:\/\/promis.ro\/ro\/wp-json\/wp\/v2\/media?parent=204580"}],"wp:term":[{"taxonomy":"product_brand","embeddable":true,"href":"https:\/\/promis.ro\/ro\/wp-json\/wp\/v2\/product_brand?post=204580"},{"taxonomy":"product_cat","embeddable":true,"href":"https:\/\/promis.ro\/ro\/wp-json\/wp\/v2\/product_cat?post=204580"},{"taxonomy":"product_tag","embeddable":true,"href":"https:\/\/promis.ro\/ro\/wp-json\/wp\/v2\/product_tag?post=204580"}],"curies":[{"name":"wp","href":"https:\/\/api.w.org\/{rel}","templated":true}]}}