{"id":204586,"date":"2025-11-14T23:40:49","date_gmt":"2025-11-14T23:40:49","guid":{"rendered":"https:\/\/promis.ro\/product\/northdale-insulated-bodywarmer\/"},"modified":"2025-11-15T06:32:56","modified_gmt":"2025-11-15T06:32:56","slug":"northdale-insulated-bodywarmer","status":"publish","type":"product","link":"https:\/\/promis.ro\/ro\/produs\/northdale-insulated-bodywarmer\/","title":{"rendered":"Northdale Insulated Bodywarmer"},"content":{"rendered":"<p><strong>Exterior:<\/strong> 100% poliester (300D)<\/p>\n<p><strong>Izola\u021bie:<\/strong> Warmloft sintetic\u0103 reciclat\u0103 la atingere<\/p>\n<p><strong>C\u0103ptu\u0219eal\u0103:<\/strong> 100% poliester (tafeta, picior de g\u0103in)<\/p>\n<p><strong>Finisaj:<\/strong> rezistent la ap\u0103<\/p>\n<p><strong>Guler interior:<\/strong> cu nervuri<\/p>\n<p><strong>Fermoar:<\/strong> complet cu ap\u0103r\u0103toare interioar\u0103 pentru fermoar \u0219i clap\u0103 de furtun\u0103<\/p>\n<ul>\n<li><strong>2 buzunare inferioare:<\/strong> cu fermoar<\/li>\n<li><strong>Buzunar interior:<\/strong> de securitate<\/li>\n<li><strong>Tivul de \u0219oc:<\/strong> reglabil<\/li>\n<li><strong>Buzunar c\u0103ptu\u0219it:<\/strong> pentru laptop pentru laptopuri \u0219i tablete de p\u00e2n\u0103 la 12 inchi<\/li>\n<li><strong>Intrare:<\/strong> cu fermoar ascuns \u00een c\u0103ptu\u0219eal\u0103 pentru acces la broderie<\/li>\n<\/ul>","protected":false},"excerpt":{"rendered":"<p>Exterior: 100% poliester (300D) Izola\u021bie: Warmloft sintetic\u0103 reciclat\u0103 la atingere C\u0103ptu\u0219eal\u0103: 100% poliester (tafeta, picior de g\u0103in) Finisaj: rezistent la<\/p>","protected":false},"featured_media":204581,"comment_status":"open","ping_status":"closed","template":"","meta":[],"product_brand":[],"product_cat":[193],"product_tag":[],"class_list":{"0":"post-204586","1":"product","2":"type-product","3":"status-publish","4":"has-post-thumbnail","6":"product_cat-ploaie-si-frig","8":"first","9":"instock","10":"shipping-taxable","11":"purchasable","12":"product-type-variable"},"_links":{"self":[{"href":"https:\/\/promis.ro\/ro\/wp-json\/wp\/v2\/product\/204586","targetHints":{"allow":["GET"]}}],"collection":[{"href":"https:\/\/promis.ro\/ro\/wp-json\/wp\/v2\/product"}],"about":[{"href":"https:\/\/promis.ro\/ro\/wp-json\/wp\/v2\/types\/product"}],"replies":[{"embeddable":true,"href":"https:\/\/promis.ro\/ro\/wp-json\/wp\/v2\/comments?post=204586"}],"version-history":[{"count":1,"href":"https:\/\/promis.ro\/ro\/wp-json\/wp\/v2\/product\/204586\/revisions"}],"predecessor-version":[{"id":262958,"href":"https:\/\/promis.ro\/ro\/wp-json\/wp\/v2\/product\/204586\/revisions\/262958"}],"wp:featuredmedia":[{"embeddable":true,"href":"https:\/\/promis.ro\/ro\/wp-json\/wp\/v2\/media\/204581"}],"wp:attachment":[{"href":"https:\/\/promis.ro\/ro\/wp-json\/wp\/v2\/media?parent=204586"}],"wp:term":[{"taxonomy":"product_brand","embeddable":true,"href":"https:\/\/promis.ro\/ro\/wp-json\/wp\/v2\/product_brand?post=204586"},{"taxonomy":"product_cat","embeddable":true,"href":"https:\/\/promis.ro\/ro\/wp-json\/wp\/v2\/product_cat?post=204586"},{"taxonomy":"product_tag","embeddable":true,"href":"https:\/\/promis.ro\/ro\/wp-json\/wp\/v2\/product_tag?post=204586"}],"curies":[{"name":"wp","href":"https:\/\/api.w.org\/{rel}","templated":true}]}}