{"id":208085,"date":"2025-11-15T00:05:23","date_gmt":"2025-11-15T00:05:23","guid":{"rendered":"https:\/\/promis.ro\/product\/ladies-base-layer-softshell\/"},"modified":"2025-11-15T06:36:08","modified_gmt":"2025-11-15T06:36:08","slug":"ladies-base-layer-softshell","status":"publish","type":"product","link":"https:\/\/promis.ro\/ro\/produs\/ladies-base-layer-softshell\/","title":{"rendered":"Ladies Base Layer Softshell"},"content":{"rendered":"<p><strong>Specifica\u021bii:<\/strong><\/p>\n<ul>\n<li>210 g\/m\u00b2<\/li>\n<li>materialul exterior: 93% poliester, 7% spandex<\/li>\n<li>materialul interior: plas\u0103 din poliester<\/li>\n<li>material respirabil<\/li>\n<li>rezistent la contactul cu apa \u0219i v\u00e2ntul<\/li>\n<li>\u00eenchidere cu fermoar pe toat\u0103 lungimea cu pliu interior cu protec\u021bie \u00eempotriva v\u00e2ntului<\/li>\n<li>mai multe buzunare \u00eenchise cu fermoar<\/li>\n<li>finisarea elastic\u0103 a m\u00e2necilor cu \u00eenchidere cu scai<\/li>\n<li>partea inferioar\u0103 este reglabil\u0103 cu ajutorul unui \u0219nur cu stopere<\/li>\n<li>croiala delicat adaptat\u0103<\/li>\n<li>posibilitatea de amplasare a unor decora\u021biuni pe piept, \u00een partea st\u00e2ng\u0103<\/li>\n<\/ul>","protected":false},"excerpt":{"rendered":"<p>Specifica\u021bii: 210 g\/m\u00b2 materialul exterior: 93% poliester, 7% spandex materialul interior: plas\u0103 din poliester material respirabil rezistent la contactul cu<\/p>","protected":false},"featured_media":208080,"comment_status":"open","ping_status":"closed","template":"","meta":[],"product_brand":[],"product_cat":[193],"product_tag":[],"class_list":{"0":"post-208085","1":"product","2":"type-product","3":"status-publish","4":"has-post-thumbnail","6":"product_cat-ploaie-si-frig","8":"first","9":"instock","10":"shipping-taxable","11":"purchasable","12":"product-type-variable"},"_links":{"self":[{"href":"https:\/\/promis.ro\/ro\/wp-json\/wp\/v2\/product\/208085","targetHints":{"allow":["GET"]}}],"collection":[{"href":"https:\/\/promis.ro\/ro\/wp-json\/wp\/v2\/product"}],"about":[{"href":"https:\/\/promis.ro\/ro\/wp-json\/wp\/v2\/types\/product"}],"replies":[{"embeddable":true,"href":"https:\/\/promis.ro\/ro\/wp-json\/wp\/v2\/comments?post=208085"}],"version-history":[{"count":1,"href":"https:\/\/promis.ro\/ro\/wp-json\/wp\/v2\/product\/208085\/revisions"}],"predecessor-version":[{"id":263113,"href":"https:\/\/promis.ro\/ro\/wp-json\/wp\/v2\/product\/208085\/revisions\/263113"}],"wp:featuredmedia":[{"embeddable":true,"href":"https:\/\/promis.ro\/ro\/wp-json\/wp\/v2\/media\/208080"}],"wp:attachment":[{"href":"https:\/\/promis.ro\/ro\/wp-json\/wp\/v2\/media?parent=208085"}],"wp:term":[{"taxonomy":"product_brand","embeddable":true,"href":"https:\/\/promis.ro\/ro\/wp-json\/wp\/v2\/product_brand?post=208085"},{"taxonomy":"product_cat","embeddable":true,"href":"https:\/\/promis.ro\/ro\/wp-json\/wp\/v2\/product_cat?post=208085"},{"taxonomy":"product_tag","embeddable":true,"href":"https:\/\/promis.ro\/ro\/wp-json\/wp\/v2\/product_tag?post=208085"}],"curies":[{"name":"wp","href":"https:\/\/api.w.org\/{rel}","templated":true}]}}