{"id":208089,"date":"2025-11-15T00:05:27","date_gmt":"2025-11-15T00:05:27","guid":{"rendered":"https:\/\/promis.ro\/product\/mens-epsilon-2-softshell\/"},"modified":"2025-11-15T06:36:06","modified_gmt":"2025-11-15T06:36:06","slug":"mens-epsilon-2-softshell","status":"publish","type":"product","link":"https:\/\/promis.ro\/ro\/produs\/mens-epsilon-2-softshell\/","title":{"rendered":"Men&#8217;s Epsilon 2 Softshell"},"content":{"rendered":"<p>\u00b7305 g\/m\u00b2 (c\u0103rbune de c\u0103rbune: 360 g\/m\u00b2)<br \/>\u00b795% Nylon, 5% Elastan (Ripstop)<br \/>\u00b7Charcoal Twil: 100% poliester<br \/>\u00b7Lipit cu microflee 100% poliester<br \/>\u00b7\u021aes\u0103tur\u0103 extensibil\u0103 mecanic\u0103 ultra-rezistent\u0103<br \/>\u00b7Impermeabil \u0219i respirabil<br \/>\u00b7Acoperire complet glug\u0103 ata\u0219at\u0103<br \/>\u00b7Fermoar complet cu protec\u021bie pentru b\u0103rbie<br \/>\u00b7Buzunare la piept cu fermoar<br \/>\u00b7Port audio<br \/>\u00b7Buzunare laterale cu fermoar<br \/>\u00b7Man\u0219ete reglabile.<\/p>","protected":false},"excerpt":{"rendered":"<p>\u00b7305 g\/m\u00b2 (c\u0103rbune de c\u0103rbune: 360 g\/m\u00b2)\u00b795% Nylon, 5% Elastan (Ripstop)\u00b7Charcoal Twil: 100% poliester\u00b7Lipit cu microflee 100% poliester\u00b7\u021aes\u0103tur\u0103 extensibil\u0103 mecanic\u0103<\/p>","protected":false},"featured_media":208086,"comment_status":"open","ping_status":"closed","template":"","meta":[],"product_brand":[],"product_cat":[193],"product_tag":[],"class_list":{"0":"post-208089","1":"product","2":"type-product","3":"status-publish","4":"has-post-thumbnail","6":"product_cat-ploaie-si-frig","8":"first","9":"instock","10":"shipping-taxable","11":"purchasable","12":"product-type-variable"},"_links":{"self":[{"href":"https:\/\/promis.ro\/ro\/wp-json\/wp\/v2\/product\/208089","targetHints":{"allow":["GET"]}}],"collection":[{"href":"https:\/\/promis.ro\/ro\/wp-json\/wp\/v2\/product"}],"about":[{"href":"https:\/\/promis.ro\/ro\/wp-json\/wp\/v2\/types\/product"}],"replies":[{"embeddable":true,"href":"https:\/\/promis.ro\/ro\/wp-json\/wp\/v2\/comments?post=208089"}],"version-history":[{"count":1,"href":"https:\/\/promis.ro\/ro\/wp-json\/wp\/v2\/product\/208089\/revisions"}],"predecessor-version":[{"id":263109,"href":"https:\/\/promis.ro\/ro\/wp-json\/wp\/v2\/product\/208089\/revisions\/263109"}],"wp:featuredmedia":[{"embeddable":true,"href":"https:\/\/promis.ro\/ro\/wp-json\/wp\/v2\/media\/208086"}],"wp:attachment":[{"href":"https:\/\/promis.ro\/ro\/wp-json\/wp\/v2\/media?parent=208089"}],"wp:term":[{"taxonomy":"product_brand","embeddable":true,"href":"https:\/\/promis.ro\/ro\/wp-json\/wp\/v2\/product_brand?post=208089"},{"taxonomy":"product_cat","embeddable":true,"href":"https:\/\/promis.ro\/ro\/wp-json\/wp\/v2\/product_cat?post=208089"},{"taxonomy":"product_tag","embeddable":true,"href":"https:\/\/promis.ro\/ro\/wp-json\/wp\/v2\/product_tag?post=208089"}],"curies":[{"name":"wp","href":"https:\/\/api.w.org\/{rel}","templated":true}]}}