{"id":208095,"date":"2025-11-15T00:05:34","date_gmt":"2025-11-15T00:05:34","guid":{"rendered":"https:\/\/promis.ro\/product\/ladies-smart-softshell-jacket\/"},"modified":"2025-11-15T06:36:09","modified_gmt":"2025-11-15T06:36:09","slug":"ladies-smart-softshell-jacket","status":"publish","type":"product","link":"https:\/\/promis.ro\/ro\/produs\/ladies-smart-softshell-jacket\/","title":{"rendered":"Ladies&#8217; Smart Softshell Jacket"},"content":{"rendered":"<p><strong>Greutate:<\/strong> 315 g\/m\u00b2<\/p>\n<ul>\n<li><strong>Material:<\/strong> 100% poliester la exterior, micropolar la interior<\/li>\n<li><strong>Caracteristici:<\/strong> Ofer\u0103 un grad ridicat de respirabilitate combinat\u0103 cu protec\u0163ie \u00eempotriva v\u00e2ntului \u015fi a recelui<\/li>\n<li>Acoperit cu strat de Teflon DWR<\/li>\n<li>Guler tip cadet<\/li>\n<li>Cu scaiuri la spatele g\u00e2tului<\/li>\n<li>2 buzunare cu fermoar<\/li>\n<li>Fermoare reverse<\/li>\n<li>Cu talie joas\u0103<\/li>\n<li>Acces pentru MP3<\/li>\n<\/ul>","protected":false},"excerpt":{"rendered":"<p>Greutate: 315 g\/m\u00b2 Material: 100% poliester la exterior, micropolar la interior Caracteristici: Ofer\u0103 un grad ridicat de respirabilitate combinat\u0103 cu<\/p>","protected":false},"featured_media":208090,"comment_status":"open","ping_status":"closed","template":"","meta":[],"product_brand":[],"product_cat":[193],"product_tag":[],"class_list":{"0":"post-208095","1":"product","2":"type-product","3":"status-publish","4":"has-post-thumbnail","6":"product_cat-ploaie-si-frig","8":"first","9":"instock","10":"shipping-taxable","11":"purchasable","12":"product-type-variable"},"_links":{"self":[{"href":"https:\/\/promis.ro\/ro\/wp-json\/wp\/v2\/product\/208095","targetHints":{"allow":["GET"]}}],"collection":[{"href":"https:\/\/promis.ro\/ro\/wp-json\/wp\/v2\/product"}],"about":[{"href":"https:\/\/promis.ro\/ro\/wp-json\/wp\/v2\/types\/product"}],"replies":[{"embeddable":true,"href":"https:\/\/promis.ro\/ro\/wp-json\/wp\/v2\/comments?post=208095"}],"version-history":[{"count":1,"href":"https:\/\/promis.ro\/ro\/wp-json\/wp\/v2\/product\/208095\/revisions"}],"predecessor-version":[{"id":263115,"href":"https:\/\/promis.ro\/ro\/wp-json\/wp\/v2\/product\/208095\/revisions\/263115"}],"wp:featuredmedia":[{"embeddable":true,"href":"https:\/\/promis.ro\/ro\/wp-json\/wp\/v2\/media\/208090"}],"wp:attachment":[{"href":"https:\/\/promis.ro\/ro\/wp-json\/wp\/v2\/media?parent=208095"}],"wp:term":[{"taxonomy":"product_brand","embeddable":true,"href":"https:\/\/promis.ro\/ro\/wp-json\/wp\/v2\/product_brand?post=208095"},{"taxonomy":"product_cat","embeddable":true,"href":"https:\/\/promis.ro\/ro\/wp-json\/wp\/v2\/product_cat?post=208095"},{"taxonomy":"product_tag","embeddable":true,"href":"https:\/\/promis.ro\/ro\/wp-json\/wp\/v2\/product_tag?post=208095"}],"curies":[{"name":"wp","href":"https:\/\/api.w.org\/{rel}","templated":true}]}}