{"id":208101,"date":"2025-11-15T00:05:41","date_gmt":"2025-11-15T00:05:41","guid":{"rendered":"https:\/\/promis.ro\/product\/womens-stavanger-thermal-vest\/"},"modified":"2025-11-15T06:36:07","modified_gmt":"2025-11-15T06:36:07","slug":"womens-stavanger-thermal-vest","status":"publish","type":"product","link":"https:\/\/promis.ro\/ro\/produs\/womens-stavanger-thermal-vest\/","title":{"rendered":"Women&#8217;s Stavanger Thermal Vest"},"content":{"rendered":"<p><strong>Specifica\u021bii:<\/strong><\/p>\n<ul>\n<li>40 g\/m\u00b2<\/li>\n<li>100% Nylon (acoperire PU)<\/li>\n<li>Finisaj impermeabil f\u0103r\u0103 PFC<\/li>\n<li>Fermoar complet cu protec\u021bie pentru b\u0103rbie<\/li>\n<li>Buzunar intern<\/li>\n<li>Media compatibil\u0103<\/li>\n<li>Buzunare laterale cu fermoar<\/li>\n<li>Tiv reglabil<\/li>\n<li>Ambalat \u00een buzunarul propriu<\/li>\n<li>\u00cen form\u0103 potrivit\u0103<\/li>\n<\/ul>","protected":false},"excerpt":{"rendered":"<p>Specifica\u021bii: 40 g\/m\u00b2 100% Nylon (acoperire PU) Finisaj impermeabil f\u0103r\u0103 PFC Fermoar complet cu protec\u021bie pentru b\u0103rbie Buzunar intern Media<\/p>","protected":false},"featured_media":208096,"comment_status":"open","ping_status":"closed","template":"","meta":[],"product_brand":[],"product_cat":[193],"product_tag":[],"class_list":{"0":"post-208101","1":"product","2":"type-product","3":"status-publish","4":"has-post-thumbnail","6":"product_cat-ploaie-si-frig","8":"first","9":"instock","10":"shipping-taxable","11":"purchasable","12":"product-type-variable"},"_links":{"self":[{"href":"https:\/\/promis.ro\/ro\/wp-json\/wp\/v2\/product\/208101","targetHints":{"allow":["GET"]}}],"collection":[{"href":"https:\/\/promis.ro\/ro\/wp-json\/wp\/v2\/product"}],"about":[{"href":"https:\/\/promis.ro\/ro\/wp-json\/wp\/v2\/types\/product"}],"replies":[{"embeddable":true,"href":"https:\/\/promis.ro\/ro\/wp-json\/wp\/v2\/comments?post=208101"}],"version-history":[{"count":1,"href":"https:\/\/promis.ro\/ro\/wp-json\/wp\/v2\/product\/208101\/revisions"}],"predecessor-version":[{"id":263111,"href":"https:\/\/promis.ro\/ro\/wp-json\/wp\/v2\/product\/208101\/revisions\/263111"}],"wp:featuredmedia":[{"embeddable":true,"href":"https:\/\/promis.ro\/ro\/wp-json\/wp\/v2\/media\/208096"}],"wp:attachment":[{"href":"https:\/\/promis.ro\/ro\/wp-json\/wp\/v2\/media?parent=208101"}],"wp:term":[{"taxonomy":"product_brand","embeddable":true,"href":"https:\/\/promis.ro\/ro\/wp-json\/wp\/v2\/product_brand?post=208101"},{"taxonomy":"product_cat","embeddable":true,"href":"https:\/\/promis.ro\/ro\/wp-json\/wp\/v2\/product_cat?post=208101"},{"taxonomy":"product_tag","embeddable":true,"href":"https:\/\/promis.ro\/ro\/wp-json\/wp\/v2\/product_tag?post=208101"}],"curies":[{"name":"wp","href":"https:\/\/api.w.org\/{rel}","templated":true}]}}