{"id":212974,"date":"2025-11-15T00:54:02","date_gmt":"2025-11-15T00:54:02","guid":{"rendered":"https:\/\/promis.ro\/product\/hydroforce-3-layer-membrane-softshell\/"},"modified":"2025-11-15T06:36:22","modified_gmt":"2025-11-15T06:36:22","slug":"hydroforce-3-layer-membrane-softshell","status":"publish","type":"product","link":"https:\/\/promis.ro\/ro\/produs\/hydroforce-3-layer-membrane-softshell\/","title":{"rendered":"Hydroforce 3-Layer Membrane Softshell"},"content":{"rendered":"<p><strong>Exterior:<\/strong> 100% poliester<\/p>\n<p><strong>Interior:<\/strong> poliester<\/p>\n<p><strong>Material:<\/strong> respirabil de 3 straturi<\/p>\n<p><strong>Finisaj:<\/strong> respinge apa cu finisaj ATL<\/p>\n<p><strong>Rezisten\u021b\u0103:<\/strong> la ap\u0103 \u015fi la v\u00e2nt<\/p>\n<ul>\n<li><strong>Glug\u0103:<\/strong> ajustabil\u0103<\/li>\n<li><strong>Man\u015fete:<\/strong> ajustabile<\/li>\n<li><strong>Buzunare:<\/strong> cu fermoar<\/li>\n<li><strong>Buzunare interioare:<\/strong> pentru telefon mobil<\/li>\n<li><strong>Tiv:<\/strong> ajustabil<\/li>\n<\/ul>","protected":false},"excerpt":{"rendered":"<p>Exterior: 100% poliester Interior: poliester Material: respirabil de 3 straturi Finisaj: respinge apa cu finisaj ATL Rezisten\u021b\u0103: la ap\u0103 \u015fi<\/p>","protected":false},"featured_media":212969,"comment_status":"open","ping_status":"closed","template":"","meta":[],"product_brand":[],"product_cat":[193],"product_tag":[],"class_list":{"0":"post-212974","1":"product","2":"type-product","3":"status-publish","4":"has-post-thumbnail","6":"product_cat-ploaie-si-frig","8":"first","9":"instock","10":"shipping-taxable","11":"purchasable","12":"product-type-variable"},"_links":{"self":[{"href":"https:\/\/promis.ro\/ro\/wp-json\/wp\/v2\/product\/212974","targetHints":{"allow":["GET"]}}],"collection":[{"href":"https:\/\/promis.ro\/ro\/wp-json\/wp\/v2\/product"}],"about":[{"href":"https:\/\/promis.ro\/ro\/wp-json\/wp\/v2\/types\/product"}],"replies":[{"embeddable":true,"href":"https:\/\/promis.ro\/ro\/wp-json\/wp\/v2\/comments?post=212974"}],"version-history":[{"count":1,"href":"https:\/\/promis.ro\/ro\/wp-json\/wp\/v2\/product\/212974\/revisions"}],"predecessor-version":[{"id":263130,"href":"https:\/\/promis.ro\/ro\/wp-json\/wp\/v2\/product\/212974\/revisions\/263130"}],"wp:featuredmedia":[{"embeddable":true,"href":"https:\/\/promis.ro\/ro\/wp-json\/wp\/v2\/media\/212969"}],"wp:attachment":[{"href":"https:\/\/promis.ro\/ro\/wp-json\/wp\/v2\/media?parent=212974"}],"wp:term":[{"taxonomy":"product_brand","embeddable":true,"href":"https:\/\/promis.ro\/ro\/wp-json\/wp\/v2\/product_brand?post=212974"},{"taxonomy":"product_cat","embeddable":true,"href":"https:\/\/promis.ro\/ro\/wp-json\/wp\/v2\/product_cat?post=212974"},{"taxonomy":"product_tag","embeddable":true,"href":"https:\/\/promis.ro\/ro\/wp-json\/wp\/v2\/product_tag?post=212974"}],"curies":[{"name":"wp","href":"https:\/\/api.w.org\/{rel}","templated":true}]}}