{"id":212986,"date":"2025-11-15T00:54:17","date_gmt":"2025-11-15T00:54:17","guid":{"rendered":"https:\/\/promis.ro\/product\/sandstorm-workwear-softshell\/"},"modified":"2025-11-15T06:36:19","modified_gmt":"2025-11-15T06:36:19","slug":"sandstorm-workwear-softshell","status":"publish","type":"product","link":"https:\/\/promis.ro\/ro\/produs\/sandstorm-workwear-softshell\/","title":{"rendered":"Sandstorm Workwear Softshell"},"content":{"rendered":"<p><strong>Greutate:<\/strong> 290 g\/m\u00b2<\/p>\n<p><strong>Compozi\u021bie:<\/strong> 94% poliester, 6% elastan<\/p>\n<p><strong>Interior:<\/strong> 100% poliamid\u0103<\/p>\n<p><strong>Beneficii:<\/strong><\/p>\n<ul>\n<li>Poliamida ofer\u0103 durabilitate<\/li>\n<li>Respinge apa cu material ATL<\/li>\n<\/ul>\n<p><strong>Caracteristici:<\/strong><\/p>\n<ul>\n<li>Fermoar lung<\/li>\n<li>Cu m\u00e2nec\u0103 lung\u0103<\/li>\n<li>Buzunare cu fermoar<\/li>\n<li>Man\u015fete ajustabile<\/li>\n<li>Detalii reflectorizante<\/li>\n<li>Tiv ajustabil<\/li>\n<\/ul>","protected":false},"excerpt":{"rendered":"<p>Greutate: 290 g\/m\u00b2 Compozi\u021bie: 94% poliester, 6% elastan Interior: 100% poliamid\u0103 Beneficii: Poliamida ofer\u0103 durabilitate Respinge apa cu material ATL<\/p>","protected":false},"featured_media":212981,"comment_status":"open","ping_status":"closed","template":"","meta":[],"product_brand":[],"product_cat":[193],"product_tag":[],"class_list":{"0":"post-212986","1":"product","2":"type-product","3":"status-publish","4":"has-post-thumbnail","6":"product_cat-ploaie-si-frig","8":"first","9":"instock","10":"shipping-taxable","11":"purchasable","12":"product-type-variable"},"_links":{"self":[{"href":"https:\/\/promis.ro\/ro\/wp-json\/wp\/v2\/product\/212986","targetHints":{"allow":["GET"]}}],"collection":[{"href":"https:\/\/promis.ro\/ro\/wp-json\/wp\/v2\/product"}],"about":[{"href":"https:\/\/promis.ro\/ro\/wp-json\/wp\/v2\/types\/product"}],"replies":[{"embeddable":true,"href":"https:\/\/promis.ro\/ro\/wp-json\/wp\/v2\/comments?post=212986"}],"version-history":[{"count":1,"href":"https:\/\/promis.ro\/ro\/wp-json\/wp\/v2\/product\/212986\/revisions"}],"predecessor-version":[{"id":263127,"href":"https:\/\/promis.ro\/ro\/wp-json\/wp\/v2\/product\/212986\/revisions\/263127"}],"wp:featuredmedia":[{"embeddable":true,"href":"https:\/\/promis.ro\/ro\/wp-json\/wp\/v2\/media\/212981"}],"wp:attachment":[{"href":"https:\/\/promis.ro\/ro\/wp-json\/wp\/v2\/media?parent=212986"}],"wp:term":[{"taxonomy":"product_brand","embeddable":true,"href":"https:\/\/promis.ro\/ro\/wp-json\/wp\/v2\/product_brand?post=212986"},{"taxonomy":"product_cat","embeddable":true,"href":"https:\/\/promis.ro\/ro\/wp-json\/wp\/v2\/product_cat?post=212986"},{"taxonomy":"product_tag","embeddable":true,"href":"https:\/\/promis.ro\/ro\/wp-json\/wp\/v2\/product_tag?post=212986"}],"curies":[{"name":"wp","href":"https:\/\/api.w.org\/{rel}","templated":true}]}}