{"id":212988,"date":"2025-11-15T00:54:18","date_gmt":"2025-11-15T00:54:18","guid":{"rendered":"https:\/\/promis.ro\/product\/womens-stavanger-thermal-jacket\/"},"modified":"2025-11-15T06:36:14","modified_gmt":"2025-11-15T06:36:14","slug":"womens-stavanger-thermal-jacket","status":"publish","type":"product","link":"https:\/\/promis.ro\/ro\/produs\/womens-stavanger-thermal-jacket\/","title":{"rendered":"Women&#8217;s Stavanger Thermal Jacket"},"content":{"rendered":"<p><strong>Specifica\u021bii:<\/strong><\/p>\n<ul>\n<li>40 g\/m\u00b2<\/li>\n<li>100% Nylon (acoperire PU)<\/li>\n<li>Finisaj impermeabil f\u0103r\u0103 PFC<\/li>\n<li>C\u0103ptu\u0219eal\u0103 \u00een culori contrastante<\/li>\n<li>Acoperire complet\u0103, glug\u0103 ata\u0219at\u0103<\/li>\n<li>Fermoar complet cu protec\u021bie pentru b\u0103rbie<\/li>\n<li>Buzunar intern<\/li>\n<li>Media compatibil\u0103<\/li>\n<li>Buzunare laterale cu fermoar<\/li>\n<li>Man\u0219ete elastice<\/li>\n<li>Tiv reglabil<\/li>\n<li>Ambalat \u00een buzunarul propriu<\/li>\n<li>\u00cen form\u0103 potrivit\u0103<\/li>\n<\/ul>","protected":false},"excerpt":{"rendered":"<p>Specifica\u021bii: 40 g\/m\u00b2 100% Nylon (acoperire PU) Finisaj impermeabil f\u0103r\u0103 PFC C\u0103ptu\u0219eal\u0103 \u00een culori contrastante Acoperire complet\u0103, glug\u0103 ata\u0219at\u0103 Fermoar<\/p>","protected":false},"featured_media":212987,"comment_status":"open","ping_status":"closed","template":"","meta":[],"product_brand":[],"product_cat":[193],"product_tag":[],"class_list":{"0":"post-212988","1":"product","2":"type-product","3":"status-publish","4":"has-post-thumbnail","6":"product_cat-ploaie-si-frig","8":"first","9":"instock","10":"shipping-taxable","11":"purchasable","12":"product-type-variable"},"_links":{"self":[{"href":"https:\/\/promis.ro\/ro\/wp-json\/wp\/v2\/product\/212988","targetHints":{"allow":["GET"]}}],"collection":[{"href":"https:\/\/promis.ro\/ro\/wp-json\/wp\/v2\/product"}],"about":[{"href":"https:\/\/promis.ro\/ro\/wp-json\/wp\/v2\/types\/product"}],"replies":[{"embeddable":true,"href":"https:\/\/promis.ro\/ro\/wp-json\/wp\/v2\/comments?post=212988"}],"version-history":[{"count":1,"href":"https:\/\/promis.ro\/ro\/wp-json\/wp\/v2\/product\/212988\/revisions"}],"predecessor-version":[{"id":263121,"href":"https:\/\/promis.ro\/ro\/wp-json\/wp\/v2\/product\/212988\/revisions\/263121"}],"wp:featuredmedia":[{"embeddable":true,"href":"https:\/\/promis.ro\/ro\/wp-json\/wp\/v2\/media\/212987"}],"wp:attachment":[{"href":"https:\/\/promis.ro\/ro\/wp-json\/wp\/v2\/media?parent=212988"}],"wp:term":[{"taxonomy":"product_brand","embeddable":true,"href":"https:\/\/promis.ro\/ro\/wp-json\/wp\/v2\/product_brand?post=212988"},{"taxonomy":"product_cat","embeddable":true,"href":"https:\/\/promis.ro\/ro\/wp-json\/wp\/v2\/product_cat?post=212988"},{"taxonomy":"product_tag","embeddable":true,"href":"https:\/\/promis.ro\/ro\/wp-json\/wp\/v2\/product_tag?post=212988"}],"curies":[{"name":"wp","href":"https:\/\/api.w.org\/{rel}","templated":true}]}}