{"id":213003,"date":"2025-11-15T00:54:35","date_gmt":"2025-11-15T00:54:35","guid":{"rendered":"https:\/\/promis.ro\/product\/zepelin-jacket\/"},"modified":"2025-11-15T06:36:18","modified_gmt":"2025-11-15T06:36:18","slug":"zepelin-jacket","status":"publish","type":"product","link":"https:\/\/promis.ro\/ro\/produs\/zepelin-jacket\/","title":{"rendered":"Zepelin Jacket"},"content":{"rendered":"<p><strong>Specifica\u021bii:<\/strong><\/p>\n<ul>\n<li>65 g\/m\u00b2<\/li>\n<li>Exterior: 100% poliester (300T, reciclat)<\/li>\n<li>Interior \u015fi c\u0103ptu\u015feal\u0103: 100% poliester<\/li>\n<li>Rezistent la v\u00e2nt<\/li>\n<li>Hidrofug<\/li>\n<li>Fermoar pe toat\u0103 lungimea produsului cu clap\u0103 interioar\u0103 pentru protec\u0163ie \u00eempotriva v\u00e2ntului<\/li>\n<li>Buzunar interior<\/li>\n<li>Buzunare frontale cu fermoar<\/li>\n<li>Acces \u00een interior cu fermoar pentru decora\u0163ii<\/li>\n<li>Design aderent corpului<\/li>\n<\/ul>","protected":false},"excerpt":{"rendered":"<p>Specifica\u021bii: 65 g\/m\u00b2 Exterior: 100% poliester (300T, reciclat) Interior \u015fi c\u0103ptu\u015feal\u0103: 100% poliester Rezistent la v\u00e2nt Hidrofug Fermoar pe toat\u0103<\/p>","protected":false},"featured_media":212998,"comment_status":"open","ping_status":"closed","template":"","meta":[],"product_brand":[],"product_cat":[195],"product_tag":[],"class_list":{"0":"post-213003","1":"product","2":"type-product","3":"status-publish","4":"has-post-thumbnail","6":"product_cat-editie-limitata","8":"first","9":"instock","10":"shipping-taxable","11":"purchasable","12":"product-type-variable"},"_links":{"self":[{"href":"https:\/\/promis.ro\/ro\/wp-json\/wp\/v2\/product\/213003","targetHints":{"allow":["GET"]}}],"collection":[{"href":"https:\/\/promis.ro\/ro\/wp-json\/wp\/v2\/product"}],"about":[{"href":"https:\/\/promis.ro\/ro\/wp-json\/wp\/v2\/types\/product"}],"replies":[{"embeddable":true,"href":"https:\/\/promis.ro\/ro\/wp-json\/wp\/v2\/comments?post=213003"}],"version-history":[{"count":1,"href":"https:\/\/promis.ro\/ro\/wp-json\/wp\/v2\/product\/213003\/revisions"}],"predecessor-version":[{"id":263125,"href":"https:\/\/promis.ro\/ro\/wp-json\/wp\/v2\/product\/213003\/revisions\/263125"}],"wp:featuredmedia":[{"embeddable":true,"href":"https:\/\/promis.ro\/ro\/wp-json\/wp\/v2\/media\/212998"}],"wp:attachment":[{"href":"https:\/\/promis.ro\/ro\/wp-json\/wp\/v2\/media?parent=213003"}],"wp:term":[{"taxonomy":"product_brand","embeddable":true,"href":"https:\/\/promis.ro\/ro\/wp-json\/wp\/v2\/product_brand?post=213003"},{"taxonomy":"product_cat","embeddable":true,"href":"https:\/\/promis.ro\/ro\/wp-json\/wp\/v2\/product_cat?post=213003"},{"taxonomy":"product_tag","embeddable":true,"href":"https:\/\/promis.ro\/ro\/wp-json\/wp\/v2\/product_tag?post=213003"}],"curies":[{"name":"wp","href":"https:\/\/api.w.org\/{rel}","templated":true}]}}