{"id":213009,"date":"2025-11-15T00:54:43","date_gmt":"2025-11-15T00:54:43","guid":{"rendered":"https:\/\/promis.ro\/product\/altitude-jacket\/"},"modified":"2025-11-15T06:36:11","modified_gmt":"2025-11-15T06:36:11","slug":"altitude-jacket","status":"publish","type":"product","link":"https:\/\/promis.ro\/ro\/produs\/altitude-jacket\/","title":{"rendered":"Altitude Jacket"},"content":{"rendered":"<p><strong>Shell:<\/strong> 45 g\/m\u00b2 (CDN)<br \/><strong>100% nailon micro ripstop<\/strong><br \/><strong>Umplutur\u0103:<\/strong> 100% poliester polyfill<\/p>\n<ul>\n<li>M\u00e2neci articulate<\/li>\n<li>Buzunare cu tricot pentru a \u00eenc\u0103lzi m\u00e2inile<\/li>\n<li>Clapeta interioar\u0103 cu protec\u0163ie \u00eempotriva furtunii pe toat\u0103 lungimea<\/li>\n<li>Accesul pentru broderie<\/li>\n<\/ul>","protected":false},"excerpt":{"rendered":"<p>Shell: 45 g\/m\u00b2 (CDN)100% nailon micro ripstopUmplutur\u0103: 100% poliester polyfill M\u00e2neci articulate Buzunare cu tricot pentru a \u00eenc\u0103lzi m\u00e2inile Clapeta<\/p>","protected":false},"featured_media":213004,"comment_status":"open","ping_status":"closed","template":"","meta":[],"product_brand":[],"product_cat":[193],"product_tag":[],"class_list":{"0":"post-213009","1":"product","2":"type-product","3":"status-publish","4":"has-post-thumbnail","6":"product_cat-ploaie-si-frig","8":"first","9":"instock","10":"shipping-taxable","11":"purchasable","12":"product-type-variable"},"_links":{"self":[{"href":"https:\/\/promis.ro\/ro\/wp-json\/wp\/v2\/product\/213009","targetHints":{"allow":["GET"]}}],"collection":[{"href":"https:\/\/promis.ro\/ro\/wp-json\/wp\/v2\/product"}],"about":[{"href":"https:\/\/promis.ro\/ro\/wp-json\/wp\/v2\/types\/product"}],"replies":[{"embeddable":true,"href":"https:\/\/promis.ro\/ro\/wp-json\/wp\/v2\/comments?post=213009"}],"version-history":[{"count":1,"href":"https:\/\/promis.ro\/ro\/wp-json\/wp\/v2\/product\/213009\/revisions"}],"predecessor-version":[{"id":263116,"href":"https:\/\/promis.ro\/ro\/wp-json\/wp\/v2\/product\/213009\/revisions\/263116"}],"wp:featuredmedia":[{"embeddable":true,"href":"https:\/\/promis.ro\/ro\/wp-json\/wp\/v2\/media\/213004"}],"wp:attachment":[{"href":"https:\/\/promis.ro\/ro\/wp-json\/wp\/v2\/media?parent=213009"}],"wp:term":[{"taxonomy":"product_brand","embeddable":true,"href":"https:\/\/promis.ro\/ro\/wp-json\/wp\/v2\/product_brand?post=213009"},{"taxonomy":"product_cat","embeddable":true,"href":"https:\/\/promis.ro\/ro\/wp-json\/wp\/v2\/product_cat?post=213009"},{"taxonomy":"product_tag","embeddable":true,"href":"https:\/\/promis.ro\/ro\/wp-json\/wp\/v2\/product_tag?post=213009"}],"curies":[{"name":"wp","href":"https:\/\/api.w.org\/{rel}","templated":true}]}}