{"id":213013,"date":"2025-11-15T00:54:47","date_gmt":"2025-11-15T00:54:47","guid":{"rendered":"https:\/\/promis.ro\/product\/fluo-bomber-jacket\/"},"modified":"2025-11-15T06:36:15","modified_gmt":"2025-11-15T06:36:15","slug":"fluo-bomber-jacket","status":"publish","type":"product","link":"https:\/\/promis.ro\/ro\/produs\/fluo-bomber-jacket\/","title":{"rendered":"Fluo Bomber Jacket"},"content":{"rendered":"<p><strong>190 g\/m\u00b2<\/strong><\/p>\n<p><strong>100% poliester<\/strong><\/p>\n<ul>\n<li>jacheta de siguran\u0163\u0103 cu dungi reflectorizante, verticale \u015fi orizontale pe partea de fa\u0163\u0103 \u015fi pe spate<\/li>\n<li>guler cu o glug\u0103 integrat\u0103<\/li>\n<li>fermoar pe toat\u0103 lungimea cu un pliu cu clapete<\/li>\n<li>buzunar interior, buzunare laterale \u015fi un buzunar pentru telefon mobil<\/li>\n<li>m\u00e2necile \u015fi partea de jos a jachetei elastice<\/li>\n<\/ul>","protected":false},"excerpt":{"rendered":"<p>190 g\/m\u00b2 100% poliester jacheta de siguran\u0163\u0103 cu dungi reflectorizante, verticale \u015fi orizontale pe partea de fa\u0163\u0103 \u015fi pe spate<\/p>","protected":false},"featured_media":213010,"comment_status":"open","ping_status":"closed","template":"","meta":[],"product_brand":[],"product_cat":[193],"product_tag":[],"class_list":{"0":"post-213013","1":"product","2":"type-product","3":"status-publish","4":"has-post-thumbnail","6":"product_cat-ploaie-si-frig","8":"first","9":"instock","10":"shipping-taxable","11":"purchasable","12":"product-type-variable"},"_links":{"self":[{"href":"https:\/\/promis.ro\/ro\/wp-json\/wp\/v2\/product\/213013","targetHints":{"allow":["GET"]}}],"collection":[{"href":"https:\/\/promis.ro\/ro\/wp-json\/wp\/v2\/product"}],"about":[{"href":"https:\/\/promis.ro\/ro\/wp-json\/wp\/v2\/types\/product"}],"replies":[{"embeddable":true,"href":"https:\/\/promis.ro\/ro\/wp-json\/wp\/v2\/comments?post=213013"}],"version-history":[{"count":1,"href":"https:\/\/promis.ro\/ro\/wp-json\/wp\/v2\/product\/213013\/revisions"}],"predecessor-version":[{"id":263122,"href":"https:\/\/promis.ro\/ro\/wp-json\/wp\/v2\/product\/213013\/revisions\/263122"}],"wp:featuredmedia":[{"embeddable":true,"href":"https:\/\/promis.ro\/ro\/wp-json\/wp\/v2\/media\/213010"}],"wp:attachment":[{"href":"https:\/\/promis.ro\/ro\/wp-json\/wp\/v2\/media?parent=213013"}],"wp:term":[{"taxonomy":"product_brand","embeddable":true,"href":"https:\/\/promis.ro\/ro\/wp-json\/wp\/v2\/product_brand?post=213013"},{"taxonomy":"product_cat","embeddable":true,"href":"https:\/\/promis.ro\/ro\/wp-json\/wp\/v2\/product_cat?post=213013"},{"taxonomy":"product_tag","embeddable":true,"href":"https:\/\/promis.ro\/ro\/wp-json\/wp\/v2\/product_tag?post=213013"}],"curies":[{"name":"wp","href":"https:\/\/api.w.org\/{rel}","templated":true}]}}