{"id":213015,"date":"2025-11-15T00:54:49","date_gmt":"2025-11-15T00:54:49","guid":{"rendered":"https:\/\/promis.ro\/product\/womens-matrix-system-jacket\/"},"modified":"2025-11-15T06:36:21","modified_gmt":"2025-11-15T06:36:21","slug":"womens-matrix-system-jacket","status":"publish","type":"product","link":"https:\/\/promis.ro\/ro\/produs\/womens-matrix-system-jacket\/","title":{"rendered":"Women&#8217;s Matrix System Jacket"},"content":{"rendered":"<p><strong>Specifica\u021bii:<\/strong><\/p>\n<ul>\n<li>240 g\/m\u00b2<\/li>\n<li>100% Poliester<\/li>\n<li>Geac\u0103 3-\u00een-1 impermeabil\u0103 (10.000 mm) \u0219i respirabil\u0103 (3.000 g\/m\u00b2)<\/li>\n<li>Glug\u0103 articulat\u0103 deta\u0219abil\u0103<\/li>\n<li>Fermoar complet cu stormclap\u0103 exterioar\u0103<\/li>\n<li>Buzunare piept \u0219i lateral cu fermoare impermeabile<\/li>\n<li>Man\u0219ete \u0219i tiv reglabile<\/li>\n<li>Cus\u0103turi complet sigilate<\/li>\n<li>Jacheta interioar\u0103 matlasat\u0103 poate fi \u00eenchis\u0103 cu fermoar<\/li>\n<li>Potrivit pentru vreme rece extrem\u0103 (de la 0\u00b0 la -20\u00b0C)<\/li>\n<li>\u00cen form\u0103 potrivit\u0103.<\/li>\n<\/ul>","protected":false},"excerpt":{"rendered":"<p>Specifica\u021bii: 240 g\/m\u00b2 100% Poliester Geac\u0103 3-\u00een-1 impermeabil\u0103 (10.000 mm) \u0219i respirabil\u0103 (3.000 g\/m\u00b2) Glug\u0103 articulat\u0103 deta\u0219abil\u0103 Fermoar complet cu<\/p>","protected":false},"featured_media":213014,"comment_status":"open","ping_status":"closed","template":"","meta":[],"product_brand":[],"product_cat":[193],"product_tag":[],"class_list":{"0":"post-213015","1":"product","2":"type-product","3":"status-publish","4":"has-post-thumbnail","6":"product_cat-ploaie-si-frig","8":"first","9":"instock","10":"shipping-taxable","11":"purchasable","12":"product-type-variable"},"_links":{"self":[{"href":"https:\/\/promis.ro\/ro\/wp-json\/wp\/v2\/product\/213015","targetHints":{"allow":["GET"]}}],"collection":[{"href":"https:\/\/promis.ro\/ro\/wp-json\/wp\/v2\/product"}],"about":[{"href":"https:\/\/promis.ro\/ro\/wp-json\/wp\/v2\/types\/product"}],"replies":[{"embeddable":true,"href":"https:\/\/promis.ro\/ro\/wp-json\/wp\/v2\/comments?post=213015"}],"version-history":[{"count":1,"href":"https:\/\/promis.ro\/ro\/wp-json\/wp\/v2\/product\/213015\/revisions"}],"predecessor-version":[{"id":263129,"href":"https:\/\/promis.ro\/ro\/wp-json\/wp\/v2\/product\/213015\/revisions\/263129"}],"wp:featuredmedia":[{"embeddable":true,"href":"https:\/\/promis.ro\/ro\/wp-json\/wp\/v2\/media\/213014"}],"wp:attachment":[{"href":"https:\/\/promis.ro\/ro\/wp-json\/wp\/v2\/media?parent=213015"}],"wp:term":[{"taxonomy":"product_brand","embeddable":true,"href":"https:\/\/promis.ro\/ro\/wp-json\/wp\/v2\/product_brand?post=213015"},{"taxonomy":"product_cat","embeddable":true,"href":"https:\/\/promis.ro\/ro\/wp-json\/wp\/v2\/product_cat?post=213015"},{"taxonomy":"product_tag","embeddable":true,"href":"https:\/\/promis.ro\/ro\/wp-json\/wp\/v2\/product_tag?post=213015"}],"curies":[{"name":"wp","href":"https:\/\/api.w.org\/{rel}","templated":true}]}}