{"id":213021,"date":"2025-11-15T00:54:56","date_gmt":"2025-11-15T00:54:56","guid":{"rendered":"https:\/\/promis.ro\/product\/womens-patrol-softshell-jacket\/"},"modified":"2025-11-15T06:36:29","modified_gmt":"2025-11-15T06:36:29","slug":"womens-patrol-softshell-jacket","status":"publish","type":"product","link":"https:\/\/promis.ro\/ro\/produs\/womens-patrol-softshell-jacket\/","title":{"rendered":"Women&#8217;s Patrol Softshell Jacket"},"content":{"rendered":"<p><strong>Specifica\u021bii:<\/strong><\/p>\n<ul>\n<li>240 g\/m\u00b2<\/li>\n<li>100% poliester cu \u00eentindere mecanic\u0103<\/li>\n<li>Cu c\u0103ptu\u0219eal\u0103 jersez<\/li>\n<li>Rezistent la ap\u0103 (10.000 mm) \u0219i respirabil (3.000 g \/ m\u00b2 \u00een 24 de ore)<\/li>\n<li>Glug\u0103 deta\u0219abil\u0103 cu \u0219nur<\/li>\n<li>Impermeabil cu fermoar lung<\/li>\n<li>Buzunare \u00een piept cu fermoar, buzunare laterale cu c\u0103ptu\u0219eal\u0103 din piele tricotat\u0103<\/li>\n<li>Multi cot<\/li>\n<li>Mansete \u0219i tifon reglabile<\/li>\n<li>La spate mai lung<\/li>\n<li>Cus\u0103turi sigilate<\/li>\n<\/ul>","protected":false},"excerpt":{"rendered":"<p>Specifica\u021bii: 240 g\/m\u00b2 100% poliester cu \u00eentindere mecanic\u0103 Cu c\u0103ptu\u0219eal\u0103 jersez Rezistent la ap\u0103 (10.000 mm) \u0219i respirabil (3.000 g<\/p>","protected":false},"featured_media":213016,"comment_status":"open","ping_status":"closed","template":"","meta":[],"product_brand":[],"product_cat":[193],"product_tag":[],"class_list":{"0":"post-213021","1":"product","2":"type-product","3":"status-publish","4":"has-post-thumbnail","6":"product_cat-ploaie-si-frig","8":"first","9":"instock","10":"shipping-taxable","11":"purchasable","12":"product-type-variable"},"_links":{"self":[{"href":"https:\/\/promis.ro\/ro\/wp-json\/wp\/v2\/product\/213021","targetHints":{"allow":["GET"]}}],"collection":[{"href":"https:\/\/promis.ro\/ro\/wp-json\/wp\/v2\/product"}],"about":[{"href":"https:\/\/promis.ro\/ro\/wp-json\/wp\/v2\/types\/product"}],"replies":[{"embeddable":true,"href":"https:\/\/promis.ro\/ro\/wp-json\/wp\/v2\/comments?post=213021"}],"version-history":[{"count":1,"href":"https:\/\/promis.ro\/ro\/wp-json\/wp\/v2\/product\/213021\/revisions"}],"predecessor-version":[{"id":263138,"href":"https:\/\/promis.ro\/ro\/wp-json\/wp\/v2\/product\/213021\/revisions\/263138"}],"wp:featuredmedia":[{"embeddable":true,"href":"https:\/\/promis.ro\/ro\/wp-json\/wp\/v2\/media\/213016"}],"wp:attachment":[{"href":"https:\/\/promis.ro\/ro\/wp-json\/wp\/v2\/media?parent=213021"}],"wp:term":[{"taxonomy":"product_brand","embeddable":true,"href":"https:\/\/promis.ro\/ro\/wp-json\/wp\/v2\/product_brand?post=213021"},{"taxonomy":"product_cat","embeddable":true,"href":"https:\/\/promis.ro\/ro\/wp-json\/wp\/v2\/product_cat?post=213021"},{"taxonomy":"product_tag","embeddable":true,"href":"https:\/\/promis.ro\/ro\/wp-json\/wp\/v2\/product_tag?post=213021"}],"curies":[{"name":"wp","href":"https:\/\/api.w.org\/{rel}","templated":true}]}}