{"id":213027,"date":"2025-11-15T00:55:03","date_gmt":"2025-11-15T00:55:03","guid":{"rendered":"https:\/\/promis.ro\/product\/patrol-softshell-jacket\/"},"modified":"2025-11-15T06:36:20","modified_gmt":"2025-11-15T06:36:20","slug":"patrol-softshell-jacket","status":"publish","type":"product","link":"https:\/\/promis.ro\/ro\/produs\/patrol-softshell-jacket\/","title":{"rendered":"Patrol Softshell Jacket"},"content":{"rendered":"<p><strong>Specifica\u021bii:<\/strong><\/p>\n<ul>\n<li>240 g\/m\u00b2<\/li>\n<li>100% poliester cu \u00eentindere mecanic\u0103<\/li>\n<li>\u00cen interiorul legat cu tricoul singur<\/li>\n<li>Rezistent la ap\u0103 (10.000 mm) \u0219i respirabil (3.000 g\/m\u00b2 \u00een 24 de ore)<\/li>\n<li>Capot\u0103 articulat\u0103 cu furtun deta\u0219abil\u0103 reglabil\u0103 cu \u0219iret<\/li>\n<li>Impermeabil cu fermoar<\/li>\n<li>Buzunare \u00een piept cu buzunare \u0219i buzunare laterale cu c\u0103ptu\u0219eal\u0103 din buzunar tricotat<\/li>\n<li>Articula\u021bii articulate de ac\u021biune<\/li>\n<li>Mansete \u0219i tifon reglabile<\/li>\n<li>Sc\u0103dit \u00eenapoi<\/li>\n<li>Cus\u0103turi sigilate<\/li>\n<\/ul>","protected":false},"excerpt":{"rendered":"<p>Specifica\u021bii: 240 g\/m\u00b2 100% poliester cu \u00eentindere mecanic\u0103 \u00cen interiorul legat cu tricoul singur Rezistent la ap\u0103 (10.000 mm) \u0219i<\/p>","protected":false},"featured_media":213022,"comment_status":"open","ping_status":"closed","template":"","meta":[],"product_brand":[],"product_cat":[193],"product_tag":[],"class_list":{"0":"post-213027","1":"product","2":"type-product","3":"status-publish","4":"has-post-thumbnail","6":"product_cat-ploaie-si-frig","8":"first","9":"instock","10":"shipping-taxable","11":"purchasable","12":"product-type-variable"},"_links":{"self":[{"href":"https:\/\/promis.ro\/ro\/wp-json\/wp\/v2\/product\/213027","targetHints":{"allow":["GET"]}}],"collection":[{"href":"https:\/\/promis.ro\/ro\/wp-json\/wp\/v2\/product"}],"about":[{"href":"https:\/\/promis.ro\/ro\/wp-json\/wp\/v2\/types\/product"}],"replies":[{"embeddable":true,"href":"https:\/\/promis.ro\/ro\/wp-json\/wp\/v2\/comments?post=213027"}],"version-history":[{"count":1,"href":"https:\/\/promis.ro\/ro\/wp-json\/wp\/v2\/product\/213027\/revisions"}],"predecessor-version":[{"id":263128,"href":"https:\/\/promis.ro\/ro\/wp-json\/wp\/v2\/product\/213027\/revisions\/263128"}],"wp:featuredmedia":[{"embeddable":true,"href":"https:\/\/promis.ro\/ro\/wp-json\/wp\/v2\/media\/213022"}],"wp:attachment":[{"href":"https:\/\/promis.ro\/ro\/wp-json\/wp\/v2\/media?parent=213027"}],"wp:term":[{"taxonomy":"product_brand","embeddable":true,"href":"https:\/\/promis.ro\/ro\/wp-json\/wp\/v2\/product_brand?post=213027"},{"taxonomy":"product_cat","embeddable":true,"href":"https:\/\/promis.ro\/ro\/wp-json\/wp\/v2\/product_cat?post=213027"},{"taxonomy":"product_tag","embeddable":true,"href":"https:\/\/promis.ro\/ro\/wp-json\/wp\/v2\/product_tag?post=213027"}],"curies":[{"name":"wp","href":"https:\/\/api.w.org\/{rel}","templated":true}]}}