{"id":213033,"date":"2025-11-15T00:55:11","date_gmt":"2025-11-15T00:55:11","guid":{"rendered":"https:\/\/promis.ro\/product\/womens-nautilus-thermal-jacket\/"},"modified":"2025-11-15T06:36:13","modified_gmt":"2025-11-15T06:36:13","slug":"womens-nautilus-thermal-jacket","status":"publish","type":"product","link":"https:\/\/promis.ro\/ro\/produs\/womens-nautilus-thermal-jacket\/","title":{"rendered":"Women&#8217;s Nautilus Thermal Jacket"},"content":{"rendered":"<p>\u00b778 g\/m\u00b2<br \/>\u00b7100% poliester (Pongee)<br \/>\u00b7Carcas\u0103 matlasat\u0103 cu c\u0103ptu\u0219eal\u0103 ultra-moale<br \/>\u00b7Protec\u021bie la du\u0219 (600 mm) \u0219i respirabil\u0103 (1.000 g\/m\u00b2)<br \/>\u00b7Zip complet cu furtun\u0103 interioar\u0103 \u0219i bar\u0103 de protec\u021bie pentru b\u0103rba\u021bi<br \/>\u00b7Buzunare cu buzunare<br \/>\u00b7Mansete elasticiate<br \/>\u00b7Tunere reglabil\u0103<br \/>\u00b7Form\u0103 \u00een form\u0103.<\/p>","protected":false},"excerpt":{"rendered":"<p>\u00b778 g\/m\u00b2\u00b7100% poliester (Pongee)\u00b7Carcas\u0103 matlasat\u0103 cu c\u0103ptu\u0219eal\u0103 ultra-moale\u00b7Protec\u021bie la du\u0219 (600 mm) \u0219i respirabil\u0103 (1.000 g\/m\u00b2)\u00b7Zip complet cu furtun\u0103 interioar\u0103<\/p>","protected":false},"featured_media":213028,"comment_status":"open","ping_status":"closed","template":"","meta":[],"product_brand":[],"product_cat":[193],"product_tag":[],"class_list":{"0":"post-213033","1":"product","2":"type-product","3":"status-publish","4":"has-post-thumbnail","6":"product_cat-ploaie-si-frig","8":"first","9":"instock","10":"shipping-taxable","11":"purchasable","12":"product-type-variable"},"_links":{"self":[{"href":"https:\/\/promis.ro\/ro\/wp-json\/wp\/v2\/product\/213033","targetHints":{"allow":["GET"]}}],"collection":[{"href":"https:\/\/promis.ro\/ro\/wp-json\/wp\/v2\/product"}],"about":[{"href":"https:\/\/promis.ro\/ro\/wp-json\/wp\/v2\/types\/product"}],"replies":[{"embeddable":true,"href":"https:\/\/promis.ro\/ro\/wp-json\/wp\/v2\/comments?post=213033"}],"version-history":[{"count":1,"href":"https:\/\/promis.ro\/ro\/wp-json\/wp\/v2\/product\/213033\/revisions"}],"predecessor-version":[{"id":263119,"href":"https:\/\/promis.ro\/ro\/wp-json\/wp\/v2\/product\/213033\/revisions\/263119"}],"wp:featuredmedia":[{"embeddable":true,"href":"https:\/\/promis.ro\/ro\/wp-json\/wp\/v2\/media\/213028"}],"wp:attachment":[{"href":"https:\/\/promis.ro\/ro\/wp-json\/wp\/v2\/media?parent=213033"}],"wp:term":[{"taxonomy":"product_brand","embeddable":true,"href":"https:\/\/promis.ro\/ro\/wp-json\/wp\/v2\/product_brand?post=213033"},{"taxonomy":"product_cat","embeddable":true,"href":"https:\/\/promis.ro\/ro\/wp-json\/wp\/v2\/product_cat?post=213033"},{"taxonomy":"product_tag","embeddable":true,"href":"https:\/\/promis.ro\/ro\/wp-json\/wp\/v2\/product_tag?post=213033"}],"curies":[{"name":"wp","href":"https:\/\/api.w.org\/{rel}","templated":true}]}}