{"id":213039,"date":"2025-11-15T00:55:18","date_gmt":"2025-11-15T00:55:18","guid":{"rendered":"https:\/\/promis.ro\/product\/windproof-bodywarmer\/"},"modified":"2025-11-15T06:36:13","modified_gmt":"2025-11-15T06:36:13","slug":"windproof-bodywarmer","status":"publish","type":"product","link":"https:\/\/promis.ro\/ro\/produs\/windproof-bodywarmer\/","title":{"rendered":"Windproof Bodywarmer"},"content":{"rendered":"<p>\u00b7La exterior: 100% poliester microfibre<\/p>\n<p>\u00b7C\u0103ptu\u015feala interioar\u0103: 100% poliester de tip polar<\/p>\n<p>\u00b7C\u0103ptu\u015feal\u0103: 100% poliester<\/p>\n<p>\u00b7gluga se poate ascunde \u00een guler<\/p>\n<p>\u00b7vesta matlasat\u0103<\/p>\n<p>\u00b7dou\u0103 buzunare laterale \u015fi un buzunar pe piept \u00eenchis cu fermoar<\/p>\n<p>\u00b7man\u015fete \u015fi partea inferioar\u0103 sunt reglabile cu ajutorul unui \u015fnur cu stopere<\/p>\n<p>\u00b7posibilitatea de amplasare a unor decora\u0163ii pe piept, \u00een partea st\u00e2ng\u0103 \u015fi pe spate<\/p>","protected":false},"excerpt":{"rendered":"<p>\u00b7La exterior: 100% poliester microfibre \u00b7C\u0103ptu\u015feala interioar\u0103: 100% poliester de tip polar \u00b7C\u0103ptu\u015feal\u0103: 100% poliester \u00b7gluga se poate ascunde \u00een<\/p>","protected":false},"featured_media":213034,"comment_status":"open","ping_status":"closed","template":"","meta":[],"product_brand":[],"product_cat":[193],"product_tag":[],"class_list":{"0":"post-213039","1":"product","2":"type-product","3":"status-publish","4":"has-post-thumbnail","6":"product_cat-ploaie-si-frig","8":"first","9":"instock","10":"shipping-taxable","11":"purchasable","12":"product-type-variable"},"_links":{"self":[{"href":"https:\/\/promis.ro\/ro\/wp-json\/wp\/v2\/product\/213039","targetHints":{"allow":["GET"]}}],"collection":[{"href":"https:\/\/promis.ro\/ro\/wp-json\/wp\/v2\/product"}],"about":[{"href":"https:\/\/promis.ro\/ro\/wp-json\/wp\/v2\/types\/product"}],"replies":[{"embeddable":true,"href":"https:\/\/promis.ro\/ro\/wp-json\/wp\/v2\/comments?post=213039"}],"version-history":[{"count":1,"href":"https:\/\/promis.ro\/ro\/wp-json\/wp\/v2\/product\/213039\/revisions"}],"predecessor-version":[{"id":263120,"href":"https:\/\/promis.ro\/ro\/wp-json\/wp\/v2\/product\/213039\/revisions\/263120"}],"wp:featuredmedia":[{"embeddable":true,"href":"https:\/\/promis.ro\/ro\/wp-json\/wp\/v2\/media\/213034"}],"wp:attachment":[{"href":"https:\/\/promis.ro\/ro\/wp-json\/wp\/v2\/media?parent=213039"}],"wp:term":[{"taxonomy":"product_brand","embeddable":true,"href":"https:\/\/promis.ro\/ro\/wp-json\/wp\/v2\/product_brand?post=213039"},{"taxonomy":"product_cat","embeddable":true,"href":"https:\/\/promis.ro\/ro\/wp-json\/wp\/v2\/product_cat?post=213039"},{"taxonomy":"product_tag","embeddable":true,"href":"https:\/\/promis.ro\/ro\/wp-json\/wp\/v2\/product_tag?post=213039"}],"curies":[{"name":"wp","href":"https:\/\/api.w.org\/{rel}","templated":true}]}}